{"id":18870,"date":"2023-12-20T08:36:53","date_gmt":"2023-12-20T08:36:53","guid":{"rendered":"https:\/\/drinkizz.com\/cham-soc-nang-luong-doanh-nghiep-drinkizz\/"},"modified":"2024-01-25T08:05:15","modified_gmt":"2024-01-25T08:05:15","slug":"cham-soc-nang-luong-doanh-nghiep-drinkizz","status":"publish","type":"page","link":"https:\/\/drinkizz.com\/vi\/cham-soc-nang-luong-doanh-nghiep-drinkizz\/","title":{"rendered":"Ch\u0103m s\u00f3c n\u0103ng l\u01b0\u1ee3ng doanh nghi\u1ec7p Drinkizz"},"content":{"rendered":"\t\t<div data-elementor-type=\"wp-page\" data-elementor-id=\"18870\" class=\"elementor elementor-18870\" data-elementor-settings=\"[]\">\n\t\t\t\t\t\t<div class=\"elementor-inner\">\n\t\t\t\t\t\t\t<div class=\"elementor-section-wrap\">\n\t\t\t\t\t\t\t<section class=\"elementor-section elementor-top-section elementor-element elementor-element-8cc958c elementor-section-boxed elementor-section-height-default elementor-section-height-default\" data-id=\"8cc958c\" data-element_type=\"section\">\n\t\t\t\t\t\t<div class=\"elementor-container elementor-column-gap-default\">\n\t\t\t\t\t\t\t<div class=\"elementor-row\">\n\t\t\t\t\t<div class=\"elementor-column elementor-col-100 elementor-top-column elementor-element elementor-element-5929d51\" data-id=\"5929d51\" data-element_type=\"column\">\n\t\t\t<div class=\"elementor-column-wrap elementor-element-populated\">\n\t\t\t\t\t\t\t<div class=\"elementor-widget-wrap\">\n\t\t\t\t\t\t<div class=\"elementor-element elementor-element-5fd567a elementor-widget elementor-widget-heading\" data-id=\"5fd567a\" data-element_type=\"widget\" id=\"Drinkizz_tit\" data-widget_type=\"heading.default\">\n\t\t\t\t<div class=\"elementor-widget-container\">\n\t\t\t<h1 class=\"elementor-heading-title elementor-size-default\">Ch\u0103m s\u00f3c n\u0103ng l\u01b0\u1ee3ng doanh nghi\u1ec7p Drinkizz<\/h1>\t\t<\/div>\n\t\t\t\t<\/div>\n\t\t\t\t\t\t<\/div>\n\t\t\t\t\t<\/div>\n\t\t<\/div>\n\t\t\t\t\t\t\t\t<\/div>\n\t\t\t\t\t<\/div>\n\t\t<\/section>\n\t\t\t\t<section class=\"elementor-section elementor-top-section elementor-element elementor-element-59650c6 elementor-section-boxed elementor-section-height-default elementor-section-height-default\" data-id=\"59650c6\" data-element_type=\"section\">\n\t\t\t\t\t\t<div class=\"elementor-container elementor-column-gap-default\">\n\t\t\t\t\t\t\t<div class=\"elementor-row\">\n\t\t\t\t\t<div class=\"elementor-column elementor-col-100 elementor-top-column elementor-element elementor-element-c44ab3c\" data-id=\"c44ab3c\" data-element_type=\"column\">\n\t\t\t<div class=\"elementor-column-wrap elementor-element-populated\">\n\t\t\t\t\t\t\t<div class=\"elementor-widget-wrap\">\n\t\t\t\t\t\t<div class=\"elementor-element elementor-element-89b0986 elementor-widget elementor-widget-image\" data-id=\"89b0986\" data-element_type=\"widget\" data-widget_type=\"image.default\">\n\t\t\t\t<div class=\"elementor-widget-container\">\n\t\t\t\t\t\t\t\t<div class=\"elementor-image\">\n\t\t\t\t\t\t\t\t\t\t\t\t<img loading=\"lazy\" decoding=\"async\" width=\"1422\" height=\"796\" src=\"https:\/\/drinkizz.com\/wp-content\/uploads\/2023\/12\/2-1-1.png\" class=\"attachment-full size-full\" alt=\"\" srcset=\"https:\/\/drinkizz.com\/wp-content\/uploads\/2023\/12\/2-1-1.png 1422w, https:\/\/drinkizz.com\/wp-content\/uploads\/2023\/12\/2-1-1-300x168.png 300w, https:\/\/drinkizz.com\/wp-content\/uploads\/2023\/12\/2-1-1-1024x573.png 1024w, https:\/\/drinkizz.com\/wp-content\/uploads\/2023\/12\/2-1-1-150x84.png 150w, https:\/\/drinkizz.com\/wp-content\/uploads\/2023\/12\/2-1-1-768x430.png 768w, https:\/\/drinkizz.com\/wp-content\/uploads\/2023\/12\/2-1-1-179x100.png 179w, https:\/\/drinkizz.com\/wp-content\/uploads\/2023\/12\/2-1-1-143x80.png 143w, https:\/\/drinkizz.com\/wp-content\/uploads\/2023\/12\/2-1-1-394x221.png 394w, https:\/\/drinkizz.com\/wp-content\/uploads\/2023\/12\/2-1-1-915x512.png 915w, https:\/\/drinkizz.com\/wp-content\/uploads\/2023\/12\/2-1-1-1240x694.png 1240w, https:\/\/drinkizz.com\/wp-content\/uploads\/2023\/12\/2-1-1-600x336.png 600w\" sizes=\"(max-width: 1422px) 100vw, 1422px\" \/>\t\t\t\t\t\t\t\t\t\t\t\t\t\t<\/div>\n\t\t\t\t\t\t<\/div>\n\t\t\t\t<\/div>\n\t\t\t\t\t\t<\/div>\n\t\t\t\t\t<\/div>\n\t\t<\/div>\n\t\t\t\t\t\t\t\t<\/div>\n\t\t\t\t\t<\/div>\n\t\t<\/section>\n\t\t\t\t<section class=\"elementor-section elementor-top-section elementor-element elementor-element-730b9bf elementor-section-boxed elementor-section-height-default elementor-section-height-default\" data-id=\"730b9bf\" data-element_type=\"section\">\n\t\t\t\t\t\t<div class=\"elementor-container elementor-column-gap-default\">\n\t\t\t\t\t\t\t<div class=\"elementor-row\">\n\t\t\t\t\t<div class=\"elementor-column elementor-col-100 elementor-top-column elementor-element elementor-element-4fa63a0\" data-id=\"4fa63a0\" data-element_type=\"column\">\n\t\t\t<div class=\"elementor-column-wrap elementor-element-populated\">\n\t\t\t\t\t\t\t<div class=\"elementor-widget-wrap\">\n\t\t\t\t\t\t<section class=\"elementor-section elementor-inner-section elementor-element elementor-element-07de264 elementor-section-boxed elementor-section-height-default elementor-section-height-default\" data-id=\"07de264\" data-element_type=\"section\">\n\t\t\t\t\t\t<div class=\"elementor-container elementor-column-gap-default\">\n\t\t\t\t\t\t\t<div class=\"elementor-row\">\n\t\t\t\t\t<div class=\"elementor-column elementor-col-50 elementor-inner-column elementor-element elementor-element-bb23cc0\" data-id=\"bb23cc0\" data-element_type=\"column\">\n\t\t\t<div class=\"elementor-column-wrap elementor-element-populated\">\n\t\t\t\t\t\t\t<div class=\"elementor-widget-wrap\">\n\t\t\t\t\t\t<div class=\"elementor-element elementor-element-2002553 elementor-widget elementor-widget-image\" data-id=\"2002553\" data-element_type=\"widget\" data-widget_type=\"image.default\">\n\t\t\t\t<div class=\"elementor-widget-container\">\n\t\t\t\t\t\t\t\t<div class=\"elementor-image\">\n\t\t\t\t\t\t\t\t\t\t\t\t\t<a href=\"https:\/\/drinkizz.com\/download\/18802\/?tmstv=1702891516\">\n\t\t\t\t\t\t\t<img loading=\"lazy\" decoding=\"async\" width=\"553\" height=\"152\" src=\"https:\/\/drinkizz.com\/wp-content\/uploads\/2023\/12\/Drinkiz_download.png\" class=\"attachment-large size-large\" alt=\"\" srcset=\"https:\/\/drinkizz.com\/wp-content\/uploads\/2023\/12\/Drinkiz_download.png 553w, https:\/\/drinkizz.com\/wp-content\/uploads\/2023\/12\/Drinkiz_download-300x82.png 300w, https:\/\/drinkizz.com\/wp-content\/uploads\/2023\/12\/Drinkiz_download-150x41.png 150w, https:\/\/drinkizz.com\/wp-content\/uploads\/2023\/12\/Drinkiz_download-364x100.png 364w, https:\/\/drinkizz.com\/wp-content\/uploads\/2023\/12\/Drinkiz_download-291x80.png 291w, https:\/\/drinkizz.com\/wp-content\/uploads\/2023\/12\/Drinkiz_download-394x108.png 394w\" sizes=\"(max-width: 553px) 100vw, 553px\" \/>\t\t\t\t\t\t\t\t<\/a>\n\t\t\t\t\t\t\t\t\t\t\t\t\t\t<\/div>\n\t\t\t\t\t\t<\/div>\n\t\t\t\t<\/div>\n\t\t\t\t\t\t<\/div>\n\t\t\t\t\t<\/div>\n\t\t<\/div>\n\t\t\t\t<div class=\"elementor-column elementor-col-50 elementor-inner-column elementor-element elementor-element-e0fbcbc\" data-id=\"e0fbcbc\" data-element_type=\"column\">\n\t\t\t<div class=\"elementor-column-wrap elementor-element-populated\">\n\t\t\t\t\t\t\t<div class=\"elementor-widget-wrap\">\n\t\t\t\t\t\t<div class=\"elementor-element elementor-element-5b60660 elementor-widget elementor-widget-text-editor\" data-id=\"5b60660\" data-element_type=\"widget\" id=\"Drink_para\" data-widget_type=\"text-editor.default\">\n\t\t\t\t<div class=\"elementor-widget-container\">\n\t\t\t\t\t\t\t\t<div class=\"elementor-text-editor elementor-clearfix\">\n\t\t\t\t<p>Ch\u01b0\u01a1ng tr\u00ecnh Ch\u0103m s\u00f3c n\u0103ng l\u01b0\u1ee3ng c\u00f4ng ty c\u1ee7a Drinkizz (DEEC) nh\u1eb1m m\u1ee5c \u0111\u00edch n\u00e2ng cao n\u0103ng su\u1ea5t v\u00e0 s\u1ef1 thu h\u00fat t\u1ea1i n\u01a1i l\u00e0m vi\u1ec7c b\u1eb1ng c\u00e1ch t\u1eadp trung v\u00e0o s\u1ee9c kh\u1ecfe th\u1ec3 ch\u1ea5t v\u00e0 t\u00e2m tr\u00ed c\u1ee7a nh\u00e2n vi\u00ean. DEEC cung c\u1ea5p gi\u1ea3i ph\u00e1p t\u00edch h\u1ee3p 100% th\u00e0nh ph\u1ea7n h\u1eefu c\u01a1, \u0111\u1ea3m b\u1ea3o ki\u1ec3m so\u00e1t ch\u1ea5t l\u01b0\u1ee3ng v\u00e0 truy xu\u1ea5t ngu\u1ed3n g\u1ed1c. C\u00e1c l\u1ee3i \u00edch ch\u00ednh bao g\u1ed3m c\u1ea3i thi\u1ec7n s\u1ef1 t\u1ec9nh t\u00e1o, gi\u1ea3m c\u0103ng th\u1eb3ng, t\u0103ng chuy\u1ec3n h\u00f3a n\u0103ng l\u01b0\u1ee3ng v\u00e0 h\u1ed7 tr\u1ee3 \u0111\u1ed9 \u0111\u00e0n h\u1ed3i c\u1ee7a da v\u00e0 ph\u1ee5c h\u1ed3i c\u01a1 b\u1eafp. Ch\u01b0\u01a1ng tr\u00ecnh nh\u1ea5n m\u1ea1nh t\u1ea7m quan tr\u1ecdng c\u1ee7a dinh d\u01b0\u1ee1ng h\u1ee3p l\u00fd \u0111\u1ec3 t\u0103ng n\u0103ng su\u1ea5t, cung c\u1ea5p c\u00e1c l\u1ef1a ch\u1ecdn thay th\u1ebf b\u00e0ng \u0111\u1ed3 u\u1ed1ng l\u00e0nh m\u1ea1nh h\u01a1n v\u00e0 n\u0103ng l\u01b0\u1ee3ng b\u1ec1n v\u1eefng. DEEC c\u0169ng gi\u1ea3i quy\u1ebft c\u00e1c th\u00e1ch th\u1ee9c t\u1ea1i n\u01a1i l\u00e0m vi\u1ec7c nh\u01b0 thi\u1ebfu n\u0103ng su\u1ea5t v\u00e0 s\u1ef1 thu hut, cung c\u1ea5p c\u00e1c gi\u1ea3i ph\u00e1p nh\u01b0 n\u1ed9i dung tr\u1ef1c tuy\u1ebfn, kh\u1ea3o s\u00e1t m\u1ee9c \u0111\u1ed9 h\u00e0i l\u00f2ng v\u00e0 c\u00e1c workshop t\u01b0\u01a1ng t\u00e1c \u0111\u1ec3 th\u00fac \u0111\u1ea9y m\u00f4i tr\u01b0\u1eddng l\u00e0m vi\u1ec7c t\u00edch c\u1ef1c. S\u00e1ng ki\u1ebfn n\u00e0y \u0111\u01b0\u1ee3c thi\u1ebft k\u1ebf kh\u00f4ng ch\u1ec9 v\u00ec l\u1ee3i \u00edch c\u1ee7a nh\u00e2n vi\u00ean m\u00e0 c\u00f2n l\u00e0 m\u1ed9t kho\u1ea3n \u0111\u1ea7u t\u01b0 chi\u1ebfn l\u01b0\u1ee3c cho t\u01b0\u01a1ng lai c\u1ee7a doanh nghi\u1ec7p.<\/p>\t\t\t\t\t<\/div>\n\t\t\t\t\t\t<\/div>\n\t\t\t\t<\/div>\n\t\t\t\t\t\t<\/div>\n\t\t\t\t\t<\/div>\n\t\t<\/div>\n\t\t\t\t\t\t\t\t<\/div>\n\t\t\t\t\t<\/div>\n\t\t<\/section>\n\t\t\t\t<div class=\"elementor-element elementor-element-c8a98b9 elementor-widget elementor-widget-text-editor\" data-id=\"c8a98b9\" data-element_type=\"widget\" id=\"Drink_call\" data-widget_type=\"text-editor.default\">\n\t\t\t\t<div class=\"elementor-widget-container\">\n\t\t\t\t\t\t\t\t<div class=\"elementor-text-editor elementor-clearfix\">\n\t\t\t\t<h4><strong>C\u1ea7n gi\u00fap \u0111\u1ee1 \u0111\u1ec3 h\u1ed7 tr\u1ee3 qu\u00e1 tr\u00ecnh \u0111\u1eb7t h\u00e0ng tr\u1ef1c tuy\u1ebfn c\u1ee7a b\u1ea1n xin vui l\u00f2ng\u00a0<a href=\"#elementor-action%3Aaction%3Dpopup%3Aopen%26settings%3DeyJpZCI6IjE4NzMyIiwidG9nZ2xlIjpmYWxzZX0%3D\">li\u00ean h\u1ec7 v\u1edbi ch\u00fang t\u00f4i <\/a> \u00a0ho\u1eb7c\u00a0<a href=\"#elementor-action%3Aaction%3Dpopup%3Aopen%26settings%3DeyJpZCI6IjE4NzYxIiwidG9nZ2xlIjpmYWxzZX0%3D\">g\u1ecdi cho ch\u00fang t\u00f4i<\/a>.<\/strong><\/h4>\n\t\t\t\t\t<\/div>\n\t\t\t\t\t\t<\/div>\n\t\t\t\t<\/div>\n\t\t\t\t\t\t<\/div>\n\t\t\t\t\t<\/div>\n\t\t<\/div>\n\t\t\t\t\t\t\t\t<\/div>\n\t\t\t\t\t<\/div>\n\t\t<\/section>\n\t\t\t\t\t\t<\/div>\n\t\t\t\t\t\t<\/div>\n\t\t\t\t\t<\/div>\n\t\t","protected":false},"excerpt":{"rendered":"<p>Ch\u0103m s\u00f3c n\u0103ng l\u01b0\u1ee3ng doanh nghi\u1ec7p Drinkizz Ch\u01b0\u01a1ng tr\u00ecnh Ch\u0103m s\u00f3c n\u0103ng l\u01b0\u1ee3ng c\u00f4ng ty c\u1ee7a Drinkizz (DEEC) nh\u1eb1m m\u1ee5c \u0111\u00edch n\u00e2ng cao n\u0103ng su\u1ea5t v\u00e0 s\u1ef1 thu h\u00fat t\u1ea1i n\u01a1i l\u00e0m vi\u1ec7c b\u1eb1ng c\u00e1ch t\u1eadp trung v\u00e0o s\u1ee9c kh\u1ecfe &hellip; <a href=\"\">Read More<\/a><\/p>\n","protected":false},"author":31,"featured_media":9220,"parent":0,"menu_order":0,"comment_status":"closed","ping_status":"closed","template":"","meta":{"footnotes":""},"yoast_head":"<!-- This site is optimized with the Yoast SEO plugin v17.0 - https:\/\/yoast.com\/wordpress\/plugins\/seo\/ -->\n<title>Ch\u0103m s\u00f3c n\u0103ng l\u01b0\u1ee3ng doanh nghi\u1ec7p Drinkizz - Drinkizz<\/title>\n<meta name=\"description\" content=\"\u0110\u01b0\u1ee3c th\u00e0nh l\u1eadp v\u00e0o n\u0103m 2019, Drinkizz l\u00e0 c\u00f4ng ty t\u01b0 nh\u00e2n, c\u00f3 tr\u1ee5 s\u1edf ch\u00ednh t\u1ea1i Singapore. Ch\u00fang t\u00f4i l\u00e0 m\u1ed9t c\u00f4ng ty s\u00e1ng t\u1ea1o cung c\u1ea5p cho th\u1ecb tr\u01b0\u1eddng th\u1ee9c u\u1ed1ng N\u0103ng l\u01b0\u1ee3ng t\u1ef1 nhi\u00ean h\u1eefu c\u01a1 (O.N.E) \u0111\u1ea7u ti\u00ean tr\u00ean th\u1ebf gi\u1edbi.\" \/>\n<meta name=\"robots\" content=\"noindex, nofollow\" \/>\n<meta property=\"og:locale\" content=\"vi_VN\" \/>\n<meta property=\"og:type\" content=\"article\" \/>\n<meta property=\"og:title\" content=\"Ch\u0103m s\u00f3c n\u0103ng l\u01b0\u1ee3ng doanh nghi\u1ec7p Drinkizz - Drinkizz\" \/>\n<meta property=\"og:description\" content=\"\u0110\u01b0\u1ee3c th\u00e0nh l\u1eadp v\u00e0o n\u0103m 2019, Drinkizz l\u00e0 c\u00f4ng ty t\u01b0 nh\u00e2n, c\u00f3 tr\u1ee5 s\u1edf ch\u00ednh t\u1ea1i Singapore. Ch\u00fang t\u00f4i l\u00e0 m\u1ed9t c\u00f4ng ty s\u00e1ng t\u1ea1o cung c\u1ea5p cho th\u1ecb tr\u01b0\u1eddng th\u1ee9c u\u1ed1ng N\u0103ng l\u01b0\u1ee3ng t\u1ef1 nhi\u00ean h\u1eefu c\u01a1 (O.N.E) \u0111\u1ea7u ti\u00ean tr\u00ean th\u1ebf gi\u1edbi.\" \/>\n<meta property=\"og:url\" content=\"https:\/\/drinkizz.com\/vi\/cham-soc-nang-luong-doanh-nghiep-drinkizz\/\" \/>\n<meta property=\"og:site_name\" content=\"Drinkizz\" \/>\n<meta property=\"article:publisher\" content=\"https:\/\/www.facebook.com\/drinkizz\/\" \/>\n<meta property=\"article:modified_time\" content=\"2024-01-25T08:05:15+00:00\" \/>\n<meta property=\"og:image\" content=\"https:\/\/drinkizz.com\/wp-content\/uploads\/2021\/12\/CAT-AVATAR-6-1024x1024.png\" \/>\n\t<meta property=\"og:image:width\" content=\"1024\" \/>\n\t<meta property=\"og:image:height\" content=\"1024\" \/>\n<meta name=\"twitter:card\" content=\"summary_large_image\" \/>\n<meta name=\"twitter:site\" content=\"@drinkizzorganic\" \/>\n<meta name=\"twitter:label1\" content=\"Est. reading time\" \/>\n\t<meta name=\"twitter:data1\" content=\"2 minutes\" \/>\n<script type=\"application\/ld+json\" class=\"yoast-schema-graph\">{\"@context\":\"https:\/\/schema.org\",\"@graph\":[{\"@type\":\"Organization\",\"@id\":\"https:\/\/drinkizz.com\/vi\/#organization\",\"name\":\"Drinkizz\",\"url\":\"https:\/\/drinkizz.com\/vi\/\",\"sameAs\":[\"https:\/\/www.facebook.com\/drinkizz\/\",\"https:\/\/www.instagram.com\/drinkizz_one\/\",\"https:\/\/www.linkedin.com\/company\/drinkizz\/\",\"https:\/\/www.youtube.com\/channel\/UC3t0_ox_a4dlFBwu-Kiw4Ew\",\"https:\/\/twitter.com\/drinkizzorganic\"],\"logo\":{\"@type\":\"ImageObject\",\"@id\":\"https:\/\/drinkizz.com\/vi\/#logo\",\"inLanguage\":\"vi-VN\",\"url\":\"https:\/\/drinkizz.com\/wp-content\/uploads\/2020\/02\/LOGO_DRINKIZZ_DARK_20201218-scaled.jpg\",\"contentUrl\":\"https:\/\/drinkizz.com\/wp-content\/uploads\/2020\/02\/LOGO_DRINKIZZ_DARK_20201218-scaled.jpg\",\"width\":1920,\"height\":1358,\"caption\":\"Drinkizz\"},\"image\":{\"@id\":\"https:\/\/drinkizz.com\/vi\/#logo\"}},{\"@type\":\"WebSite\",\"@id\":\"https:\/\/drinkizz.com\/vi\/#website\",\"url\":\"https:\/\/drinkizz.com\/vi\/\",\"name\":\"Drinkizz\",\"description\":\"Kiss your Energy\",\"publisher\":{\"@id\":\"https:\/\/drinkizz.com\/vi\/#organization\"},\"potentialAction\":[{\"@type\":\"SearchAction\",\"target\":{\"@type\":\"EntryPoint\",\"urlTemplate\":\"https:\/\/drinkizz.com\/vi\/?s={search_term_string}\"},\"query-input\":\"required name=search_term_string\"}],\"inLanguage\":\"vi-VN\"},{\"@type\":\"ImageObject\",\"@id\":\"https:\/\/drinkizz.com\/vi\/cham-soc-nang-luong-doanh-nghiep-drinkizz\/#primaryimage\",\"inLanguage\":\"vi-VN\",\"url\":\"https:\/\/drinkizz.com\/wp-content\/uploads\/2021\/12\/CAT-AVATAR-6.png\",\"contentUrl\":\"https:\/\/drinkizz.com\/wp-content\/uploads\/2021\/12\/CAT-AVATAR-6.png\",\"width\":1080,\"height\":1080},{\"@type\":[\"WebPage\",\"FAQPage\"],\"@id\":\"https:\/\/drinkizz.com\/vi\/cham-soc-nang-luong-doanh-nghiep-drinkizz\/#webpage\",\"url\":\"https:\/\/drinkizz.com\/vi\/cham-soc-nang-luong-doanh-nghiep-drinkizz\/\",\"name\":\"Ch\\u0103m s\\u00f3c n\\u0103ng l\\u01b0\\u1ee3ng doanh nghi\\u1ec7p Drinkizz - Drinkizz\",\"isPartOf\":{\"@id\":\"https:\/\/drinkizz.com\/vi\/#website\"},\"primaryImageOfPage\":{\"@id\":\"https:\/\/drinkizz.com\/vi\/cham-soc-nang-luong-doanh-nghiep-drinkizz\/#primaryimage\"},\"datePublished\":\"2023-12-20T08:36:53+00:00\",\"dateModified\":\"2024-01-25T08:05:15+00:00\",\"description\":\"\\u0110\\u01b0\\u1ee3c th\\u00e0nh l\\u1eadp v\\u00e0o n\\u0103m 2019, Drinkizz l\\u00e0 c\\u00f4ng ty t\\u01b0 nh\\u00e2n, c\\u00f3 tr\\u1ee5 s\\u1edf ch\\u00ednh t\\u1ea1i Singapore. Ch\\u00fang t\\u00f4i l\\u00e0 m\\u1ed9t c\\u00f4ng ty s\\u00e1ng t\\u1ea1o cung c\\u1ea5p cho th\\u1ecb tr\\u01b0\\u1eddng th\\u1ee9c u\\u1ed1ng N\\u0103ng l\\u01b0\\u1ee3ng t\\u1ef1 nhi\\u00ean h\\u1eefu c\\u01a1 (O.N.E) \\u0111\\u1ea7u ti\\u00ean tr\\u00ean th\\u1ebf gi\\u1edbi.\",\"breadcrumb\":{\"@id\":\"https:\/\/drinkizz.com\/vi\/cham-soc-nang-luong-doanh-nghiep-drinkizz\/#breadcrumb\"},\"inLanguage\":\"vi-VN\",\"potentialAction\":[{\"@type\":\"ReadAction\",\"target\":[\"https:\/\/drinkizz.com\/vi\/cham-soc-nang-luong-doanh-nghiep-drinkizz\/\"]}]},{\"@type\":\"BreadcrumbList\",\"@id\":\"https:\/\/drinkizz.com\/vi\/cham-soc-nang-luong-doanh-nghiep-drinkizz\/#breadcrumb\",\"itemListElement\":[{\"@type\":\"ListItem\",\"position\":1,\"name\":\"Home\",\"item\":\"https:\/\/drinkizz.com\/vi\/\"},{\"@type\":\"ListItem\",\"position\":2,\"name\":\"Ch\\u0103m s\\u00f3c n\\u0103ng l\\u01b0\\u1ee3ng doanh nghi\\u1ec7p Drinkizz\"}]}]}<\/script>\n<!-- \/ Yoast SEO plugin. -->","yoast_head_json":{"title":"Ch\u0103m s\u00f3c n\u0103ng l\u01b0\u1ee3ng doanh nghi\u1ec7p Drinkizz - Drinkizz","description":"\u0110\u01b0\u1ee3c th\u00e0nh l\u1eadp v\u00e0o n\u0103m 2019, Drinkizz l\u00e0 c\u00f4ng ty t\u01b0 nh\u00e2n, c\u00f3 tr\u1ee5 s\u1edf ch\u00ednh t\u1ea1i Singapore. Ch\u00fang t\u00f4i l\u00e0 m\u1ed9t c\u00f4ng ty s\u00e1ng t\u1ea1o cung c\u1ea5p cho th\u1ecb tr\u01b0\u1eddng th\u1ee9c u\u1ed1ng N\u0103ng l\u01b0\u1ee3ng t\u1ef1 nhi\u00ean h\u1eefu c\u01a1 (O.N.E) \u0111\u1ea7u ti\u00ean tr\u00ean th\u1ebf gi\u1edbi.","robots":{"index":"noindex","follow":"nofollow"},"og_locale":"vi_VN","og_type":"article","og_title":"Ch\u0103m s\u00f3c n\u0103ng l\u01b0\u1ee3ng doanh nghi\u1ec7p Drinkizz - Drinkizz","og_description":"\u0110\u01b0\u1ee3c th\u00e0nh l\u1eadp v\u00e0o n\u0103m 2019, Drinkizz l\u00e0 c\u00f4ng ty t\u01b0 nh\u00e2n, c\u00f3 tr\u1ee5 s\u1edf ch\u00ednh t\u1ea1i Singapore. Ch\u00fang t\u00f4i l\u00e0 m\u1ed9t c\u00f4ng ty s\u00e1ng t\u1ea1o cung c\u1ea5p cho th\u1ecb tr\u01b0\u1eddng th\u1ee9c u\u1ed1ng N\u0103ng l\u01b0\u1ee3ng t\u1ef1 nhi\u00ean h\u1eefu c\u01a1 (O.N.E) \u0111\u1ea7u ti\u00ean tr\u00ean th\u1ebf gi\u1edbi.","og_url":"https:\/\/drinkizz.com\/vi\/cham-soc-nang-luong-doanh-nghiep-drinkizz\/","og_site_name":"Drinkizz","article_publisher":"https:\/\/www.facebook.com\/drinkizz\/","article_modified_time":"2024-01-25T08:05:15+00:00","og_image":[{"width":1024,"height":1024,"path":"2021\/12\/CAT-AVATAR-6-1024x1024.png","url":"https:\/\/drinkizz.com\/wp-content\/uploads\/2021\/12\/CAT-AVATAR-6-1024x1024.png","size":"large","id":9220,"alt":"","pixels":1048576,"type":"image\/png"}],"twitter_card":"summary_large_image","twitter_site":"@drinkizzorganic","twitter_misc":{"Est. reading time":"2 minutes"},"schema":{"@context":"https:\/\/schema.org","@graph":[{"@type":"Organization","@id":"https:\/\/drinkizz.com\/vi\/#organization","name":"Drinkizz","url":"https:\/\/drinkizz.com\/vi\/","sameAs":["https:\/\/www.facebook.com\/drinkizz\/","https:\/\/www.instagram.com\/drinkizz_one\/","https:\/\/www.linkedin.com\/company\/drinkizz\/","https:\/\/www.youtube.com\/channel\/UC3t0_ox_a4dlFBwu-Kiw4Ew","https:\/\/twitter.com\/drinkizzorganic"],"logo":{"@type":"ImageObject","@id":"https:\/\/drinkizz.com\/vi\/#logo","inLanguage":"vi-VN","url":"https:\/\/drinkizz.com\/wp-content\/uploads\/2020\/02\/LOGO_DRINKIZZ_DARK_20201218-scaled.jpg","contentUrl":"https:\/\/drinkizz.com\/wp-content\/uploads\/2020\/02\/LOGO_DRINKIZZ_DARK_20201218-scaled.jpg","width":1920,"height":1358,"caption":"Drinkizz"},"image":{"@id":"https:\/\/drinkizz.com\/vi\/#logo"}},{"@type":"WebSite","@id":"https:\/\/drinkizz.com\/vi\/#website","url":"https:\/\/drinkizz.com\/vi\/","name":"Drinkizz","description":"Kiss your Energy","publisher":{"@id":"https:\/\/drinkizz.com\/vi\/#organization"},"potentialAction":[{"@type":"SearchAction","target":{"@type":"EntryPoint","urlTemplate":"https:\/\/drinkizz.com\/vi\/?s={search_term_string}"},"query-input":"required name=search_term_string"}],"inLanguage":"vi-VN"},{"@type":"ImageObject","@id":"https:\/\/drinkizz.com\/vi\/cham-soc-nang-luong-doanh-nghiep-drinkizz\/#primaryimage","inLanguage":"vi-VN","url":"https:\/\/drinkizz.com\/wp-content\/uploads\/2021\/12\/CAT-AVATAR-6.png","contentUrl":"https:\/\/drinkizz.com\/wp-content\/uploads\/2021\/12\/CAT-AVATAR-6.png","width":1080,"height":1080},{"@type":["WebPage","FAQPage"],"@id":"https:\/\/drinkizz.com\/vi\/cham-soc-nang-luong-doanh-nghiep-drinkizz\/#webpage","url":"https:\/\/drinkizz.com\/vi\/cham-soc-nang-luong-doanh-nghiep-drinkizz\/","name":"Ch\u0103m s\u00f3c n\u0103ng l\u01b0\u1ee3ng doanh nghi\u1ec7p Drinkizz - Drinkizz","isPartOf":{"@id":"https:\/\/drinkizz.com\/vi\/#website"},"primaryImageOfPage":{"@id":"https:\/\/drinkizz.com\/vi\/cham-soc-nang-luong-doanh-nghiep-drinkizz\/#primaryimage"},"datePublished":"2023-12-20T08:36:53+00:00","dateModified":"2024-01-25T08:05:15+00:00","description":"\u0110\u01b0\u1ee3c th\u00e0nh l\u1eadp v\u00e0o n\u0103m 2019, Drinkizz l\u00e0 c\u00f4ng ty t\u01b0 nh\u00e2n, c\u00f3 tr\u1ee5 s\u1edf ch\u00ednh t\u1ea1i Singapore. Ch\u00fang t\u00f4i l\u00e0 m\u1ed9t c\u00f4ng ty s\u00e1ng t\u1ea1o cung c\u1ea5p cho th\u1ecb tr\u01b0\u1eddng th\u1ee9c u\u1ed1ng N\u0103ng l\u01b0\u1ee3ng t\u1ef1 nhi\u00ean h\u1eefu c\u01a1 (O.N.E) \u0111\u1ea7u ti\u00ean tr\u00ean th\u1ebf gi\u1edbi.","breadcrumb":{"@id":"https:\/\/drinkizz.com\/vi\/cham-soc-nang-luong-doanh-nghiep-drinkizz\/#breadcrumb"},"inLanguage":"vi-VN","potentialAction":[{"@type":"ReadAction","target":["https:\/\/drinkizz.com\/vi\/cham-soc-nang-luong-doanh-nghiep-drinkizz\/"]}]},{"@type":"BreadcrumbList","@id":"https:\/\/drinkizz.com\/vi\/cham-soc-nang-luong-doanh-nghiep-drinkizz\/#breadcrumb","itemListElement":[{"@type":"ListItem","position":1,"name":"Home","item":"https:\/\/drinkizz.com\/vi\/"},{"@type":"ListItem","position":2,"name":"Ch\u0103m s\u00f3c n\u0103ng l\u01b0\u1ee3ng doanh nghi\u1ec7p Drinkizz"}]}]}},"_links":{"self":[{"href":"https:\/\/drinkizz.com\/vi\/wp-json\/wp\/v2\/pages\/18870"}],"collection":[{"href":"https:\/\/drinkizz.com\/vi\/wp-json\/wp\/v2\/pages"}],"about":[{"href":"https:\/\/drinkizz.com\/vi\/wp-json\/wp\/v2\/types\/page"}],"author":[{"embeddable":true,"href":"https:\/\/drinkizz.com\/vi\/wp-json\/wp\/v2\/users\/31"}],"replies":[{"embeddable":true,"href":"https:\/\/drinkizz.com\/vi\/wp-json\/wp\/v2\/comments?post=18870"}],"version-history":[{"count":9,"href":"https:\/\/drinkizz.com\/vi\/wp-json\/wp\/v2\/pages\/18870\/revisions"}],"predecessor-version":[{"id":19327,"href":"https:\/\/drinkizz.com\/vi\/wp-json\/wp\/v2\/pages\/18870\/revisions\/19327"}],"wp:featuredmedia":[{"embeddable":true,"href":"https:\/\/drinkizz.com\/vi\/wp-json\/wp\/v2\/media\/9220"}],"wp:attachment":[{"href":"https:\/\/drinkizz.com\/vi\/wp-json\/wp\/v2\/media?parent=18870"}],"curies":[{"name":"wp","href":"https:\/\/api.w.org\/{rel}","templated":true}]}}