{"id":19227,"date":"2024-01-03T03:58:49","date_gmt":"2024-01-03T03:58:49","guid":{"rendered":"https:\/\/drinkizz.com\/phien-dao-tao\/"},"modified":"2024-09-20T03:01:26","modified_gmt":"2024-09-20T03:01:26","slug":"phien-dao-tao","status":"publish","type":"page","link":"https:\/\/drinkizz.com\/vi\/phien-dao-tao\/","title":{"rendered":"Phi\u00ean \u0111\u00e0o t\u1ea1o"},"content":{"rendered":"\t\t<div data-elementor-type=\"wp-page\" data-elementor-id=\"19227\" class=\"elementor elementor-19227\" data-elementor-settings=\"[]\">\n\t\t\t\t\t\t<div class=\"elementor-inner\">\n\t\t\t\t\t\t\t<div class=\"elementor-section-wrap\">\n\t\t\t\t\t\t\t<section class=\"elementor-section elementor-top-section elementor-element elementor-element-8cc958c elementor-section-boxed elementor-section-height-default elementor-section-height-default\" data-id=\"8cc958c\" data-element_type=\"section\">\n\t\t\t\t\t\t<div class=\"elementor-container elementor-column-gap-default\">\n\t\t\t\t\t\t\t<div class=\"elementor-row\">\n\t\t\t\t\t<div class=\"elementor-column elementor-col-100 elementor-top-column elementor-element elementor-element-5929d51\" data-id=\"5929d51\" data-element_type=\"column\">\n\t\t\t<div class=\"elementor-column-wrap elementor-element-populated\">\n\t\t\t\t\t\t\t<div class=\"elementor-widget-wrap\">\n\t\t\t\t\t\t<div class=\"elementor-element elementor-element-5fd567a elementor-widget elementor-widget-heading\" data-id=\"5fd567a\" data-element_type=\"widget\" id=\"Drinkizz_tit\" data-widget_type=\"heading.default\">\n\t\t\t\t<div class=\"elementor-widget-container\">\n\t\t\t<h1 class=\"elementor-heading-title elementor-size-default\">Phi\u00ean \u0111\u00e0o t\u1ea1o<\/h1>\t\t<\/div>\n\t\t\t\t<\/div>\n\t\t\t\t\t\t<\/div>\n\t\t\t\t\t<\/div>\n\t\t<\/div>\n\t\t\t\t\t\t\t\t<\/div>\n\t\t\t\t\t<\/div>\n\t\t<\/section>\n\t\t\t\t<section class=\"elementor-section elementor-top-section elementor-element elementor-element-87041c9 elementor-section-boxed elementor-section-height-default elementor-section-height-default\" data-id=\"87041c9\" data-element_type=\"section\">\n\t\t\t\t\t\t<div class=\"elementor-container elementor-column-gap-default\">\n\t\t\t\t\t\t\t<div class=\"elementor-row\">\n\t\t\t\t\t<div class=\"elementor-column elementor-col-100 elementor-top-column elementor-element elementor-element-db26eba\" data-id=\"db26eba\" data-element_type=\"column\">\n\t\t\t<div class=\"elementor-column-wrap elementor-element-populated\">\n\t\t\t\t\t\t\t<div class=\"elementor-widget-wrap\">\n\t\t\t\t\t\t<div class=\"elementor-element elementor-element-a8040bf elementor-widget elementor-widget-image\" data-id=\"a8040bf\" data-element_type=\"widget\" data-widget_type=\"image.default\">\n\t\t\t\t<div class=\"elementor-widget-container\">\n\t\t\t\t\t\t\t\t<div class=\"elementor-image\">\n\t\t\t\t\t\t\t\t\t\t\t\t\t<a href=\"https:\/\/drinkizz.com\/vi\/phien-dao-tao-huu-co\/\">\n\t\t\t\t\t\t\t<img loading=\"lazy\" decoding=\"async\" width=\"603\" height=\"502\" src=\"https:\/\/drinkizz.com\/wp-content\/uploads\/2024\/01\/Untitled-design-12.png\" class=\"attachment-large size-large\" alt=\"\" srcset=\"https:\/\/drinkizz.com\/wp-content\/uploads\/2024\/01\/Untitled-design-12.png 603w, https:\/\/drinkizz.com\/wp-content\/uploads\/2024\/01\/Untitled-design-12-300x250.png 300w, https:\/\/drinkizz.com\/wp-content\/uploads\/2024\/01\/Untitled-design-12-150x125.png 150w, https:\/\/drinkizz.com\/wp-content\/uploads\/2024\/01\/Untitled-design-12-120x100.png 120w, https:\/\/drinkizz.com\/wp-content\/uploads\/2024\/01\/Untitled-design-12-96x80.png 96w, https:\/\/drinkizz.com\/wp-content\/uploads\/2024\/01\/Untitled-design-12-364x303.png 364w, https:\/\/drinkizz.com\/wp-content\/uploads\/2024\/01\/Untitled-design-12-600x500.png 600w\" sizes=\"(max-width: 603px) 100vw, 603px\" \/>\t\t\t\t\t\t\t\t<\/a>\n\t\t\t\t\t\t\t\t\t\t\t\t\t\t<\/div>\n\t\t\t\t\t\t<\/div>\n\t\t\t\t<\/div>\n\t\t\t\t<div class=\"elementor-element elementor-element-cc4f5b4 elementor-widget elementor-widget-heading\" data-id=\"cc4f5b4\" data-element_type=\"widget\" data-widget_type=\"heading.default\">\n\t\t\t\t<div class=\"elementor-widget-container\">\n\t\t\t<h2 class=\"elementor-heading-title elementor-size-default\"><h4><b><a href=\"https:\/\/drinkizz.com\/vi\/phien-dao-tao-huu-co\/\" style=\"color: blue; text-decoration: underline;\">Phi\u00ean \u0111\u00e0o t\u1ea1o h\u1eefu c\u01a1<\/a><h2><\/b><\/h2>\t\t<\/div>\n\t\t\t\t<\/div>\n\t\t\t\t<div class=\"elementor-element elementor-element-d39e2ac elementor-widget elementor-widget-text-editor\" data-id=\"d39e2ac\" data-element_type=\"widget\" data-widget_type=\"text-editor.default\">\n\t\t\t\t<div class=\"elementor-widget-container\">\n\t\t\t\t\t\t\t\t<div class=\"elementor-text-editor elementor-clearfix\">\n\t\t\t\t<p>V\u1edbi kh\u00f3a h\u1ecdc 2 gi\u1edd n\u00e0y, Drinkizz s\u1ebd cung c\u1ea5p cho b\u1ea1n nh\u1eefng hi\u1ec3u bi\u1ebft v\u1ec1 c\u00e1c c\u01a1 ch\u1ebf khoa h\u1ecdc ch\u00ednh \u0111\u1ec3 b\u1ea3o v\u1ec7 s\u1ee9c kh\u1ecfe v\u00e0 t\u0103ng c\u01b0\u1eddng n\u0103ng l\u01b0\u1ee3ng m\u1ed9t c\u00e1ch ph\u00f9 h\u1ee3p.<\/p>\n<p>B\u00ean c\u1ea1nh \u0111\u00f3, ch\u00fang t\u00f4i s\u1ebd d\u1ea1y b\u1ea1n c\u00e1ch th\u1ee9c \u0111\u1ec3 th\u1ee9c t\u1ec9nh, t\u0103ng c\u01b0\u1eddng v\u00e0 t\u00e1i t\u1ea1o n\u0103ng l\u01b0\u1ee3ng t\u00edch c\u1ef1c m\u00e0 b\u1ea1n c\u00f3 \u0111\u1ec3 s\u1ed1ng cu\u1ed9c s\u1ed1ng v\u1edbi to\u00e0n b\u1ed9 ti\u1ec1m n\u0103ng c\u1ee7a m\u00ecnh.<\/p>\n<p>B\u1ea1n s\u1ebd thu th\u1eadp nh\u1eefng th\u00f4ng tin quan tr\u1ecdng nh\u1ea5t cho b\u1ea3n th\u00e2n, b\u1ea1n s\u1ebd h\u1ecdc \u0111\u01b0\u1ee3c ki\u1ebfn th\u1ee9c, v\u00e0 hy v\u1ecdng b\u1ea1n s\u1ebd chia s\u1ebb n\u00f3 v\u1edbi nh\u1eefng ng\u01b0\u1eddi th\u00e2n y\u00eau \u0111\u1ec3 b\u1ea3o v\u1ec7 ch\u00ednh m\u00ecnh v\u00e0 ng\u01b0\u1eddi kh\u00e1c.<\/p>\n\t\t\t\t\t<\/div>\n\t\t\t\t\t\t<\/div>\n\t\t\t\t<\/div>\n\t\t\t\t\t\t<\/div>\n\t\t\t\t\t<\/div>\n\t\t<\/div>\n\t\t\t\t\t\t\t\t<\/div>\n\t\t\t\t\t<\/div>\n\t\t<\/section>\n\t\t\t\t\t\t<\/div>\n\t\t\t\t\t\t<\/div>\n\t\t\t\t\t<\/div>\n\t\t","protected":false},"excerpt":{"rendered":"<p>Phi\u00ean \u0111\u00e0o t\u1ea1o Phi\u00ean \u0111\u00e0o t\u1ea1o h\u1eefu c\u01a1 V\u1edbi kh\u00f3a h\u1ecdc 2 gi\u1edd n\u00e0y, Drinkizz s\u1ebd cung c\u1ea5p cho b\u1ea1n nh\u1eefng hi\u1ec3u bi\u1ebft v\u1ec1 c\u00e1c c\u01a1 ch\u1ebf khoa h\u1ecdc ch\u00ednh \u0111\u1ec3 b\u1ea3o v\u1ec7 s\u1ee9c kh\u1ecfe v\u00e0 t\u0103ng c\u01b0\u1eddng n\u0103ng l\u01b0\u1ee3ng &hellip; <a href=\"\">Read More<\/a><\/p>\n","protected":false},"author":31,"featured_media":9220,"parent":0,"menu_order":0,"comment_status":"closed","ping_status":"closed","template":"","meta":{"footnotes":""},"yoast_head":"<!-- This site is optimized with the Yoast SEO plugin v17.0 - https:\/\/yoast.com\/wordpress\/plugins\/seo\/ -->\n<title>Phi\u00ean \u0111\u00e0o t\u1ea1o - Drinkizz<\/title>\n<meta name=\"description\" content=\"\u0110\u01b0\u1ee3c th\u00e0nh l\u1eadp v\u00e0o n\u0103m 2019, Drinkizz l\u00e0 c\u00f4ng ty t\u01b0 nh\u00e2n, c\u00f3 tr\u1ee5 s\u1edf ch\u00ednh t\u1ea1i Singapore. Ch\u00fang t\u00f4i l\u00e0 m\u1ed9t c\u00f4ng ty s\u00e1ng t\u1ea1o cung c\u1ea5p cho th\u1ecb tr\u01b0\u1eddng th\u1ee9c u\u1ed1ng N\u0103ng l\u01b0\u1ee3ng t\u1ef1 nhi\u00ean h\u1eefu c\u01a1 (O.N.E) \u0111\u1ea7u ti\u00ean tr\u00ean th\u1ebf gi\u1edbi.\" \/>\n<meta name=\"robots\" content=\"noindex, nofollow\" \/>\n<meta property=\"og:locale\" content=\"vi_VN\" \/>\n<meta property=\"og:type\" content=\"article\" \/>\n<meta property=\"og:title\" content=\"Phi\u00ean \u0111\u00e0o t\u1ea1o - Drinkizz\" \/>\n<meta property=\"og:description\" content=\"\u0110\u01b0\u1ee3c th\u00e0nh l\u1eadp v\u00e0o n\u0103m 2019, Drinkizz l\u00e0 c\u00f4ng ty t\u01b0 nh\u00e2n, c\u00f3 tr\u1ee5 s\u1edf ch\u00ednh t\u1ea1i Singapore. Ch\u00fang t\u00f4i l\u00e0 m\u1ed9t c\u00f4ng ty s\u00e1ng t\u1ea1o cung c\u1ea5p cho th\u1ecb tr\u01b0\u1eddng th\u1ee9c u\u1ed1ng N\u0103ng l\u01b0\u1ee3ng t\u1ef1 nhi\u00ean h\u1eefu c\u01a1 (O.N.E) \u0111\u1ea7u ti\u00ean tr\u00ean th\u1ebf gi\u1edbi.\" \/>\n<meta property=\"og:url\" content=\"https:\/\/drinkizz.com\/vi\/phien-dao-tao\/\" \/>\n<meta property=\"og:site_name\" content=\"Drinkizz\" \/>\n<meta property=\"article:publisher\" content=\"https:\/\/www.facebook.com\/drinkizz\/\" \/>\n<meta property=\"article:modified_time\" content=\"2024-09-20T03:01:26+00:00\" \/>\n<meta property=\"og:image\" content=\"https:\/\/drinkizz.com\/wp-content\/uploads\/2021\/12\/CAT-AVATAR-6-1024x1024.png\" \/>\n\t<meta property=\"og:image:width\" content=\"1024\" \/>\n\t<meta property=\"og:image:height\" content=\"1024\" \/>\n<meta name=\"twitter:card\" content=\"summary_large_image\" \/>\n<meta name=\"twitter:site\" content=\"@drinkizzorganic\" \/>\n<meta name=\"twitter:label1\" content=\"Est. reading time\" \/>\n\t<meta name=\"twitter:data1\" content=\"1 minute\" \/>\n<script type=\"application\/ld+json\" class=\"yoast-schema-graph\">{\"@context\":\"https:\/\/schema.org\",\"@graph\":[{\"@type\":\"Organization\",\"@id\":\"https:\/\/drinkizz.com\/vi\/#organization\",\"name\":\"Drinkizz\",\"url\":\"https:\/\/drinkizz.com\/vi\/\",\"sameAs\":[\"https:\/\/www.facebook.com\/drinkizz\/\",\"https:\/\/www.instagram.com\/drinkizz_one\/\",\"https:\/\/www.linkedin.com\/company\/drinkizz\/\",\"https:\/\/www.youtube.com\/channel\/UC3t0_ox_a4dlFBwu-Kiw4Ew\",\"https:\/\/twitter.com\/drinkizzorganic\"],\"logo\":{\"@type\":\"ImageObject\",\"@id\":\"https:\/\/drinkizz.com\/vi\/#logo\",\"inLanguage\":\"vi-VN\",\"url\":\"https:\/\/drinkizz.com\/wp-content\/uploads\/2020\/02\/LOGO_DRINKIZZ_DARK_20201218-scaled.jpg\",\"contentUrl\":\"https:\/\/drinkizz.com\/wp-content\/uploads\/2020\/02\/LOGO_DRINKIZZ_DARK_20201218-scaled.jpg\",\"width\":1920,\"height\":1358,\"caption\":\"Drinkizz\"},\"image\":{\"@id\":\"https:\/\/drinkizz.com\/vi\/#logo\"}},{\"@type\":\"WebSite\",\"@id\":\"https:\/\/drinkizz.com\/vi\/#website\",\"url\":\"https:\/\/drinkizz.com\/vi\/\",\"name\":\"Drinkizz\",\"description\":\"Kiss your Energy\",\"publisher\":{\"@id\":\"https:\/\/drinkizz.com\/vi\/#organization\"},\"potentialAction\":[{\"@type\":\"SearchAction\",\"target\":{\"@type\":\"EntryPoint\",\"urlTemplate\":\"https:\/\/drinkizz.com\/vi\/?s={search_term_string}\"},\"query-input\":\"required name=search_term_string\"}],\"inLanguage\":\"vi-VN\"},{\"@type\":\"ImageObject\",\"@id\":\"https:\/\/drinkizz.com\/vi\/phien-dao-tao\/#primaryimage\",\"inLanguage\":\"vi-VN\",\"url\":\"https:\/\/drinkizz.com\/wp-content\/uploads\/2021\/12\/CAT-AVATAR-6.png\",\"contentUrl\":\"https:\/\/drinkizz.com\/wp-content\/uploads\/2021\/12\/CAT-AVATAR-6.png\",\"width\":1080,\"height\":1080},{\"@type\":[\"WebPage\",\"FAQPage\"],\"@id\":\"https:\/\/drinkizz.com\/vi\/phien-dao-tao\/#webpage\",\"url\":\"https:\/\/drinkizz.com\/vi\/phien-dao-tao\/\",\"name\":\"Phi\\u00ean \\u0111\\u00e0o t\\u1ea1o - Drinkizz\",\"isPartOf\":{\"@id\":\"https:\/\/drinkizz.com\/vi\/#website\"},\"primaryImageOfPage\":{\"@id\":\"https:\/\/drinkizz.com\/vi\/phien-dao-tao\/#primaryimage\"},\"datePublished\":\"2024-01-03T03:58:49+00:00\",\"dateModified\":\"2024-09-20T03:01:26+00:00\",\"description\":\"\\u0110\\u01b0\\u1ee3c th\\u00e0nh l\\u1eadp v\\u00e0o n\\u0103m 2019, Drinkizz l\\u00e0 c\\u00f4ng ty t\\u01b0 nh\\u00e2n, c\\u00f3 tr\\u1ee5 s\\u1edf ch\\u00ednh t\\u1ea1i Singapore. Ch\\u00fang t\\u00f4i l\\u00e0 m\\u1ed9t c\\u00f4ng ty s\\u00e1ng t\\u1ea1o cung c\\u1ea5p cho th\\u1ecb tr\\u01b0\\u1eddng th\\u1ee9c u\\u1ed1ng N\\u0103ng l\\u01b0\\u1ee3ng t\\u1ef1 nhi\\u00ean h\\u1eefu c\\u01a1 (O.N.E) \\u0111\\u1ea7u ti\\u00ean tr\\u00ean th\\u1ebf gi\\u1edbi.\",\"breadcrumb\":{\"@id\":\"https:\/\/drinkizz.com\/vi\/phien-dao-tao\/#breadcrumb\"},\"inLanguage\":\"vi-VN\",\"potentialAction\":[{\"@type\":\"ReadAction\",\"target\":[\"https:\/\/drinkizz.com\/vi\/phien-dao-tao\/\"]}]},{\"@type\":\"BreadcrumbList\",\"@id\":\"https:\/\/drinkizz.com\/vi\/phien-dao-tao\/#breadcrumb\",\"itemListElement\":[{\"@type\":\"ListItem\",\"position\":1,\"name\":\"Home\",\"item\":\"https:\/\/drinkizz.com\/vi\/\"},{\"@type\":\"ListItem\",\"position\":2,\"name\":\"Phi\\u00ean \\u0111\\u00e0o t\\u1ea1o\"}]}]}<\/script>\n<!-- \/ Yoast SEO plugin. -->","yoast_head_json":{"title":"Phi\u00ean \u0111\u00e0o t\u1ea1o - Drinkizz","description":"\u0110\u01b0\u1ee3c th\u00e0nh l\u1eadp v\u00e0o n\u0103m 2019, Drinkizz l\u00e0 c\u00f4ng ty t\u01b0 nh\u00e2n, c\u00f3 tr\u1ee5 s\u1edf ch\u00ednh t\u1ea1i Singapore. Ch\u00fang t\u00f4i l\u00e0 m\u1ed9t c\u00f4ng ty s\u00e1ng t\u1ea1o cung c\u1ea5p cho th\u1ecb tr\u01b0\u1eddng th\u1ee9c u\u1ed1ng N\u0103ng l\u01b0\u1ee3ng t\u1ef1 nhi\u00ean h\u1eefu c\u01a1 (O.N.E) \u0111\u1ea7u ti\u00ean tr\u00ean th\u1ebf gi\u1edbi.","robots":{"index":"noindex","follow":"nofollow"},"og_locale":"vi_VN","og_type":"article","og_title":"Phi\u00ean \u0111\u00e0o t\u1ea1o - Drinkizz","og_description":"\u0110\u01b0\u1ee3c th\u00e0nh l\u1eadp v\u00e0o n\u0103m 2019, Drinkizz l\u00e0 c\u00f4ng ty t\u01b0 nh\u00e2n, c\u00f3 tr\u1ee5 s\u1edf ch\u00ednh t\u1ea1i Singapore. Ch\u00fang t\u00f4i l\u00e0 m\u1ed9t c\u00f4ng ty s\u00e1ng t\u1ea1o cung c\u1ea5p cho th\u1ecb tr\u01b0\u1eddng th\u1ee9c u\u1ed1ng N\u0103ng l\u01b0\u1ee3ng t\u1ef1 nhi\u00ean h\u1eefu c\u01a1 (O.N.E) \u0111\u1ea7u ti\u00ean tr\u00ean th\u1ebf gi\u1edbi.","og_url":"https:\/\/drinkizz.com\/vi\/phien-dao-tao\/","og_site_name":"Drinkizz","article_publisher":"https:\/\/www.facebook.com\/drinkizz\/","article_modified_time":"2024-09-20T03:01:26+00:00","og_image":[{"width":1024,"height":1024,"path":"2021\/12\/CAT-AVATAR-6-1024x1024.png","url":"https:\/\/drinkizz.com\/wp-content\/uploads\/2021\/12\/CAT-AVATAR-6-1024x1024.png","size":"large","id":9220,"alt":"","pixels":1048576,"type":"image\/png"}],"twitter_card":"summary_large_image","twitter_site":"@drinkizzorganic","twitter_misc":{"Est. reading time":"1 minute"},"schema":{"@context":"https:\/\/schema.org","@graph":[{"@type":"Organization","@id":"https:\/\/drinkizz.com\/vi\/#organization","name":"Drinkizz","url":"https:\/\/drinkizz.com\/vi\/","sameAs":["https:\/\/www.facebook.com\/drinkizz\/","https:\/\/www.instagram.com\/drinkizz_one\/","https:\/\/www.linkedin.com\/company\/drinkizz\/","https:\/\/www.youtube.com\/channel\/UC3t0_ox_a4dlFBwu-Kiw4Ew","https:\/\/twitter.com\/drinkizzorganic"],"logo":{"@type":"ImageObject","@id":"https:\/\/drinkizz.com\/vi\/#logo","inLanguage":"vi-VN","url":"https:\/\/drinkizz.com\/wp-content\/uploads\/2020\/02\/LOGO_DRINKIZZ_DARK_20201218-scaled.jpg","contentUrl":"https:\/\/drinkizz.com\/wp-content\/uploads\/2020\/02\/LOGO_DRINKIZZ_DARK_20201218-scaled.jpg","width":1920,"height":1358,"caption":"Drinkizz"},"image":{"@id":"https:\/\/drinkizz.com\/vi\/#logo"}},{"@type":"WebSite","@id":"https:\/\/drinkizz.com\/vi\/#website","url":"https:\/\/drinkizz.com\/vi\/","name":"Drinkizz","description":"Kiss your Energy","publisher":{"@id":"https:\/\/drinkizz.com\/vi\/#organization"},"potentialAction":[{"@type":"SearchAction","target":{"@type":"EntryPoint","urlTemplate":"https:\/\/drinkizz.com\/vi\/?s={search_term_string}"},"query-input":"required name=search_term_string"}],"inLanguage":"vi-VN"},{"@type":"ImageObject","@id":"https:\/\/drinkizz.com\/vi\/phien-dao-tao\/#primaryimage","inLanguage":"vi-VN","url":"https:\/\/drinkizz.com\/wp-content\/uploads\/2021\/12\/CAT-AVATAR-6.png","contentUrl":"https:\/\/drinkizz.com\/wp-content\/uploads\/2021\/12\/CAT-AVATAR-6.png","width":1080,"height":1080},{"@type":["WebPage","FAQPage"],"@id":"https:\/\/drinkizz.com\/vi\/phien-dao-tao\/#webpage","url":"https:\/\/drinkizz.com\/vi\/phien-dao-tao\/","name":"Phi\u00ean \u0111\u00e0o t\u1ea1o - Drinkizz","isPartOf":{"@id":"https:\/\/drinkizz.com\/vi\/#website"},"primaryImageOfPage":{"@id":"https:\/\/drinkizz.com\/vi\/phien-dao-tao\/#primaryimage"},"datePublished":"2024-01-03T03:58:49+00:00","dateModified":"2024-09-20T03:01:26+00:00","description":"\u0110\u01b0\u1ee3c th\u00e0nh l\u1eadp v\u00e0o n\u0103m 2019, Drinkizz l\u00e0 c\u00f4ng ty t\u01b0 nh\u00e2n, c\u00f3 tr\u1ee5 s\u1edf ch\u00ednh t\u1ea1i Singapore. Ch\u00fang t\u00f4i l\u00e0 m\u1ed9t c\u00f4ng ty s\u00e1ng t\u1ea1o cung c\u1ea5p cho th\u1ecb tr\u01b0\u1eddng th\u1ee9c u\u1ed1ng N\u0103ng l\u01b0\u1ee3ng t\u1ef1 nhi\u00ean h\u1eefu c\u01a1 (O.N.E) \u0111\u1ea7u ti\u00ean tr\u00ean th\u1ebf gi\u1edbi.","breadcrumb":{"@id":"https:\/\/drinkizz.com\/vi\/phien-dao-tao\/#breadcrumb"},"inLanguage":"vi-VN","potentialAction":[{"@type":"ReadAction","target":["https:\/\/drinkizz.com\/vi\/phien-dao-tao\/"]}]},{"@type":"BreadcrumbList","@id":"https:\/\/drinkizz.com\/vi\/phien-dao-tao\/#breadcrumb","itemListElement":[{"@type":"ListItem","position":1,"name":"Home","item":"https:\/\/drinkizz.com\/vi\/"},{"@type":"ListItem","position":2,"name":"Phi\u00ean \u0111\u00e0o t\u1ea1o"}]}]}},"_links":{"self":[{"href":"https:\/\/drinkizz.com\/vi\/wp-json\/wp\/v2\/pages\/19227"}],"collection":[{"href":"https:\/\/drinkizz.com\/vi\/wp-json\/wp\/v2\/pages"}],"about":[{"href":"https:\/\/drinkizz.com\/vi\/wp-json\/wp\/v2\/types\/page"}],"author":[{"embeddable":true,"href":"https:\/\/drinkizz.com\/vi\/wp-json\/wp\/v2\/users\/31"}],"replies":[{"embeddable":true,"href":"https:\/\/drinkizz.com\/vi\/wp-json\/wp\/v2\/comments?post=19227"}],"version-history":[{"count":66,"href":"https:\/\/drinkizz.com\/vi\/wp-json\/wp\/v2\/pages\/19227\/revisions"}],"predecessor-version":[{"id":23054,"href":"https:\/\/drinkizz.com\/vi\/wp-json\/wp\/v2\/pages\/19227\/revisions\/23054"}],"wp:featuredmedia":[{"embeddable":true,"href":"https:\/\/drinkizz.com\/vi\/wp-json\/wp\/v2\/media\/9220"}],"wp:attachment":[{"href":"https:\/\/drinkizz.com\/vi\/wp-json\/wp\/v2\/media?parent=19227"}],"curies":[{"name":"wp","href":"https:\/\/api.w.org\/{rel}","templated":true}]}}