{"id":20436,"date":"2024-03-22T09:13:12","date_gmt":"2024-03-22T09:13:12","guid":{"rendered":"https:\/\/drinkizz.com\/story-kiss-your-energy\/"},"modified":"2024-03-22T09:47:38","modified_gmt":"2024-03-22T09:47:38","slug":"story-kiss-your-energy","status":"publish","type":"page","link":"https:\/\/drinkizz.com\/vi\/story-kiss-your-energy\/","title":{"rendered":"Story &#8211; Kiss Your Energy VN"},"content":{"rendered":"\t\t<div data-elementor-type=\"wp-page\" data-elementor-id=\"20436\" class=\"elementor elementor-20436 elementor-20117\" data-elementor-settings=\"[]\">\n\t\t\t\t\t\t<div class=\"elementor-inner\">\n\t\t\t\t\t\t\t<div class=\"elementor-section-wrap\">\n\t\t\t\t\t\t\t<section class=\"elementor-section elementor-top-section elementor-element elementor-element-4154bf5 elementor-section-boxed elementor-section-height-default elementor-section-height-default\" data-id=\"4154bf5\" data-element_type=\"section\">\n\t\t\t\t\t\t<div class=\"elementor-container elementor-column-gap-default\">\n\t\t\t\t\t\t\t<div class=\"elementor-row\">\n\t\t\t\t\t<div class=\"elementor-column elementor-col-100 elementor-top-column elementor-element elementor-element-aae1e96\" data-id=\"aae1e96\" data-element_type=\"column\">\n\t\t\t<div class=\"elementor-column-wrap elementor-element-populated\">\n\t\t\t\t\t\t\t<div class=\"elementor-widget-wrap\">\n\t\t\t\t\t\t<div class=\"elementor-element elementor-element-099f67f elementor-widget elementor-widget-html\" data-id=\"099f67f\" data-element_type=\"widget\" data-widget_type=\"html.default\">\n\t\t\t\t<div class=\"elementor-widget-container\">\n\t\t\t<h2><\/h2>\r\n<h2 style=\"text-align: center;\"><img loading=\"lazy\" decoding=\"async\" class=\" wp-image-2240 aligncenter\" src=\"https:\/\/drinkizz.com\/staging\/wp-content\/uploads\/2020\/02\/Pierre.png\" alt=\"\" width=\"203\" height=\"202\" srcset=\"https:\/\/drinkizz.com\/wp-content\/uploads\/2020\/02\/Pierre.png 300w, https:\/\/drinkizz.com\/wp-content\/uploads\/2020\/02\/Pierre-100x100.png 100w, https:\/\/drinkizz.com\/wp-content\/uploads\/2020\/02\/Pierre-150x150.png 150w, https:\/\/drinkizz.com\/wp-content\/uploads\/2020\/02\/Pierre-80x80.png 80w\" sizes=\"(max-width: 203px) 100vw, 203px\" \/><\/h2>\r\n<div style=\"text-align: center; font-size: 25px; color: #b8ca61;\"><strong>Pierre - Nh\u00e0 \u0111\u1ea7u t\u01b0 Smart-up<\/strong><\/div>\r\n<p style=\"text-align: center;\"><em>Nh\u00e0 l\u00e3nh \u0111\u1ea1o ti\u00ean phong v\u1ec1 C\u00f4ng Ngh\u1ec7 S\u1ed1 H\u00f3a<\/em><\/p>\r\n&nbsp;\r\n<p style=\"text-align: center;\"><strong> B\u1ea1n th\u00e2n m\u1ebfn, <\/strong><\/p>\r\n<p style=\"text-align: center;\">N\u1ebfu b\u1ea1n kh\u00f4ng hi\u1ec3u r\u00f5 gi\u00e1 tr\u1ecb b\u1ea3n th\u00e2n th\u00ec c\u00e1c\r\nm\u1ed1i quan h\u1ec7 c\u1ee7a b\u1ea1n c\u0169ng c\u00f3 th\u1ec3 tr\u1edf th\u00e0nh kh\u00f4ng b\u1ec1n v\u1eefng!!!<\/p>\r\n<p style=\"text-align: center;\">\u201c<strong>Y\u00eau N\u0103ng L\u01b0\u1ee3ng B\u1ea3n Th\u00e2n<\/strong>\u201d nghe \u0111\u01a1n gi\u1ea3n nh\u01b0ng kh\u00f4ng d\u1ec5 th\u1ef1c hi\u1ec7n m\u1ed7i ng\u00e0y.\r\n\u0110\u1eb7c bi\u1ec7t l\u00e0 khi nh\u1ecbp s\u1ed1ng c\u1ee7a b\u1ea1n qu\u00e1 t\u1eadp trung v\u00e0o nh\u1eefng c\u00f4ng c\u1ee5 s\u1ed1 h\u00f3a hi\u1ec7n \u0111\u1ea1i,\r\ns\u1ee9c kh\u1ecfe v\u00e0 s\u1ef1 b\u00ecnh an c\u1ee7a ch\u00fang ta \u0111ang b\u1ecb \u1ea3nh h\u01b0\u1edfng c\u1ee7a d\u1ecbch Covid-19 tr\u00ean to\u00e0n c\u1ea7u.\r\n\u0110\u1ec3 \u0111\u1ea1t \u0111\u01b0\u1ee3c hi\u1ec7u qu\u1ea3 khi l\u00e0m vi\u1ec7c hay l\u00fac t\u1eadp gym,\r\n\u0111\u1ec3 t\u1ef1 tin s\u1ed1ng v\u1edbi \u0111am m\u00ea m\u00e0 v\u1eabn c\u00f3 th\u1eddi gian cho\r\ngia \u0111\u00ecnh v\u00e0 b\u1ea1n b\u00e8 th\u00ec vi\u1ec7c n\u1ea1p n\u0103ng l\u01b0\u1ee3ng \u0111\u00fang v\u00e0 \u0111\u1ee7 l\u00e0 nhu c\u1ea7u thi\u1ebft y\u1ebfu.<\/p>\r\n<p style=\"text-align: center;\"><span style=\"font-weight: 400;\">Hi\u1ec3u \u0111\u01b0\u1ee3c \u0111i\u1ec1u \u0111\u00f3, ch\u00fang t\u00f4i \u0111\u00e3 s\u00e1ng t\u1ea1o\u00a0 ra m\u00f4 h\u00ecnh<\/span><b> O.N.E<\/b> <b>(N\u0103ng L\u01b0\u1ee3ng T\u1ef1 Nhi\u00ean H\u1eefu C\u01a1<\/b><span style=\"font-weight: 400;\">) <\/span><\/p>\r\n<p style=\"text-align: center;\"><span style=\"font-weight: 400;\">\u0111\u1ec3 gi\u00fap ng\u01b0\u1eddi c\u00f3 phong c\u00e1ch s\u1ed1ng d\u1ecbch chuy\u1ec3n duy tr\u00ec \u0111\u01b0\u1ee3c ngu\u1ed3n <\/span><b>\u2018N\u0103ng L\u01b0\u1ee3ng B\u1ec1n V\u1eefng\u201d<\/b><span style=\"font-weight: 400;\">,<\/span><\/p>\r\n<p style=\"text-align: center;\"><span style=\"font-weight: 400;\"> \u0111\u1ec3 c\u00f3 th\u00eam th\u1eddi gian <\/span><b>\u201cs\u00e1ng t\u1ea1o v\u00e0 ch\u1ed1ng tr\u00ec ho\u00e3n\u201d<\/b><span style=\"font-weight: 400;\">. <\/span><\/p>\r\n<p style=\"text-align: center;\"><span style=\"font-weight: 400;\">Ngo\u00e0i ra, th\u00f4ng qua doanh nh\u00e2n v\u00e0 th\u01b0\u01a1ng hi\u1ec7u b\u1ec1n v\u1eefng, <\/span><\/p>\r\n<p style=\"text-align: center;\"><span style=\"font-weight: 400;\">th\u00ec ng\u01b0\u1eddi ti\u00eau d\u00f9ng b\u1ec1n v\u1eefng c\u00f3 th\u1ec3 c\u00f9ng chung tay gi\u1ea3i quy\u1ebft c\u00e1c v\u1ea5n n\u1ea1n x\u00e3 h\u1ed9i nh\u01b0 th\u1ef1c ph\u1ea9m b\u1ea9n, <\/span><\/p>\r\n<p style=\"text-align: center;\"><span style=\"font-weight: 400;\">thi\u1ebfu h\u1ee5t dinh d\u01b0\u1ee1ng, vi ph\u1ea1m \u0111\u1ea1o \u0111\u1ee9c trong chu\u1ed7i gi\u00e1 tr\u1ecb, an to\u00e0n d\u1eef li\u1ec7u v\u00e0 bi\u1ebfn \u0111\u1ed5i kh\u00ed h\u1eadu.<\/span><\/p>\r\n<p style=\"text-align: center;\">Tri\u1ebft l\u00fd c\u1ee7a Drinkizz l\u00e0 \u201cY\u00eau N\u0103ng L\u01b0\u1ee3ng B\u1ea3n Th\u00e2n\u201d \u0111\u1ec3 s\u1ed1ng tr\u1ecdn \u0111am m\u00ea m\u1ed9t c\u00e1ch b\u1ec1n v\u1eefng.<\/p>\r\n&nbsp;\r\n\r\n<a href=\"https:\/\/drinkizz.com\/staging\/wp-content\/uploads\/2020\/02\/kiss-your-energy-01.svg\"><img decoding=\"async\" class=\"aligncenter wp-image-2417\" src=\"https:\/\/drinkizz.com\/staging\/wp-content\/uploads\/2020\/02\/kiss-your-energy-01.svg\" alt=\"\" width=\"400\" \/><\/a>\r\n\r\n&nbsp;\t\t<\/div>\n\t\t\t\t<\/div>\n\t\t\t\t\t\t<\/div>\n\t\t\t\t\t<\/div>\n\t\t<\/div>\n\t\t\t\t\t\t\t\t<\/div>\n\t\t\t\t\t<\/div>\n\t\t<\/section>\n\t\t\t\t<section class=\"elementor-section elementor-top-section elementor-element elementor-element-9b0ac87 elementor-section-full_width elementor-section-height-default elementor-section-height-default\" data-id=\"9b0ac87\" data-element_type=\"section\">\n\t\t\t\t\t\t<div class=\"elementor-container elementor-column-gap-default\">\n\t\t\t\t\t\t\t<div class=\"elementor-row\">\n\t\t\t\t\t<div class=\"elementor-column elementor-col-100 elementor-top-column elementor-element elementor-element-9d3c69a\" data-id=\"9d3c69a\" data-element_type=\"column\">\n\t\t\t<div class=\"elementor-column-wrap\">\n\t\t\t\t\t\t\t<div class=\"elementor-widget-wrap\">\n\t\t\t\t\t\t\t\t<\/div>\n\t\t\t\t\t<\/div>\n\t\t<\/div>\n\t\t\t\t\t\t\t\t<\/div>\n\t\t\t\t\t<\/div>\n\t\t<\/section>\n\t\t\t\t\t\t<\/div>\n\t\t\t\t\t\t<\/div>\n\t\t\t\t\t<\/div>\n\t\t","protected":false},"excerpt":{"rendered":"<p>Pierre &#8211; Nh\u00e0 \u0111\u1ea7u t\u01b0 Smart-up Nh\u00e0 l\u00e3nh \u0111\u1ea1o ti\u00ean phong v\u1ec1 C\u00f4ng Ngh\u1ec7 S\u1ed1 H\u00f3a &nbsp; B\u1ea1n th\u00e2n m\u1ebfn, N\u1ebfu b\u1ea1n kh\u00f4ng hi\u1ec3u r\u00f5 gi\u00e1 tr\u1ecb b\u1ea3n th\u00e2n th\u00ec c\u00e1c m\u1ed1i quan h\u1ec7 c\u1ee7a b\u1ea1n c\u0169ng c\u00f3 th\u1ec3 tr\u1edf &hellip; <a href=\"\">Read More<\/a><\/p>\n","protected":false},"author":31,"featured_media":0,"parent":0,"menu_order":0,"comment_status":"closed","ping_status":"closed","template":"","meta":{"footnotes":""},"yoast_head":"<!-- This site is optimized with the Yoast SEO plugin v17.0 - https:\/\/yoast.com\/wordpress\/plugins\/seo\/ -->\n<title>Story - Kiss Your Energy VN - Drinkizz<\/title>\n<meta name=\"description\" content=\"- Drinkizz\" \/>\n<meta name=\"robots\" content=\"index, follow, max-snippet:-1, max-image-preview:large, max-video-preview:-1\" \/>\n<link rel=\"canonical\" href=\"https:\/\/drinkizz.com\/vi\/story-kiss-your-energy\/\" \/>\n<meta property=\"og:locale\" content=\"vi_VN\" \/>\n<meta property=\"og:type\" content=\"article\" \/>\n<meta property=\"og:title\" content=\"Story - Kiss Your Energy VN - Drinkizz\" \/>\n<meta property=\"og:description\" content=\"- Drinkizz\" \/>\n<meta property=\"og:url\" content=\"https:\/\/drinkizz.com\/vi\/story-kiss-your-energy\/\" \/>\n<meta property=\"og:site_name\" content=\"Drinkizz\" \/>\n<meta property=\"article:publisher\" content=\"https:\/\/www.facebook.com\/drinkizz\/\" \/>\n<meta property=\"article:modified_time\" content=\"2024-03-22T09:47:38+00:00\" \/>\n<meta property=\"og:image\" content=\"https:\/\/drinkizz.com\/staging\/wp-content\/uploads\/2020\/02\/Pierre.png\" \/>\n<meta name=\"twitter:card\" content=\"summary_large_image\" \/>\n<meta name=\"twitter:site\" content=\"@drinkizzorganic\" \/>\n<meta name=\"twitter:label1\" content=\"Est. reading time\" \/>\n\t<meta name=\"twitter:data1\" content=\"2 minutes\" \/>\n<script type=\"application\/ld+json\" class=\"yoast-schema-graph\">{\"@context\":\"https:\/\/schema.org\",\"@graph\":[{\"@type\":\"Organization\",\"@id\":\"https:\/\/drinkizz.com\/vi\/#organization\",\"name\":\"Drinkizz\",\"url\":\"https:\/\/drinkizz.com\/vi\/\",\"sameAs\":[\"https:\/\/www.facebook.com\/drinkizz\/\",\"https:\/\/www.instagram.com\/drinkizz_one\/\",\"https:\/\/www.linkedin.com\/company\/drinkizz\/\",\"https:\/\/www.youtube.com\/channel\/UC3t0_ox_a4dlFBwu-Kiw4Ew\",\"https:\/\/twitter.com\/drinkizzorganic\"],\"logo\":{\"@type\":\"ImageObject\",\"@id\":\"https:\/\/drinkizz.com\/vi\/#logo\",\"inLanguage\":\"vi-VN\",\"url\":\"https:\/\/drinkizz.com\/wp-content\/uploads\/2020\/02\/LOGO_DRINKIZZ_DARK_20201218-scaled.jpg\",\"contentUrl\":\"https:\/\/drinkizz.com\/wp-content\/uploads\/2020\/02\/LOGO_DRINKIZZ_DARK_20201218-scaled.jpg\",\"width\":1920,\"height\":1358,\"caption\":\"Drinkizz\"},\"image\":{\"@id\":\"https:\/\/drinkizz.com\/vi\/#logo\"}},{\"@type\":\"WebSite\",\"@id\":\"https:\/\/drinkizz.com\/vi\/#website\",\"url\":\"https:\/\/drinkizz.com\/vi\/\",\"name\":\"Drinkizz\",\"description\":\"Kiss your Energy\",\"publisher\":{\"@id\":\"https:\/\/drinkizz.com\/vi\/#organization\"},\"potentialAction\":[{\"@type\":\"SearchAction\",\"target\":{\"@type\":\"EntryPoint\",\"urlTemplate\":\"https:\/\/drinkizz.com\/vi\/?s={search_term_string}\"},\"query-input\":\"required name=search_term_string\"}],\"inLanguage\":\"vi-VN\"},{\"@type\":\"ImageObject\",\"@id\":\"https:\/\/drinkizz.com\/vi\/story-kiss-your-energy\/#primaryimage\",\"inLanguage\":\"vi-VN\",\"url\":\"https:\/\/drinkizz.com\/staging\/wp-content\/uploads\/2020\/02\/Pierre.png\",\"contentUrl\":\"https:\/\/drinkizz.com\/staging\/wp-content\/uploads\/2020\/02\/Pierre.png\"},{\"@type\":[\"WebPage\",\"FAQPage\"],\"@id\":\"https:\/\/drinkizz.com\/vi\/story-kiss-your-energy\/#webpage\",\"url\":\"https:\/\/drinkizz.com\/vi\/story-kiss-your-energy\/\",\"name\":\"Story - Kiss Your Energy VN - Drinkizz\",\"isPartOf\":{\"@id\":\"https:\/\/drinkizz.com\/vi\/#website\"},\"primaryImageOfPage\":{\"@id\":\"https:\/\/drinkizz.com\/vi\/story-kiss-your-energy\/#primaryimage\"},\"datePublished\":\"2024-03-22T09:13:12+00:00\",\"dateModified\":\"2024-03-22T09:47:38+00:00\",\"description\":\"- Drinkizz\",\"breadcrumb\":{\"@id\":\"https:\/\/drinkizz.com\/vi\/story-kiss-your-energy\/#breadcrumb\"},\"inLanguage\":\"vi-VN\",\"potentialAction\":[{\"@type\":\"ReadAction\",\"target\":[\"https:\/\/drinkizz.com\/vi\/story-kiss-your-energy\/\"]}]},{\"@type\":\"BreadcrumbList\",\"@id\":\"https:\/\/drinkizz.com\/vi\/story-kiss-your-energy\/#breadcrumb\",\"itemListElement\":[{\"@type\":\"ListItem\",\"position\":1,\"name\":\"Home\",\"item\":\"https:\/\/drinkizz.com\/vi\/\"},{\"@type\":\"ListItem\",\"position\":2,\"name\":\"Story &#8211; Kiss Your Energy VN\"}]}]}<\/script>\n<!-- \/ Yoast SEO plugin. -->","yoast_head_json":{"title":"Story - Kiss Your Energy VN - Drinkizz","description":"- Drinkizz","robots":{"index":"index","follow":"follow","max-snippet":"max-snippet:-1","max-image-preview":"max-image-preview:large","max-video-preview":"max-video-preview:-1"},"canonical":"https:\/\/drinkizz.com\/vi\/story-kiss-your-energy\/","og_locale":"vi_VN","og_type":"article","og_title":"Story - Kiss Your Energy VN - Drinkizz","og_description":"- Drinkizz","og_url":"https:\/\/drinkizz.com\/vi\/story-kiss-your-energy\/","og_site_name":"Drinkizz","article_publisher":"https:\/\/www.facebook.com\/drinkizz\/","article_modified_time":"2024-03-22T09:47:38+00:00","og_image":[{"url":"https:\/\/drinkizz.com\/staging\/wp-content\/uploads\/2020\/02\/Pierre.png"}],"twitter_card":"summary_large_image","twitter_site":"@drinkizzorganic","twitter_misc":{"Est. reading time":"2 minutes"},"schema":{"@context":"https:\/\/schema.org","@graph":[{"@type":"Organization","@id":"https:\/\/drinkizz.com\/vi\/#organization","name":"Drinkizz","url":"https:\/\/drinkizz.com\/vi\/","sameAs":["https:\/\/www.facebook.com\/drinkizz\/","https:\/\/www.instagram.com\/drinkizz_one\/","https:\/\/www.linkedin.com\/company\/drinkizz\/","https:\/\/www.youtube.com\/channel\/UC3t0_ox_a4dlFBwu-Kiw4Ew","https:\/\/twitter.com\/drinkizzorganic"],"logo":{"@type":"ImageObject","@id":"https:\/\/drinkizz.com\/vi\/#logo","inLanguage":"vi-VN","url":"https:\/\/drinkizz.com\/wp-content\/uploads\/2020\/02\/LOGO_DRINKIZZ_DARK_20201218-scaled.jpg","contentUrl":"https:\/\/drinkizz.com\/wp-content\/uploads\/2020\/02\/LOGO_DRINKIZZ_DARK_20201218-scaled.jpg","width":1920,"height":1358,"caption":"Drinkizz"},"image":{"@id":"https:\/\/drinkizz.com\/vi\/#logo"}},{"@type":"WebSite","@id":"https:\/\/drinkizz.com\/vi\/#website","url":"https:\/\/drinkizz.com\/vi\/","name":"Drinkizz","description":"Kiss your Energy","publisher":{"@id":"https:\/\/drinkizz.com\/vi\/#organization"},"potentialAction":[{"@type":"SearchAction","target":{"@type":"EntryPoint","urlTemplate":"https:\/\/drinkizz.com\/vi\/?s={search_term_string}"},"query-input":"required name=search_term_string"}],"inLanguage":"vi-VN"},{"@type":"ImageObject","@id":"https:\/\/drinkizz.com\/vi\/story-kiss-your-energy\/#primaryimage","inLanguage":"vi-VN","url":"https:\/\/drinkizz.com\/staging\/wp-content\/uploads\/2020\/02\/Pierre.png","contentUrl":"https:\/\/drinkizz.com\/staging\/wp-content\/uploads\/2020\/02\/Pierre.png"},{"@type":["WebPage","FAQPage"],"@id":"https:\/\/drinkizz.com\/vi\/story-kiss-your-energy\/#webpage","url":"https:\/\/drinkizz.com\/vi\/story-kiss-your-energy\/","name":"Story - Kiss Your Energy VN - Drinkizz","isPartOf":{"@id":"https:\/\/drinkizz.com\/vi\/#website"},"primaryImageOfPage":{"@id":"https:\/\/drinkizz.com\/vi\/story-kiss-your-energy\/#primaryimage"},"datePublished":"2024-03-22T09:13:12+00:00","dateModified":"2024-03-22T09:47:38+00:00","description":"- Drinkizz","breadcrumb":{"@id":"https:\/\/drinkizz.com\/vi\/story-kiss-your-energy\/#breadcrumb"},"inLanguage":"vi-VN","potentialAction":[{"@type":"ReadAction","target":["https:\/\/drinkizz.com\/vi\/story-kiss-your-energy\/"]}]},{"@type":"BreadcrumbList","@id":"https:\/\/drinkizz.com\/vi\/story-kiss-your-energy\/#breadcrumb","itemListElement":[{"@type":"ListItem","position":1,"name":"Home","item":"https:\/\/drinkizz.com\/vi\/"},{"@type":"ListItem","position":2,"name":"Story &#8211; Kiss Your Energy VN"}]}]}},"_links":{"self":[{"href":"https:\/\/drinkizz.com\/vi\/wp-json\/wp\/v2\/pages\/20436"}],"collection":[{"href":"https:\/\/drinkizz.com\/vi\/wp-json\/wp\/v2\/pages"}],"about":[{"href":"https:\/\/drinkizz.com\/vi\/wp-json\/wp\/v2\/types\/page"}],"author":[{"embeddable":true,"href":"https:\/\/drinkizz.com\/vi\/wp-json\/wp\/v2\/users\/31"}],"replies":[{"embeddable":true,"href":"https:\/\/drinkizz.com\/vi\/wp-json\/wp\/v2\/comments?post=20436"}],"version-history":[{"count":6,"href":"https:\/\/drinkizz.com\/vi\/wp-json\/wp\/v2\/pages\/20436\/revisions"}],"predecessor-version":[{"id":20448,"href":"https:\/\/drinkizz.com\/vi\/wp-json\/wp\/v2\/pages\/20436\/revisions\/20448"}],"wp:attachment":[{"href":"https:\/\/drinkizz.com\/vi\/wp-json\/wp\/v2\/media?parent=20436"}],"curies":[{"name":"wp","href":"https:\/\/api.w.org\/{rel}","templated":true}]}}