{"id":20449,"date":"2024-03-22T09:50:13","date_gmt":"2024-03-22T09:50:13","guid":{"rendered":"https:\/\/drinkizz.com\/story-we-organic-vn\/"},"modified":"2024-03-22T09:51:31","modified_gmt":"2024-03-22T09:51:31","slug":"story-we-organic-vn","status":"publish","type":"page","link":"https:\/\/drinkizz.com\/vi\/story-we-organic-vn\/","title":{"rendered":"Story &#8211; We Organic VN"},"content":{"rendered":"\t\t<div data-elementor-type=\"wp-page\" data-elementor-id=\"20449\" class=\"elementor elementor-20449 elementor-20371\" data-elementor-settings=\"[]\">\n\t\t\t\t\t\t<div class=\"elementor-inner\">\n\t\t\t\t\t\t\t<div class=\"elementor-section-wrap\">\n\t\t\t\t\t\t\t<section class=\"elementor-section elementor-top-section elementor-element elementor-element-4154bf5 elementor-section-boxed elementor-section-height-default elementor-section-height-default\" data-id=\"4154bf5\" data-element_type=\"section\">\n\t\t\t\t\t\t<div class=\"elementor-container elementor-column-gap-default\">\n\t\t\t\t\t\t\t<div class=\"elementor-row\">\n\t\t\t\t\t<div class=\"elementor-column elementor-col-100 elementor-top-column elementor-element elementor-element-aae1e96\" data-id=\"aae1e96\" data-element_type=\"column\">\n\t\t\t<div class=\"elementor-column-wrap elementor-element-populated\">\n\t\t\t\t\t\t\t<div class=\"elementor-widget-wrap\">\n\t\t\t\t\t\t<div class=\"elementor-element elementor-element-099f67f elementor-widget elementor-widget-html\" data-id=\"099f67f\" data-element_type=\"widget\" data-widget_type=\"html.default\">\n\t\t\t\t<div class=\"elementor-widget-container\">\n\t\t\t<h2 style=\"text-align: center;\"><\/h2>\r\n<p style=\"text-align: center;\"><img loading=\"lazy\" decoding=\"async\" class=\"aligncenter wp-image-11889 size-full\" src=\"https:\/\/drinkizz.com\/staging\/wp-content\/uploads\/2020\/07\/Thiet-ke-khong-ten.png\" alt=\"\" width=\"190\" height=\"201\" srcset=\"https:\/\/drinkizz.com\/wp-content\/uploads\/2020\/07\/Thiet-ke-khong-ten.png 190w, https:\/\/drinkizz.com\/wp-content\/uploads\/2020\/07\/Thiet-ke-khong-ten-95x100.png 95w, https:\/\/drinkizz.com\/wp-content\/uploads\/2020\/07\/Thiet-ke-khong-ten-76x80.png 76w\" sizes=\"(max-width: 190px) 100vw, 190px\" \/><\/p>\r\n\r\n<div style=\"text-align: center; font-size: 25px; color: #b8ca61;\"><strong>Tyna - CEO<\/strong><\/div>\r\n<p style=\"text-align: center;\"><em><span style=\"font-weight: 400;\">Chuy\u00ean gia v\u1ec1 Chu\u1ed7i Gi\u00e1 Tr\u1ecb H\u1eefu C\u01a1<\/span><\/em><\/p>\r\n&nbsp;\r\n<p style=\"text-align: center;\"><span style=\"font-weight: 400;\">C\u00e2u chuy\u1ec7n c\u1ee7a Drinkizz b\u1eaft \u0111\u1ea7u v\u1edbi ba ng\u01b0\u1eddi \u0111\u1ed3ng s\u00e1ng l\u1eadp, <\/span><\/p>\r\n<p style=\"text-align: center;\"><span style=\"font-weight: 400;\">Tyna, Pierre &amp; Linh, nh\u1eefng doanh nh\u00e2n Vi\u1ec7t \u2013 Ph\u00e1p <\/span><\/p>\r\n<p style=\"text-align: center;\"><span style=\"font-weight: 400;\">c\u00f3 phong c\u00e1ch s\u1ed1ng r\u1ea5t n\u0103ng \u0111\u1ed9ng <\/span><span style=\"font-weight: 400;\">v\u00e0 \u0111am m\u00ea \u0111\u1ed5i m\u1edbi s\u00e1ng t\u1ea1o.<\/span><\/p>\r\n&nbsp;\r\n<p style=\"text-align: center;\"><a href=\"https:\/\/drinkizz.com\/staging\/wp-content\/uploads\/2020\/02\/sustainability.svg\"><img decoding=\"async\" class=\"wp-image-2413 aligncenter\" src=\"https:\/\/drinkizz.com\/staging\/wp-content\/uploads\/2020\/02\/sustainability.svg\" alt=\"\" width=\"80\" srcset=\"https:\/\/drinkizz.com\/wp-content\/uploads\/\/2020\/02\/sustainability.svg 150w, https:\/\/drinkizz.com\/wp-content\/uploads\/\/2020\/02\/sustainability.svg 300w, https:\/\/drinkizz.com\/wp-content\/uploads\/\/2020\/02\/sustainability.svg 1024w, https:\/\/drinkizz.com\/wp-content\/uploads\/\/2020\/02\/sustainability.svg 512w\" sizes=\"(max-width: 512px) 100vw, 512px\" \/><\/a><\/p>\r\n\r\n<div style=\"text-align: center; font-size: 20px; color: #444444;\"><strong>N\u0103m 2015<\/strong><\/div>\r\n<p style=\"text-align: center;\"><span style=\"font-weight: 400;\">V\u1edbi ni\u1ec1m \u0111am m\u00ea v\u1ec1\u00a0<\/span><b>\u201c<\/b><b>th\u1ea3o m\u1ed9c h\u1eefu c\u01a1<\/b><b>\u201d<\/b><span style=\"font-weight: 400;\">, <\/span><\/p>\r\n<p style=\"text-align: center;\"><span style=\"font-weight: 400;\">Tyna tr\u1edf v\u1ec1 Vi\u1ec7t Nam sau 10 n\u0103m s\u1ed1ng \u1edf Ph\u00e1p<\/span><\/p>\r\n<p style=\"text-align: center;\"><span style=\"font-weight: 400;\">v\u00e0 b\u1eaft \u0111\u1ea7u b\u1eb1ng vi\u1ec7c x\u00e2y d\u1ef1ng c\u00e1c\u00a0<strong>\"trang tr\u1ea1i h\u1eefu c\u01a1 th\u00f4ng minh\"<\/strong> \u1edf T\u00e2y Nguy\u00ean.<\/span><\/p>\r\n<p style=\"text-align: center;\">C\u00f4 \u0111\u00e3 h\u1ee3p t\u00e1c v\u1edbi ng\u01b0\u1eddi n\u00f4ng d\u00e2n \u0111\u1ecba ph\u01b0\u01a1ng,<\/p>\r\n<p style=\"text-align: center;\">\u0111\u1eb7c bi\u1ec7t l\u00e0 ng\u01b0\u1eddi d\u00e2n t\u1ed9c thi\u1ec3u s\u1ed1 Bahnar \u0111\u1ec3 xo\u00e1 b\u1ecf t\u1ee5c l\u1ec7\u00a0<strong>\u0111\u1ed1t r\u1eebng l\u00e0m n\u01b0\u01a1ng r\u1eaby,<\/strong><\/p>\r\n<p style=\"text-align: center;\">v\u00e0 chuy\u1ec3n sang n\u00f4ng nghi\u1ec7p h\u1eefu c\u01a1 gi\u00fap gia t\u0103ng thu nh\u1eadp b\u1ec1n v\u1eefng.<\/p>\r\n<p style=\"text-align: center;\">T\u1ea1i Kontum, c\u00f4 \u0111\u00e3 kh\u00e1m ph\u00e1 ra\u00a0<strong>\"Ngu\u1ed3n N\u0103ng L\u01b0\u1ee3ng T\u1ef1 Nhi\u00ean B\u00ed \u1ea8n\"<\/strong><\/p>\r\n<p style=\"text-align: center;\">d\u1ef1a v\u00e0o vi\u1ec7c s\u1eed d\u1ee5ng c\u00e1c lo\u1ea1i th\u1ea3o m\u1ed9c \u0111a d\u1ea1ng sinh h\u1ecdc b\u1ea3n \u0111\u1ecba v\u00e0 th\u1ef1c v\u1eadt r\u1eebng.<\/p>\r\n<p style=\"text-align: center;\"><span style=\"font-weight: 400;\">t\u00f4i \u0111\u00e3 h\u1ecdc t\u1eeb ng\u01b0\u1eddi n\u00f4ng d\u00e2n \u0111\u1ecba ph\u01b0\u01a1ng, <\/span><\/p>\r\n<p style=\"text-align: center;\"><span style=\"font-weight: 400;\">\u0111\u1eb7c bi\u1ec7t l\u00e0 \u0111\u1ed3ng b\u00e0o Bahnar v\u1ec1 <\/span><b>\u201cNgu\u1ed3n N\u0103ng L\u01b0\u1ee3ng T\u1ef1 Nhi\u00ean B\u00ed \u1ea8n\u201d<\/b><\/p>\r\n<p style=\"text-align: center;\"><span style=\"font-weight: 400;\">\u0111\u1ebfn t\u1eeb vi\u1ec7c s\u1eed d\u1ee5ng c\u00e1c lo\u1ea1i c\u00e2y c\u1ecf \u0111a d\u1ea1ng sinh h\u1ecdc trong r\u1eebng t\u1ef1 nhi\u00ean.<\/span><\/p>\r\n<p style=\"text-align: center;\">Sau \u0111\u00f3 Tyna ch\u1ecdn\u00a0<strong>\"10 Nguy\u00ean Li\u1ec7u H\u1eefu C\u01a1 Di\u1ec7u K\u1ef3\"<\/strong><\/p>\r\n<p style=\"text-align: center;\">\u0111\u1ebfn t\u1eeb cao nguy\u00ean v\u00e0 n\u00fai r\u1eebng Vi\u1ec7t Nam \u0111\u1ec3 b\u1eaft \u0111\u1ea7u ph\u00e1t tri\u1ec3n c\u00f4ng th\u01b0cs n\u01b0\u1edbc O.N.E.<\/p>\r\n<p style=\"text-align: center;\">M\u1ed7i nguy\u00ean li\u1ec7u \u0111\u1ec1u \u0111\u01b0\u1ee3c tr\u1ed3ng theo ph\u01b0\u01a1ng ph\u00e1p h\u1eefu c\u01a1 ph\u00f9 h\u1ee3p v\u00e0 th\u1ed5 nh\u01b0\u1ee1ng \u0111\u1ecba ph\u01b0\u01a1ng v\u00e0 kh\u00ed h\u1eadu \u0111\u1eb7c tr\u01b0ng v\u00f9ng mi\u1ec1n.<\/p>\r\n<p style=\"text-align: center;\">Ch\u00fang t\u00f4i ch\u1ec9 thu ho\u1ea1ch v\u00e0o th\u1eddi \u0111i\u1ec3m t\u1ed1t nh\u1ea5t theo m\u00f9a v\u1ee5 v\u00e0 \u00e1p d\u1ee5ng ph\u01b0\u01a1ng ph\u00e1p s\u1ea5y kh\u00f4<\/p>\r\n<p style=\"text-align: center;\">\u0111\u1ec3 gi\u1eef nguy\u00ean\u00a0<strong>\"H\u01b0\u01a1ng V\u1ecb v\u00e0 Dinh D\u01b0\u1ee1ng Tinh T\u00fay\" <\/strong>c\u1ee7a nguy\u00ean li\u1ec7u tr\u01b0\u1edbc khi \u0111\u01b0a v\u00e0o quy tr\u00ecnh n\u1ea5u n\u01b0\u1edbc.<\/p>\r\n&nbsp;\r\n<p style=\"text-align: center;\"><\/p>\t\t<\/div>\n\t\t\t\t<\/div>\n\t\t\t\t\t\t<\/div>\n\t\t\t\t\t<\/div>\n\t\t<\/div>\n\t\t\t\t\t\t\t\t<\/div>\n\t\t\t\t\t<\/div>\n\t\t<\/section>\n\t\t\t\t<section class=\"elementor-section elementor-top-section elementor-element elementor-element-9b0ac87 elementor-section-full_width elementor-section-height-default elementor-section-height-default\" data-id=\"9b0ac87\" data-element_type=\"section\">\n\t\t\t\t\t\t<div class=\"elementor-container elementor-column-gap-default\">\n\t\t\t\t\t\t\t<div class=\"elementor-row\">\n\t\t\t\t\t<div class=\"elementor-column elementor-col-100 elementor-top-column elementor-element elementor-element-9d3c69a\" data-id=\"9d3c69a\" data-element_type=\"column\">\n\t\t\t<div class=\"elementor-column-wrap\">\n\t\t\t\t\t\t\t<div class=\"elementor-widget-wrap\">\n\t\t\t\t\t\t\t\t<\/div>\n\t\t\t\t\t<\/div>\n\t\t<\/div>\n\t\t\t\t\t\t\t\t<\/div>\n\t\t\t\t\t<\/div>\n\t\t<\/section>\n\t\t\t\t\t\t<\/div>\n\t\t\t\t\t\t<\/div>\n\t\t\t\t\t<\/div>\n\t\t","protected":false},"excerpt":{"rendered":"<p>Tyna &#8211; CEO Chuy\u00ean gia v\u1ec1 Chu\u1ed7i Gi\u00e1 Tr\u1ecb H\u1eefu C\u01a1 &nbsp; C\u00e2u chuy\u1ec7n c\u1ee7a Drinkizz b\u1eaft \u0111\u1ea7u v\u1edbi ba ng\u01b0\u1eddi \u0111\u1ed3ng s\u00e1ng l\u1eadp, Tyna, Pierre &amp; Linh, nh\u1eefng doanh nh\u00e2n Vi\u1ec7t \u2013 Ph\u00e1p c\u00f3 phong c\u00e1ch s\u1ed1ng r\u1ea5t n\u0103ng &hellip; <a href=\"\">Read More<\/a><\/p>\n","protected":false},"author":31,"featured_media":0,"parent":0,"menu_order":0,"comment_status":"closed","ping_status":"closed","template":"","meta":{"footnotes":""},"yoast_head":"<!-- This site is optimized with the Yoast SEO plugin v17.0 - https:\/\/yoast.com\/wordpress\/plugins\/seo\/ -->\n<title>Story - We Organic VN - Drinkizz<\/title>\n<meta name=\"description\" content=\"- Drinkizz\" \/>\n<meta name=\"robots\" content=\"index, follow, max-snippet:-1, max-image-preview:large, max-video-preview:-1\" \/>\n<link rel=\"canonical\" href=\"https:\/\/drinkizz.com\/vi\/story-we-organic-vn\/\" \/>\n<meta property=\"og:locale\" content=\"vi_VN\" \/>\n<meta property=\"og:type\" content=\"article\" \/>\n<meta property=\"og:title\" content=\"Story - We Organic VN - Drinkizz\" \/>\n<meta property=\"og:description\" content=\"- Drinkizz\" \/>\n<meta property=\"og:url\" content=\"https:\/\/drinkizz.com\/vi\/story-we-organic-vn\/\" \/>\n<meta property=\"og:site_name\" content=\"Drinkizz\" \/>\n<meta property=\"article:publisher\" content=\"https:\/\/www.facebook.com\/drinkizz\/\" \/>\n<meta property=\"article:modified_time\" content=\"2024-03-22T09:51:31+00:00\" \/>\n<meta property=\"og:image\" content=\"https:\/\/drinkizz.com\/staging\/wp-content\/uploads\/2020\/07\/Thiet-ke-khong-ten.png\" \/>\n<meta name=\"twitter:card\" content=\"summary_large_image\" \/>\n<meta name=\"twitter:site\" content=\"@drinkizzorganic\" \/>\n<meta name=\"twitter:label1\" content=\"Est. reading time\" \/>\n\t<meta name=\"twitter:data1\" content=\"2 minutes\" \/>\n<script type=\"application\/ld+json\" class=\"yoast-schema-graph\">{\"@context\":\"https:\/\/schema.org\",\"@graph\":[{\"@type\":\"Organization\",\"@id\":\"https:\/\/drinkizz.com\/vi\/#organization\",\"name\":\"Drinkizz\",\"url\":\"https:\/\/drinkizz.com\/vi\/\",\"sameAs\":[\"https:\/\/www.facebook.com\/drinkizz\/\",\"https:\/\/www.instagram.com\/drinkizz_one\/\",\"https:\/\/www.linkedin.com\/company\/drinkizz\/\",\"https:\/\/www.youtube.com\/channel\/UC3t0_ox_a4dlFBwu-Kiw4Ew\",\"https:\/\/twitter.com\/drinkizzorganic\"],\"logo\":{\"@type\":\"ImageObject\",\"@id\":\"https:\/\/drinkizz.com\/vi\/#logo\",\"inLanguage\":\"vi-VN\",\"url\":\"https:\/\/drinkizz.com\/wp-content\/uploads\/2020\/02\/LOGO_DRINKIZZ_DARK_20201218-scaled.jpg\",\"contentUrl\":\"https:\/\/drinkizz.com\/wp-content\/uploads\/2020\/02\/LOGO_DRINKIZZ_DARK_20201218-scaled.jpg\",\"width\":1920,\"height\":1358,\"caption\":\"Drinkizz\"},\"image\":{\"@id\":\"https:\/\/drinkizz.com\/vi\/#logo\"}},{\"@type\":\"WebSite\",\"@id\":\"https:\/\/drinkizz.com\/vi\/#website\",\"url\":\"https:\/\/drinkizz.com\/vi\/\",\"name\":\"Drinkizz\",\"description\":\"Kiss your Energy\",\"publisher\":{\"@id\":\"https:\/\/drinkizz.com\/vi\/#organization\"},\"potentialAction\":[{\"@type\":\"SearchAction\",\"target\":{\"@type\":\"EntryPoint\",\"urlTemplate\":\"https:\/\/drinkizz.com\/vi\/?s={search_term_string}\"},\"query-input\":\"required name=search_term_string\"}],\"inLanguage\":\"vi-VN\"},{\"@type\":\"ImageObject\",\"@id\":\"https:\/\/drinkizz.com\/vi\/story-we-organic-vn\/#primaryimage\",\"inLanguage\":\"vi-VN\",\"url\":\"https:\/\/drinkizz.com\/staging\/wp-content\/uploads\/2020\/07\/Thiet-ke-khong-ten.png\",\"contentUrl\":\"https:\/\/drinkizz.com\/staging\/wp-content\/uploads\/2020\/07\/Thiet-ke-khong-ten.png\"},{\"@type\":[\"WebPage\",\"FAQPage\"],\"@id\":\"https:\/\/drinkizz.com\/vi\/story-we-organic-vn\/#webpage\",\"url\":\"https:\/\/drinkizz.com\/vi\/story-we-organic-vn\/\",\"name\":\"Story - We Organic VN - Drinkizz\",\"isPartOf\":{\"@id\":\"https:\/\/drinkizz.com\/vi\/#website\"},\"primaryImageOfPage\":{\"@id\":\"https:\/\/drinkizz.com\/vi\/story-we-organic-vn\/#primaryimage\"},\"datePublished\":\"2024-03-22T09:50:13+00:00\",\"dateModified\":\"2024-03-22T09:51:31+00:00\",\"description\":\"- Drinkizz\",\"breadcrumb\":{\"@id\":\"https:\/\/drinkizz.com\/vi\/story-we-organic-vn\/#breadcrumb\"},\"inLanguage\":\"vi-VN\",\"potentialAction\":[{\"@type\":\"ReadAction\",\"target\":[\"https:\/\/drinkizz.com\/vi\/story-we-organic-vn\/\"]}]},{\"@type\":\"BreadcrumbList\",\"@id\":\"https:\/\/drinkizz.com\/vi\/story-we-organic-vn\/#breadcrumb\",\"itemListElement\":[{\"@type\":\"ListItem\",\"position\":1,\"name\":\"Home\",\"item\":\"https:\/\/drinkizz.com\/vi\/\"},{\"@type\":\"ListItem\",\"position\":2,\"name\":\"Story &#8211; We Organic VN\"}]}]}<\/script>\n<!-- \/ Yoast SEO plugin. -->","yoast_head_json":{"title":"Story - We Organic VN - Drinkizz","description":"- Drinkizz","robots":{"index":"index","follow":"follow","max-snippet":"max-snippet:-1","max-image-preview":"max-image-preview:large","max-video-preview":"max-video-preview:-1"},"canonical":"https:\/\/drinkizz.com\/vi\/story-we-organic-vn\/","og_locale":"vi_VN","og_type":"article","og_title":"Story - We Organic VN - Drinkizz","og_description":"- Drinkizz","og_url":"https:\/\/drinkizz.com\/vi\/story-we-organic-vn\/","og_site_name":"Drinkizz","article_publisher":"https:\/\/www.facebook.com\/drinkizz\/","article_modified_time":"2024-03-22T09:51:31+00:00","og_image":[{"url":"https:\/\/drinkizz.com\/staging\/wp-content\/uploads\/2020\/07\/Thiet-ke-khong-ten.png"}],"twitter_card":"summary_large_image","twitter_site":"@drinkizzorganic","twitter_misc":{"Est. reading time":"2 minutes"},"schema":{"@context":"https:\/\/schema.org","@graph":[{"@type":"Organization","@id":"https:\/\/drinkizz.com\/vi\/#organization","name":"Drinkizz","url":"https:\/\/drinkizz.com\/vi\/","sameAs":["https:\/\/www.facebook.com\/drinkizz\/","https:\/\/www.instagram.com\/drinkizz_one\/","https:\/\/www.linkedin.com\/company\/drinkizz\/","https:\/\/www.youtube.com\/channel\/UC3t0_ox_a4dlFBwu-Kiw4Ew","https:\/\/twitter.com\/drinkizzorganic"],"logo":{"@type":"ImageObject","@id":"https:\/\/drinkizz.com\/vi\/#logo","inLanguage":"vi-VN","url":"https:\/\/drinkizz.com\/wp-content\/uploads\/2020\/02\/LOGO_DRINKIZZ_DARK_20201218-scaled.jpg","contentUrl":"https:\/\/drinkizz.com\/wp-content\/uploads\/2020\/02\/LOGO_DRINKIZZ_DARK_20201218-scaled.jpg","width":1920,"height":1358,"caption":"Drinkizz"},"image":{"@id":"https:\/\/drinkizz.com\/vi\/#logo"}},{"@type":"WebSite","@id":"https:\/\/drinkizz.com\/vi\/#website","url":"https:\/\/drinkizz.com\/vi\/","name":"Drinkizz","description":"Kiss your Energy","publisher":{"@id":"https:\/\/drinkizz.com\/vi\/#organization"},"potentialAction":[{"@type":"SearchAction","target":{"@type":"EntryPoint","urlTemplate":"https:\/\/drinkizz.com\/vi\/?s={search_term_string}"},"query-input":"required name=search_term_string"}],"inLanguage":"vi-VN"},{"@type":"ImageObject","@id":"https:\/\/drinkizz.com\/vi\/story-we-organic-vn\/#primaryimage","inLanguage":"vi-VN","url":"https:\/\/drinkizz.com\/staging\/wp-content\/uploads\/2020\/07\/Thiet-ke-khong-ten.png","contentUrl":"https:\/\/drinkizz.com\/staging\/wp-content\/uploads\/2020\/07\/Thiet-ke-khong-ten.png"},{"@type":["WebPage","FAQPage"],"@id":"https:\/\/drinkizz.com\/vi\/story-we-organic-vn\/#webpage","url":"https:\/\/drinkizz.com\/vi\/story-we-organic-vn\/","name":"Story - We Organic VN - Drinkizz","isPartOf":{"@id":"https:\/\/drinkizz.com\/vi\/#website"},"primaryImageOfPage":{"@id":"https:\/\/drinkizz.com\/vi\/story-we-organic-vn\/#primaryimage"},"datePublished":"2024-03-22T09:50:13+00:00","dateModified":"2024-03-22T09:51:31+00:00","description":"- Drinkizz","breadcrumb":{"@id":"https:\/\/drinkizz.com\/vi\/story-we-organic-vn\/#breadcrumb"},"inLanguage":"vi-VN","potentialAction":[{"@type":"ReadAction","target":["https:\/\/drinkizz.com\/vi\/story-we-organic-vn\/"]}]},{"@type":"BreadcrumbList","@id":"https:\/\/drinkizz.com\/vi\/story-we-organic-vn\/#breadcrumb","itemListElement":[{"@type":"ListItem","position":1,"name":"Home","item":"https:\/\/drinkizz.com\/vi\/"},{"@type":"ListItem","position":2,"name":"Story &#8211; We Organic VN"}]}]}},"_links":{"self":[{"href":"https:\/\/drinkizz.com\/vi\/wp-json\/wp\/v2\/pages\/20449"}],"collection":[{"href":"https:\/\/drinkizz.com\/vi\/wp-json\/wp\/v2\/pages"}],"about":[{"href":"https:\/\/drinkizz.com\/vi\/wp-json\/wp\/v2\/types\/page"}],"author":[{"embeddable":true,"href":"https:\/\/drinkizz.com\/vi\/wp-json\/wp\/v2\/users\/31"}],"replies":[{"embeddable":true,"href":"https:\/\/drinkizz.com\/vi\/wp-json\/wp\/v2\/comments?post=20449"}],"version-history":[{"count":4,"href":"https:\/\/drinkizz.com\/vi\/wp-json\/wp\/v2\/pages\/20449\/revisions"}],"predecessor-version":[{"id":20454,"href":"https:\/\/drinkizz.com\/vi\/wp-json\/wp\/v2\/pages\/20449\/revisions\/20454"}],"wp:attachment":[{"href":"https:\/\/drinkizz.com\/vi\/wp-json\/wp\/v2\/media?parent=20449"}],"curies":[{"name":"wp","href":"https:\/\/api.w.org\/{rel}","templated":true}]}}