{"id":20455,"date":"2024-03-22T09:54:34","date_gmt":"2024-03-22T09:54:34","guid":{"rendered":"https:\/\/drinkizz.com\/story-we-humans-vn\/"},"modified":"2024-03-22T09:55:31","modified_gmt":"2024-03-22T09:55:31","slug":"story-we-humans-vn","status":"publish","type":"page","link":"https:\/\/drinkizz.com\/vi\/story-we-humans-vn\/","title":{"rendered":"Story &#8211; We Humans VN"},"content":{"rendered":"\t\t<div data-elementor-type=\"wp-page\" data-elementor-id=\"20455\" class=\"elementor elementor-20455 elementor-20391\" data-elementor-settings=\"[]\">\n\t\t\t\t\t\t<div class=\"elementor-inner\">\n\t\t\t\t\t\t\t<div class=\"elementor-section-wrap\">\n\t\t\t\t\t\t\t<section class=\"elementor-section elementor-top-section elementor-element elementor-element-4154bf5 elementor-section-boxed elementor-section-height-default elementor-section-height-default\" data-id=\"4154bf5\" data-element_type=\"section\">\n\t\t\t\t\t\t<div class=\"elementor-container elementor-column-gap-default\">\n\t\t\t\t\t\t\t<div class=\"elementor-row\">\n\t\t\t\t\t<div class=\"elementor-column elementor-col-100 elementor-top-column elementor-element elementor-element-aae1e96\" data-id=\"aae1e96\" data-element_type=\"column\">\n\t\t\t<div class=\"elementor-column-wrap elementor-element-populated\">\n\t\t\t\t\t\t\t<div class=\"elementor-widget-wrap\">\n\t\t\t\t\t\t<div class=\"elementor-element elementor-element-099f67f elementor-widget elementor-widget-html\" data-id=\"099f67f\" data-element_type=\"widget\" data-widget_type=\"html.default\">\n\t\t\t\t<div class=\"elementor-widget-container\">\n\t\t\t&nbsp;\r\n<p style=\"text-align: center;\"><b>CAM K\u1ebeT C\u1ee6A CH\u00daNG T\u00d4I<\/b><\/p>\r\n&nbsp;\r\n<p style=\"text-align: center;\"><img loading=\"lazy\" decoding=\"async\" class=\"alignnone size-medium wp-image-2419\" src=\"https:\/\/drinkizz.com\/staging\/wp-content\/uploads\/2020\/05\/favicon_drinkizz.png\" alt=\"\" width=\"25\" height=\"25\" \/><\/p>\r\n<p style=\"text-align: center;\"><span style=\"font-weight: 400;\">\u0110\u1ed9i ng\u0169 c\u1ee7a ch\u00fang t\u00f4i l\u00e0 s\u1ef1 k\u1ebft h\u1ee3p c\u1ee7a hai n\u1ec1n v\u0103n h\u00f3a Ph\u00e1p Vi\u1ec7t,\u00a0 <\/span><\/p>\r\n<p style=\"text-align: center;\"><span style=\"font-weight: 400;\">kh\u00f4ng ch\u1ec9 l\u00e0m vi\u1ec7c v\u1edbi t\u01b0 duy khoa h\u1ecdc \u0111\u1ec3 \u0111\u1ed5i m\u1edbi m\u00e0 c\u00f2n m\u1edf r\u1ed9ng tr\u00e1i tim \u0111\u1ec3 c\u1ea3m nh\u1eadn c\u00e1c gi\u00e1 tr\u1ecb b\u1ec1n v\u1eefng<\/span><span style=\"font-weight: 400;\">. <\/span><\/p>\r\n<p style=\"text-align: center;\"><span style=\"font-weight: 400;\">Ch\u00fang t\u00f4i ho\u1ea1t \u0111\u1ed9ng nh\u01b0 l\u00e0 m\u1ed9t doanh nghi\u1ec7p x\u00e3 h\u1ed9i- lu\u00f4n t\u00ecm c\u00e1ch t\u1ed1i \u0111a h\u00f3a l\u1ee3i nhu\u1eadn \u0111\u1ed3ng th\u1eddi t\u1ed1i \u0111a h\u00f3a l\u1ee3i \u00edch cho x\u00e3 h\u1ed9i v\u00e0 m\u00f4i tr\u01b0\u1eddng.<\/span><\/p>\r\n<p style=\"text-align: center;\"><strong>V\u00e0 ch\u00fang t\u00f4i cam k\u1ebft<\/strong><\/p>\r\n<p style=\"text-align: center;\"><img loading=\"lazy\" decoding=\"async\" class=\"alignnone size-medium wp-image-2419\" src=\"https:\/\/drinkizz.com\/staging\/wp-content\/uploads\/2020\/05\/favicon_drinkizz.png\" alt=\"\" width=\"25\" height=\"25\" \/><span style=\"font-weight: 400;\">Ch\u00fang t\u00f4i l\u00e0m vi\u1ec7c tr\u1ef1c ti\u1ebfp v\u1edbi n\u00f4ng d\u00e2n \u0111\u1ecba ph\u01b0\u01a1ng \u0111\u1ec3 ch\u1ecdn t\u1eebng th\u00e0nh ph\u1ea7n h\u1eefu c\u01a1 ch\u1ea5t l\u01b0\u1ee3ng <\/span><\/p>\r\n<p style=\"text-align: center;\"><span style=\"font-weight: 400;\">v\u00e0 thu ho\u1ea1ch t\u1ef1 nhi\u00ean v\u1edbi s\u1ef1 <\/span><b>quan t\u00e2m \u0111\u1ebfn m\u00f4i tr\u01b0\u1eddng v\u00e0 \u0111a d\u1ea1ng sinh h\u1ecdc b\u1ea3n \u0111\u1ecba v\u00e0 th\u1ef1c v\u1eadt r\u1eebng.<\/b><\/p>\r\n&nbsp;\r\n<p style=\"text-align: center;\"><img loading=\"lazy\" decoding=\"async\" class=\"alignnone size-medium wp-image-2419\" src=\"https:\/\/drinkizz.com\/staging\/wp-content\/uploads\/2020\/05\/favicon_drinkizz.png\" alt=\"\" width=\"25\" height=\"25\" \/>Ch\u00fang t\u00f4i h\u1ee3p t\u00e1c v\u1edbi c\u00e1c nh\u00e0 m\u00e1y ch\u1ea5t l\u01b0\u1ee3ng cao v\u00e0 th\u1ef1c h\u00e0nh s\u1ea3n xu\u1ea5t t\u1ed1t \u0111\u1ec3 \u0111\u1ea3m b\u1ea3o an to\u00e0n<\/p>\r\n<p style=\"text-align: center;\">v\u00e0 ki\u1ec3m so\u00e1t ch\u1ea5t l\u01b0\u1ee3ng v\u1edbi c\u00e1c ch\u1ee9ng nh\u1eadn uy t\u00edn nh\u01b0 EU, USDA, FDA, GMP vv. cho s\u1ee9c kh\u1ecfe ng\u01b0\u1eddi ti\u00eau d\u00f9ng.<\/p>\r\n&nbsp;\r\n<p style=\"text-align: center;\"><img loading=\"lazy\" decoding=\"async\" class=\"alignnone size-medium wp-image-2419\" src=\"https:\/\/drinkizz.com\/staging\/wp-content\/uploads\/2020\/05\/favicon_drinkizz.png\" alt=\"\" width=\"25\" height=\"25\" \/>Ch\u00fang t\u00f4i \u00e1p d\u1ee5ng c\u00f4ng ngh\u1ec7 ti\u00ean ti\u1ebfn \u0111\u1ec3 truy xu\u1ea5t ngu\u1ed3n g\u1ed1c d\u1eef li\u1ec7u minh b\u1ea1ch<\/p>\r\n<p style=\"text-align: center;\">t\u1eeb th\u00e0nh ph\u1ea7n \u0111\u1ebfn qu\u1ea3n l\u00fd ch\u1ea5t th\u1ea3i \u0111\u1ec3 gi\u00fap ng\u01b0\u1eddi ti\u00eau d\u00f9ng<\/p>\r\n<p style=\"text-align: center;\">nh\u1eadn \u0111\u01b0\u1ee3c th\u00f4ng tin trung th\u1ef1c v\u00e0 k\u1ebft n\u1ed1i v\u1edbi nhau.<\/p>\r\n<p style=\"text-align: center;\"><img loading=\"lazy\" decoding=\"async\" class=\"alignnone size-medium wp-image-2419\" src=\"https:\/\/drinkizz.com\/staging\/wp-content\/uploads\/2020\/05\/favicon_drinkizz.png\" alt=\"\" width=\"25\" height=\"25\" \/>Ch\u00fang t\u00f4i ki\u1ec3m so\u00e1t l\u01b0\u1ee3ng kh\u00ed th\u1ea3i CO2 c\u1ee7a chu\u1ed7i s\u1ea3n xu\u1ea5t<\/p>\r\n<p style=\"text-align: center;\">b\u1eb1ng c\u00e1ch s\u1eed d\u1ee5ng t\u1ed1i \u0111a th\u00e0nh ph\u1ea7n h\u1eefu c\u01a1 c\u00f3 kh\u1ea3 n\u0103ng ph\u00e2n h\u1ee7y v\u00e0 bao b\u00ec ph\u00f9 h\u1ee3p v\u1edbi ho\u00e0n c\u1ea3nh \u0111\u1ecba ph\u01b0\u01a1ng.<\/p>\r\n&nbsp;\r\n<p style=\"text-align: center;\"><img loading=\"lazy\" decoding=\"async\" class=\"alignnone size-medium wp-image-2419\" src=\"https:\/\/drinkizz.com\/staging\/wp-content\/uploads\/2020\/05\/favicon_drinkizz.png\" alt=\"\" width=\"25\" height=\"25\" \/><span style=\"font-weight: 400;\">Ch\u00fang t\u00f4i \u0111\u00f3ng g\u00f3p <\/span><b>1% doanh thu tr\u00ean m\u1ed7i lon O.N.E v\u00e0o<\/b><\/p>\r\n<p style=\"text-align: center;\"><span style=\"font-weight: 400;\">\u201c<\/span><b>Qu\u1ef9 C\u00f4ng b\u1eb1ng cho Cu\u1ed9c s\u1ed1ng<\/b><span style=\"font-weight: 400;\">\u201d \u0111\u1ec3 h\u1ed7 tr\u1ee3 c\u00e1c nh\u00e0 s\u1ea3n xu\u1ea5t nh\u1ecf l\u1ebb, <\/span><\/p>\r\n<p style=\"text-align: center;\"><span style=\"font-weight: 400;\">c\u00f4ng nh\u00e2n, n\u00f4ng d\u00e2n v\u00f9ng s\u00e2u v\u00f9ng xa ph\u00e1t tri\u1ec3n b\u1ec1n v\u1eefng.<\/span><\/p>\r\n&nbsp;\r\n<p style=\"text-align: center;\"><b>Nh\u01b0 v\u1eady, khi b\u1ea1n ch\u1ecdn u\u1ed1ng 1 lon n\u01b0\u1edbc O.N.E, <\/b><\/p>\r\n<p style=\"text-align: center;\"><b>b\u1ea1n s\u1ebd mang \u0111\u1ebfn t\u00e1c \u0111\u1ed9ng tr\u1ef1c ti\u1ebfp \u0111\u1ebfn to\u00e0n b\u1ed9 chu\u1ed7i gi\u00e1 tr\u1ecb h\u1eefu c\u01a1<\/b><\/p>\t\t<\/div>\n\t\t\t\t<\/div>\n\t\t\t\t\t\t<\/div>\n\t\t\t\t\t<\/div>\n\t\t<\/div>\n\t\t\t\t\t\t\t\t<\/div>\n\t\t\t\t\t<\/div>\n\t\t<\/section>\n\t\t\t\t<section class=\"elementor-section elementor-top-section elementor-element elementor-element-9b0ac87 elementor-section-full_width elementor-section-height-default elementor-section-height-default\" data-id=\"9b0ac87\" data-element_type=\"section\">\n\t\t\t\t\t\t<div class=\"elementor-container elementor-column-gap-default\">\n\t\t\t\t\t\t\t<div class=\"elementor-row\">\n\t\t\t\t\t<div class=\"elementor-column elementor-col-100 elementor-top-column elementor-element elementor-element-9d3c69a\" data-id=\"9d3c69a\" data-element_type=\"column\">\n\t\t\t<div class=\"elementor-column-wrap\">\n\t\t\t\t\t\t\t<div class=\"elementor-widget-wrap\">\n\t\t\t\t\t\t\t\t<\/div>\n\t\t\t\t\t<\/div>\n\t\t<\/div>\n\t\t\t\t\t\t\t\t<\/div>\n\t\t\t\t\t<\/div>\n\t\t<\/section>\n\t\t\t\t\t\t<\/div>\n\t\t\t\t\t\t<\/div>\n\t\t\t\t\t<\/div>\n\t\t","protected":false},"excerpt":{"rendered":"<p>&nbsp; CAM K\u1ebeT C\u1ee6A CH\u00daNG T\u00d4I &nbsp; \u0110\u1ed9i ng\u0169 c\u1ee7a ch\u00fang t\u00f4i l\u00e0 s\u1ef1 k\u1ebft h\u1ee3p c\u1ee7a hai n\u1ec1n v\u0103n h\u00f3a Ph\u00e1p Vi\u1ec7t,\u00a0 kh\u00f4ng ch\u1ec9 l\u00e0m vi\u1ec7c v\u1edbi t\u01b0 duy khoa h\u1ecdc \u0111\u1ec3 \u0111\u1ed5i m\u1edbi m\u00e0 c\u00f2n m\u1edf r\u1ed9ng tr\u00e1i &hellip; <a href=\"\">Read More<\/a><\/p>\n","protected":false},"author":31,"featured_media":0,"parent":0,"menu_order":0,"comment_status":"closed","ping_status":"closed","template":"","meta":{"footnotes":""},"yoast_head":"<!-- This site is optimized with the Yoast SEO plugin v17.0 - https:\/\/yoast.com\/wordpress\/plugins\/seo\/ -->\n<title>Story - We Humans VN - Drinkizz<\/title>\n<meta name=\"description\" content=\"- Drinkizz\" \/>\n<meta name=\"robots\" content=\"index, follow, max-snippet:-1, max-image-preview:large, max-video-preview:-1\" \/>\n<link rel=\"canonical\" href=\"https:\/\/drinkizz.com\/vi\/story-we-humans-vn\/\" \/>\n<meta property=\"og:locale\" content=\"vi_VN\" \/>\n<meta property=\"og:type\" content=\"article\" \/>\n<meta property=\"og:title\" content=\"Story - We Humans VN - Drinkizz\" \/>\n<meta property=\"og:description\" content=\"- Drinkizz\" \/>\n<meta property=\"og:url\" content=\"https:\/\/drinkizz.com\/vi\/story-we-humans-vn\/\" \/>\n<meta property=\"og:site_name\" content=\"Drinkizz\" \/>\n<meta property=\"article:publisher\" content=\"https:\/\/www.facebook.com\/drinkizz\/\" \/>\n<meta property=\"article:modified_time\" content=\"2024-03-22T09:55:31+00:00\" \/>\n<meta property=\"og:image\" content=\"https:\/\/drinkizz.com\/staging\/wp-content\/uploads\/2020\/05\/favicon_drinkizz.png\" \/>\n<meta name=\"twitter:card\" content=\"summary_large_image\" \/>\n<meta name=\"twitter:site\" content=\"@drinkizzorganic\" \/>\n<meta name=\"twitter:label1\" content=\"Est. reading time\" \/>\n\t<meta name=\"twitter:data1\" content=\"3 minutes\" \/>\n<script type=\"application\/ld+json\" class=\"yoast-schema-graph\">{\"@context\":\"https:\/\/schema.org\",\"@graph\":[{\"@type\":\"Organization\",\"@id\":\"https:\/\/drinkizz.com\/vi\/#organization\",\"name\":\"Drinkizz\",\"url\":\"https:\/\/drinkizz.com\/vi\/\",\"sameAs\":[\"https:\/\/www.facebook.com\/drinkizz\/\",\"https:\/\/www.instagram.com\/drinkizz_one\/\",\"https:\/\/www.linkedin.com\/company\/drinkizz\/\",\"https:\/\/www.youtube.com\/channel\/UC3t0_ox_a4dlFBwu-Kiw4Ew\",\"https:\/\/twitter.com\/drinkizzorganic\"],\"logo\":{\"@type\":\"ImageObject\",\"@id\":\"https:\/\/drinkizz.com\/vi\/#logo\",\"inLanguage\":\"vi-VN\",\"url\":\"https:\/\/drinkizz.com\/wp-content\/uploads\/2020\/02\/LOGO_DRINKIZZ_DARK_20201218-scaled.jpg\",\"contentUrl\":\"https:\/\/drinkizz.com\/wp-content\/uploads\/2020\/02\/LOGO_DRINKIZZ_DARK_20201218-scaled.jpg\",\"width\":1920,\"height\":1358,\"caption\":\"Drinkizz\"},\"image\":{\"@id\":\"https:\/\/drinkizz.com\/vi\/#logo\"}},{\"@type\":\"WebSite\",\"@id\":\"https:\/\/drinkizz.com\/vi\/#website\",\"url\":\"https:\/\/drinkizz.com\/vi\/\",\"name\":\"Drinkizz\",\"description\":\"Kiss your Energy\",\"publisher\":{\"@id\":\"https:\/\/drinkizz.com\/vi\/#organization\"},\"potentialAction\":[{\"@type\":\"SearchAction\",\"target\":{\"@type\":\"EntryPoint\",\"urlTemplate\":\"https:\/\/drinkizz.com\/vi\/?s={search_term_string}\"},\"query-input\":\"required name=search_term_string\"}],\"inLanguage\":\"vi-VN\"},{\"@type\":\"ImageObject\",\"@id\":\"https:\/\/drinkizz.com\/vi\/story-we-humans-vn\/#primaryimage\",\"inLanguage\":\"vi-VN\",\"url\":\"https:\/\/drinkizz.com\/staging\/wp-content\/uploads\/2020\/05\/favicon_drinkizz.png\",\"contentUrl\":\"https:\/\/drinkizz.com\/staging\/wp-content\/uploads\/2020\/05\/favicon_drinkizz.png\"},{\"@type\":[\"WebPage\",\"FAQPage\"],\"@id\":\"https:\/\/drinkizz.com\/vi\/story-we-humans-vn\/#webpage\",\"url\":\"https:\/\/drinkizz.com\/vi\/story-we-humans-vn\/\",\"name\":\"Story - We Humans VN - Drinkizz\",\"isPartOf\":{\"@id\":\"https:\/\/drinkizz.com\/vi\/#website\"},\"primaryImageOfPage\":{\"@id\":\"https:\/\/drinkizz.com\/vi\/story-we-humans-vn\/#primaryimage\"},\"datePublished\":\"2024-03-22T09:54:34+00:00\",\"dateModified\":\"2024-03-22T09:55:31+00:00\",\"description\":\"- Drinkizz\",\"breadcrumb\":{\"@id\":\"https:\/\/drinkizz.com\/vi\/story-we-humans-vn\/#breadcrumb\"},\"inLanguage\":\"vi-VN\",\"potentialAction\":[{\"@type\":\"ReadAction\",\"target\":[\"https:\/\/drinkizz.com\/vi\/story-we-humans-vn\/\"]}]},{\"@type\":\"BreadcrumbList\",\"@id\":\"https:\/\/drinkizz.com\/vi\/story-we-humans-vn\/#breadcrumb\",\"itemListElement\":[{\"@type\":\"ListItem\",\"position\":1,\"name\":\"Home\",\"item\":\"https:\/\/drinkizz.com\/vi\/\"},{\"@type\":\"ListItem\",\"position\":2,\"name\":\"Story &#8211; We Humans VN\"}]}]}<\/script>\n<!-- \/ Yoast SEO plugin. -->","yoast_head_json":{"title":"Story - We Humans VN - Drinkizz","description":"- Drinkizz","robots":{"index":"index","follow":"follow","max-snippet":"max-snippet:-1","max-image-preview":"max-image-preview:large","max-video-preview":"max-video-preview:-1"},"canonical":"https:\/\/drinkizz.com\/vi\/story-we-humans-vn\/","og_locale":"vi_VN","og_type":"article","og_title":"Story - We Humans VN - Drinkizz","og_description":"- Drinkizz","og_url":"https:\/\/drinkizz.com\/vi\/story-we-humans-vn\/","og_site_name":"Drinkizz","article_publisher":"https:\/\/www.facebook.com\/drinkizz\/","article_modified_time":"2024-03-22T09:55:31+00:00","og_image":[{"url":"https:\/\/drinkizz.com\/staging\/wp-content\/uploads\/2020\/05\/favicon_drinkizz.png"}],"twitter_card":"summary_large_image","twitter_site":"@drinkizzorganic","twitter_misc":{"Est. reading time":"3 minutes"},"schema":{"@context":"https:\/\/schema.org","@graph":[{"@type":"Organization","@id":"https:\/\/drinkizz.com\/vi\/#organization","name":"Drinkizz","url":"https:\/\/drinkizz.com\/vi\/","sameAs":["https:\/\/www.facebook.com\/drinkizz\/","https:\/\/www.instagram.com\/drinkizz_one\/","https:\/\/www.linkedin.com\/company\/drinkizz\/","https:\/\/www.youtube.com\/channel\/UC3t0_ox_a4dlFBwu-Kiw4Ew","https:\/\/twitter.com\/drinkizzorganic"],"logo":{"@type":"ImageObject","@id":"https:\/\/drinkizz.com\/vi\/#logo","inLanguage":"vi-VN","url":"https:\/\/drinkizz.com\/wp-content\/uploads\/2020\/02\/LOGO_DRINKIZZ_DARK_20201218-scaled.jpg","contentUrl":"https:\/\/drinkizz.com\/wp-content\/uploads\/2020\/02\/LOGO_DRINKIZZ_DARK_20201218-scaled.jpg","width":1920,"height":1358,"caption":"Drinkizz"},"image":{"@id":"https:\/\/drinkizz.com\/vi\/#logo"}},{"@type":"WebSite","@id":"https:\/\/drinkizz.com\/vi\/#website","url":"https:\/\/drinkizz.com\/vi\/","name":"Drinkizz","description":"Kiss your Energy","publisher":{"@id":"https:\/\/drinkizz.com\/vi\/#organization"},"potentialAction":[{"@type":"SearchAction","target":{"@type":"EntryPoint","urlTemplate":"https:\/\/drinkizz.com\/vi\/?s={search_term_string}"},"query-input":"required name=search_term_string"}],"inLanguage":"vi-VN"},{"@type":"ImageObject","@id":"https:\/\/drinkizz.com\/vi\/story-we-humans-vn\/#primaryimage","inLanguage":"vi-VN","url":"https:\/\/drinkizz.com\/staging\/wp-content\/uploads\/2020\/05\/favicon_drinkizz.png","contentUrl":"https:\/\/drinkizz.com\/staging\/wp-content\/uploads\/2020\/05\/favicon_drinkizz.png"},{"@type":["WebPage","FAQPage"],"@id":"https:\/\/drinkizz.com\/vi\/story-we-humans-vn\/#webpage","url":"https:\/\/drinkizz.com\/vi\/story-we-humans-vn\/","name":"Story - We Humans VN - Drinkizz","isPartOf":{"@id":"https:\/\/drinkizz.com\/vi\/#website"},"primaryImageOfPage":{"@id":"https:\/\/drinkizz.com\/vi\/story-we-humans-vn\/#primaryimage"},"datePublished":"2024-03-22T09:54:34+00:00","dateModified":"2024-03-22T09:55:31+00:00","description":"- Drinkizz","breadcrumb":{"@id":"https:\/\/drinkizz.com\/vi\/story-we-humans-vn\/#breadcrumb"},"inLanguage":"vi-VN","potentialAction":[{"@type":"ReadAction","target":["https:\/\/drinkizz.com\/vi\/story-we-humans-vn\/"]}]},{"@type":"BreadcrumbList","@id":"https:\/\/drinkizz.com\/vi\/story-we-humans-vn\/#breadcrumb","itemListElement":[{"@type":"ListItem","position":1,"name":"Home","item":"https:\/\/drinkizz.com\/vi\/"},{"@type":"ListItem","position":2,"name":"Story &#8211; We Humans VN"}]}]}},"_links":{"self":[{"href":"https:\/\/drinkizz.com\/vi\/wp-json\/wp\/v2\/pages\/20455"}],"collection":[{"href":"https:\/\/drinkizz.com\/vi\/wp-json\/wp\/v2\/pages"}],"about":[{"href":"https:\/\/drinkizz.com\/vi\/wp-json\/wp\/v2\/types\/page"}],"author":[{"embeddable":true,"href":"https:\/\/drinkizz.com\/vi\/wp-json\/wp\/v2\/users\/31"}],"replies":[{"embeddable":true,"href":"https:\/\/drinkizz.com\/vi\/wp-json\/wp\/v2\/comments?post=20455"}],"version-history":[{"count":4,"href":"https:\/\/drinkizz.com\/vi\/wp-json\/wp\/v2\/pages\/20455\/revisions"}],"predecessor-version":[{"id":20459,"href":"https:\/\/drinkizz.com\/vi\/wp-json\/wp\/v2\/pages\/20455\/revisions\/20459"}],"wp:attachment":[{"href":"https:\/\/drinkizz.com\/vi\/wp-json\/wp\/v2\/media?parent=20455"}],"curies":[{"name":"wp","href":"https:\/\/api.w.org\/{rel}","templated":true}]}}