{"id":20460,"date":"2024-03-22T09:57:47","date_gmt":"2024-03-22T09:57:47","guid":{"rendered":"https:\/\/drinkizz.com\/story-we-natural-vn\/"},"modified":"2024-03-22T09:58:29","modified_gmt":"2024-03-22T09:58:29","slug":"story-we-natural-vn","status":"publish","type":"page","link":"https:\/\/drinkizz.com\/vi\/story-we-natural-vn\/","title":{"rendered":"Story &#8211; We Natural VN"},"content":{"rendered":"\t\t<div data-elementor-type=\"wp-page\" data-elementor-id=\"20460\" class=\"elementor elementor-20460 elementor-20379\" data-elementor-settings=\"[]\">\n\t\t\t\t\t\t<div class=\"elementor-inner\">\n\t\t\t\t\t\t\t<div class=\"elementor-section-wrap\">\n\t\t\t\t\t\t\t<section class=\"elementor-section elementor-top-section elementor-element elementor-element-4154bf5 elementor-section-boxed elementor-section-height-default elementor-section-height-default\" data-id=\"4154bf5\" data-element_type=\"section\">\n\t\t\t\t\t\t<div class=\"elementor-container elementor-column-gap-default\">\n\t\t\t\t\t\t\t<div class=\"elementor-row\">\n\t\t\t\t\t<div class=\"elementor-column elementor-col-100 elementor-top-column elementor-element elementor-element-aae1e96\" data-id=\"aae1e96\" data-element_type=\"column\">\n\t\t\t<div class=\"elementor-column-wrap elementor-element-populated\">\n\t\t\t\t\t\t\t<div class=\"elementor-widget-wrap\">\n\t\t\t\t\t\t<div class=\"elementor-element elementor-element-099f67f elementor-widget elementor-widget-html\" data-id=\"099f67f\" data-element_type=\"widget\" data-widget_type=\"html.default\">\n\t\t\t\t<div class=\"elementor-widget-container\">\n\t\t\t<p style=\"text-align: center;\"><b>N\u0103m 2019,<\/b><span style=\"font-weight: 400;\"> Tyna b\u1eaft \u0111\u1ea7u nghi\u00ean c\u1ee9u v\u00e0 ph\u00e1t tri\u1ec3n (R&amp;D) c\u00f4ng th\u1ee9c O.N.E <\/span><\/p>\r\n<p style=\"text-align: center;\"><span style=\"font-weight: 400;\">v\u1edbi c\u00e1c c\u1ed9ng s\u1ef1 v\u00e0 \u0111\u1ed1i t\u00e1c t\u1ea1i Vi\u1ec7t Nam v\u00e0 Ph\u00e1p. <\/span><\/p>\r\n<p style=\"text-align: center;\"><span style=\"font-weight: 400;\">C\u00f4 ch\u1ecbu tr\u00e1ch nhi\u1ec7m ph\u00e1t tri\u1ec3n v\u1ec1 nguy\u00ean li\u1ec7u, quy tr\u00ecnh v\u00e0 n\u0103ng l\u01b0\u1ee3ng c\u1ee7a c\u00f4ng th\u1ee9c.<\/span><\/p>\r\n&nbsp;\r\n<p style=\"text-align: center;\"><span style=\"font-weight: 400;\">M\u1ed9t trong nh\u1eefng \u0111\u1ed1i t\u00e1c quan tr\u1ecdng \u0111\u1ea3m b\u1ea3o ch\u1ea5t l\u01b0\u1ee3ng qu\u1ed1c t\u1ebf c\u1ee7a n\u01b0\u1edbc\u00a0 O.N.E l<\/span><\/p>\r\n<p style=\"text-align: center;\"><span style=\"font-weight: 400;\">\u00e0 v\u1edbi b\u1ed9 ph\u1eadn nghi\u00ean c\u1ee9u v\u00e0 ph\u00e1t tri\u1ec3n \u0111\u1ed5i m\u1edbi s\u00e1ng t\u1ea1o c\u1ee7a Vi\u1ec7n ESA, \u0111\u01b0\u1ee3c ra \u0111\u1eddi t\u1eeb n\u0103m 1998.<\/span><\/p>\r\n<p style=\"text-align: center;\">C\u00e1c chuy\u00ean gia h\u00f3a l\u00fd v\u00e0 \u0111\u00e1nh gi\u00e1 c\u1ea3m quan nh\u1eb1m \u0111\u1ea3m b\u1ea3o Drinkizz<\/p>\r\n<p style=\"text-align: center;\">l\u00e0 \u0111\u1ed1i t\u00e1c ch\u1ea5t l\u01b0\u1ee3ng x\u1ee9ng \u0111\u00e1ng trong ng\u00e0nh th\u1ef1c ph\u1ea9m b\u1ec1n v\u1eefng<\/p>\r\n<p style=\"text-align: center;\">v\u00e0 t\u00e1c \u0111\u1ed9ng m\u00f4i tr\u01b0\u1eddng \u0111\u01b0\u1ee3c l\u1ef1a ch\u1ecdn \u1edf b\u1ea5t k\u1ef3 th\u1ecb tr\u01b0\u1eddng qu\u1ed1c t\u1ebf n\u00e0o.<\/p>\r\n&nbsp;\r\n<p style=\"text-align: center;\"><img loading=\"lazy\" decoding=\"async\" class=\"alignnone wp-image-14738\" src=\"https:\/\/drinkizz.com\/staging\/wp-content\/uploads\/2022\/08\/Linh-Cropped-Website-Profile-PNG-200505-300x293.png\" alt=\"\" width=\"169\" height=\"165\" srcset=\"https:\/\/drinkizz.com\/wp-content\/uploads\/2022\/08\/Linh-Cropped-Website-Profile-PNG-200505-300x293.png 300w, https:\/\/drinkizz.com\/wp-content\/uploads\/2022\/08\/Linh-Cropped-Website-Profile-PNG-200505-102x100.png 102w, https:\/\/drinkizz.com\/wp-content\/uploads\/2022\/08\/Linh-Cropped-Website-Profile-PNG-200505-82x80.png 82w, https:\/\/drinkizz.com\/wp-content\/uploads\/2022\/08\/Linh-Cropped-Website-Profile-PNG-200505-310x303.png 310w, https:\/\/drinkizz.com\/wp-content\/uploads\/2022\/08\/Linh-Cropped-Website-Profile-PNG-200505.png 437w\" sizes=\"(max-width: 169px) 100vw, 169px\" \/><\/p>\r\n<p style=\"text-align: center;\"><span style=\"font-weight: 400;\">\u0110\u1ec3 t\u1ea1o ra m\u1ed9t h\u01b0\u01a1ng v\u1ecb m\u1edbi, <\/span><\/p>\r\n<p style=\"text-align: center;\"><span style=\"font-weight: 400;\">Tyna\u00a0 \u0111\u00e3 m\u1eddi Linh - B\u1ebfp ph\u00f3 chuy\u00ean s\u00e1ng t\u1ea1o c\u00e1c m\u00f3n \u0103n t\u1ea1i m\u1ed9t nh\u00e0 h\u00e0ng 2 sao Michelin n\u1ed5i ti\u1ebfng \u1edf Paris c\u00f9ng gia nh\u1eadp team R&amp;D.\u00a0<\/span><\/p>\r\n<p style=\"text-align: center;\">V\u1edbi ki\u1ebfn \u200b\u200bth\u1ee9c s\u00e2u s\u1eafc v\u1ec1 \u1ea9m th\u1ef1c Ph\u00e1p v\u00e0 d\u1ea5u \u1ea5n ngh\u1ec7 thu\u1eadt c\u1ee7a s\u1ef1 s\u00e1ng t\u1ea1o,<\/p>\r\n<p style=\"text-align: center;\">Linh \u0111\u00e3 t\u1ea1o th\u00e0nh c\u00f4ng h\u01b0\u01a1ng v\u1ecb t\u01b0\u01a1i m\u00e1t v\u00e0 m\u00e0u s\u1eafc c\u1ee7a n\u01b0\u1edbc O.N.E mang l\u1ea1i cho b\u1ea1n tr\u1ea3i nghi\u1ec7m \u0111\u1eb3ng c\u1ea5p c\u1ee7a s\u1ef1 tinh t\u1ebf<\/p>\r\n&nbsp;\r\n<p style=\"text-align: center;\"><b>Th\u00e1ng 8 n\u0103m 2019,<\/b><span style=\"font-weight: 400;\"> c\u00f4ng th\u1ee9c n\u01b0\u1edbc O.N.E (N\u0103ng L\u01b0\u1ee3ng T\u1ef1 Nhi\u00ean H\u1eefu C\u01a1) \u0111\u1ea7u ti\u00ean c\u1ee7a Drinkizz \u0111\u00e3 ra \u0111\u1eddi. <\/span><\/p>\r\n<p style=\"text-align: center;\"><span style=\"font-weight: 400;\">N\u01b0\u1edbc O.N.E \u0111\u01b0\u1ee3c n\u1ea5u theo <\/span><b>\u201cQuy Tr\u00ecnh T\u1ef1 Nhi\u00ean\u201dc\u1ee7a Ph\u00e1p<\/b><\/p>\r\n<p style=\"text-align: center;\"><span style=\"font-weight: 400;\">v\u1edbi<\/span><b> \u201c10 Nguy\u00ean Li\u1ec7u H\u1eefu C\u01a1 Di\u1ec7u K\u1ef3\u201d<\/b><span style=\"font-weight: 400;\"> \u0111\u1ebfn t\u1eeb cao nguy\u00ean v\u00e0 n\u00fai r\u1eebng Vi\u1ec7t Nam.<\/span><\/p>\t\t<\/div>\n\t\t\t\t<\/div>\n\t\t\t\t\t\t<\/div>\n\t\t\t\t\t<\/div>\n\t\t<\/div>\n\t\t\t\t\t\t\t\t<\/div>\n\t\t\t\t\t<\/div>\n\t\t<\/section>\n\t\t\t\t<section class=\"elementor-section elementor-top-section elementor-element elementor-element-9b0ac87 elementor-section-full_width elementor-section-height-default elementor-section-height-default\" data-id=\"9b0ac87\" data-element_type=\"section\">\n\t\t\t\t\t\t<div class=\"elementor-container elementor-column-gap-default\">\n\t\t\t\t\t\t\t<div class=\"elementor-row\">\n\t\t\t\t\t<div class=\"elementor-column elementor-col-100 elementor-top-column elementor-element elementor-element-9d3c69a\" data-id=\"9d3c69a\" data-element_type=\"column\">\n\t\t\t<div class=\"elementor-column-wrap\">\n\t\t\t\t\t\t\t<div class=\"elementor-widget-wrap\">\n\t\t\t\t\t\t\t\t<\/div>\n\t\t\t\t\t<\/div>\n\t\t<\/div>\n\t\t\t\t\t\t\t\t<\/div>\n\t\t\t\t\t<\/div>\n\t\t<\/section>\n\t\t\t\t\t\t<\/div>\n\t\t\t\t\t\t<\/div>\n\t\t\t\t\t<\/div>\n\t\t","protected":false},"excerpt":{"rendered":"<p>N\u0103m 2019, Tyna b\u1eaft \u0111\u1ea7u nghi\u00ean c\u1ee9u v\u00e0 ph\u00e1t tri\u1ec3n (R&amp;D) c\u00f4ng th\u1ee9c O.N.E v\u1edbi c\u00e1c c\u1ed9ng s\u1ef1 v\u00e0 \u0111\u1ed1i t\u00e1c t\u1ea1i Vi\u1ec7t Nam v\u00e0 Ph\u00e1p. C\u00f4 ch\u1ecbu tr\u00e1ch nhi\u1ec7m ph\u00e1t tri\u1ec3n v\u1ec1 nguy\u00ean li\u1ec7u, quy tr\u00ecnh v\u00e0 n\u0103ng l\u01b0\u1ee3ng &hellip; <a href=\"\">Read More<\/a><\/p>\n","protected":false},"author":31,"featured_media":0,"parent":0,"menu_order":0,"comment_status":"closed","ping_status":"closed","template":"","meta":{"footnotes":""},"yoast_head":"<!-- This site is optimized with the Yoast SEO plugin v17.0 - https:\/\/yoast.com\/wordpress\/plugins\/seo\/ -->\n<title>Story - We Natural VN - Drinkizz<\/title>\n<meta name=\"description\" content=\"- Drinkizz\" \/>\n<meta name=\"robots\" content=\"index, follow, max-snippet:-1, max-image-preview:large, max-video-preview:-1\" \/>\n<link rel=\"canonical\" href=\"https:\/\/drinkizz.com\/vi\/story-we-natural-vn\/\" \/>\n<meta property=\"og:locale\" content=\"vi_VN\" \/>\n<meta property=\"og:type\" content=\"article\" \/>\n<meta property=\"og:title\" content=\"Story - We Natural VN - Drinkizz\" \/>\n<meta property=\"og:description\" content=\"- Drinkizz\" \/>\n<meta property=\"og:url\" content=\"https:\/\/drinkizz.com\/vi\/story-we-natural-vn\/\" \/>\n<meta property=\"og:site_name\" content=\"Drinkizz\" \/>\n<meta property=\"article:publisher\" content=\"https:\/\/www.facebook.com\/drinkizz\/\" \/>\n<meta property=\"article:modified_time\" content=\"2024-03-22T09:58:29+00:00\" \/>\n<meta property=\"og:image\" content=\"https:\/\/drinkizz.com\/staging\/wp-content\/uploads\/2022\/08\/Linh-Cropped-Website-Profile-PNG-200505-300x293.png\" \/>\n<meta name=\"twitter:card\" content=\"summary_large_image\" \/>\n<meta name=\"twitter:site\" content=\"@drinkizzorganic\" \/>\n<meta name=\"twitter:label1\" content=\"Est. reading time\" \/>\n\t<meta name=\"twitter:data1\" content=\"2 minutes\" \/>\n<script type=\"application\/ld+json\" class=\"yoast-schema-graph\">{\"@context\":\"https:\/\/schema.org\",\"@graph\":[{\"@type\":\"Organization\",\"@id\":\"https:\/\/drinkizz.com\/vi\/#organization\",\"name\":\"Drinkizz\",\"url\":\"https:\/\/drinkizz.com\/vi\/\",\"sameAs\":[\"https:\/\/www.facebook.com\/drinkizz\/\",\"https:\/\/www.instagram.com\/drinkizz_one\/\",\"https:\/\/www.linkedin.com\/company\/drinkizz\/\",\"https:\/\/www.youtube.com\/channel\/UC3t0_ox_a4dlFBwu-Kiw4Ew\",\"https:\/\/twitter.com\/drinkizzorganic\"],\"logo\":{\"@type\":\"ImageObject\",\"@id\":\"https:\/\/drinkizz.com\/vi\/#logo\",\"inLanguage\":\"vi-VN\",\"url\":\"https:\/\/drinkizz.com\/wp-content\/uploads\/2020\/02\/LOGO_DRINKIZZ_DARK_20201218-scaled.jpg\",\"contentUrl\":\"https:\/\/drinkizz.com\/wp-content\/uploads\/2020\/02\/LOGO_DRINKIZZ_DARK_20201218-scaled.jpg\",\"width\":1920,\"height\":1358,\"caption\":\"Drinkizz\"},\"image\":{\"@id\":\"https:\/\/drinkizz.com\/vi\/#logo\"}},{\"@type\":\"WebSite\",\"@id\":\"https:\/\/drinkizz.com\/vi\/#website\",\"url\":\"https:\/\/drinkizz.com\/vi\/\",\"name\":\"Drinkizz\",\"description\":\"Kiss your Energy\",\"publisher\":{\"@id\":\"https:\/\/drinkizz.com\/vi\/#organization\"},\"potentialAction\":[{\"@type\":\"SearchAction\",\"target\":{\"@type\":\"EntryPoint\",\"urlTemplate\":\"https:\/\/drinkizz.com\/vi\/?s={search_term_string}\"},\"query-input\":\"required name=search_term_string\"}],\"inLanguage\":\"vi-VN\"},{\"@type\":\"ImageObject\",\"@id\":\"https:\/\/drinkizz.com\/vi\/story-we-natural-vn\/#primaryimage\",\"inLanguage\":\"vi-VN\",\"url\":\"https:\/\/drinkizz.com\/staging\/wp-content\/uploads\/2022\/08\/Linh-Cropped-Website-Profile-PNG-200505-300x293.png\",\"contentUrl\":\"https:\/\/drinkizz.com\/staging\/wp-content\/uploads\/2022\/08\/Linh-Cropped-Website-Profile-PNG-200505-300x293.png\"},{\"@type\":[\"WebPage\",\"FAQPage\"],\"@id\":\"https:\/\/drinkizz.com\/vi\/story-we-natural-vn\/#webpage\",\"url\":\"https:\/\/drinkizz.com\/vi\/story-we-natural-vn\/\",\"name\":\"Story - We Natural VN - Drinkizz\",\"isPartOf\":{\"@id\":\"https:\/\/drinkizz.com\/vi\/#website\"},\"primaryImageOfPage\":{\"@id\":\"https:\/\/drinkizz.com\/vi\/story-we-natural-vn\/#primaryimage\"},\"datePublished\":\"2024-03-22T09:57:47+00:00\",\"dateModified\":\"2024-03-22T09:58:29+00:00\",\"description\":\"- Drinkizz\",\"breadcrumb\":{\"@id\":\"https:\/\/drinkizz.com\/vi\/story-we-natural-vn\/#breadcrumb\"},\"inLanguage\":\"vi-VN\",\"potentialAction\":[{\"@type\":\"ReadAction\",\"target\":[\"https:\/\/drinkizz.com\/vi\/story-we-natural-vn\/\"]}]},{\"@type\":\"BreadcrumbList\",\"@id\":\"https:\/\/drinkizz.com\/vi\/story-we-natural-vn\/#breadcrumb\",\"itemListElement\":[{\"@type\":\"ListItem\",\"position\":1,\"name\":\"Home\",\"item\":\"https:\/\/drinkizz.com\/vi\/\"},{\"@type\":\"ListItem\",\"position\":2,\"name\":\"Story &#8211; We Natural VN\"}]}]}<\/script>\n<!-- \/ Yoast SEO plugin. -->","yoast_head_json":{"title":"Story - We Natural VN - Drinkizz","description":"- Drinkizz","robots":{"index":"index","follow":"follow","max-snippet":"max-snippet:-1","max-image-preview":"max-image-preview:large","max-video-preview":"max-video-preview:-1"},"canonical":"https:\/\/drinkizz.com\/vi\/story-we-natural-vn\/","og_locale":"vi_VN","og_type":"article","og_title":"Story - We Natural VN - Drinkizz","og_description":"- Drinkizz","og_url":"https:\/\/drinkizz.com\/vi\/story-we-natural-vn\/","og_site_name":"Drinkizz","article_publisher":"https:\/\/www.facebook.com\/drinkizz\/","article_modified_time":"2024-03-22T09:58:29+00:00","og_image":[{"url":"https:\/\/drinkizz.com\/staging\/wp-content\/uploads\/2022\/08\/Linh-Cropped-Website-Profile-PNG-200505-300x293.png"}],"twitter_card":"summary_large_image","twitter_site":"@drinkizzorganic","twitter_misc":{"Est. reading time":"2 minutes"},"schema":{"@context":"https:\/\/schema.org","@graph":[{"@type":"Organization","@id":"https:\/\/drinkizz.com\/vi\/#organization","name":"Drinkizz","url":"https:\/\/drinkizz.com\/vi\/","sameAs":["https:\/\/www.facebook.com\/drinkizz\/","https:\/\/www.instagram.com\/drinkizz_one\/","https:\/\/www.linkedin.com\/company\/drinkizz\/","https:\/\/www.youtube.com\/channel\/UC3t0_ox_a4dlFBwu-Kiw4Ew","https:\/\/twitter.com\/drinkizzorganic"],"logo":{"@type":"ImageObject","@id":"https:\/\/drinkizz.com\/vi\/#logo","inLanguage":"vi-VN","url":"https:\/\/drinkizz.com\/wp-content\/uploads\/2020\/02\/LOGO_DRINKIZZ_DARK_20201218-scaled.jpg","contentUrl":"https:\/\/drinkizz.com\/wp-content\/uploads\/2020\/02\/LOGO_DRINKIZZ_DARK_20201218-scaled.jpg","width":1920,"height":1358,"caption":"Drinkizz"},"image":{"@id":"https:\/\/drinkizz.com\/vi\/#logo"}},{"@type":"WebSite","@id":"https:\/\/drinkizz.com\/vi\/#website","url":"https:\/\/drinkizz.com\/vi\/","name":"Drinkizz","description":"Kiss your Energy","publisher":{"@id":"https:\/\/drinkizz.com\/vi\/#organization"},"potentialAction":[{"@type":"SearchAction","target":{"@type":"EntryPoint","urlTemplate":"https:\/\/drinkizz.com\/vi\/?s={search_term_string}"},"query-input":"required name=search_term_string"}],"inLanguage":"vi-VN"},{"@type":"ImageObject","@id":"https:\/\/drinkizz.com\/vi\/story-we-natural-vn\/#primaryimage","inLanguage":"vi-VN","url":"https:\/\/drinkizz.com\/staging\/wp-content\/uploads\/2022\/08\/Linh-Cropped-Website-Profile-PNG-200505-300x293.png","contentUrl":"https:\/\/drinkizz.com\/staging\/wp-content\/uploads\/2022\/08\/Linh-Cropped-Website-Profile-PNG-200505-300x293.png"},{"@type":["WebPage","FAQPage"],"@id":"https:\/\/drinkizz.com\/vi\/story-we-natural-vn\/#webpage","url":"https:\/\/drinkizz.com\/vi\/story-we-natural-vn\/","name":"Story - We Natural VN - Drinkizz","isPartOf":{"@id":"https:\/\/drinkizz.com\/vi\/#website"},"primaryImageOfPage":{"@id":"https:\/\/drinkizz.com\/vi\/story-we-natural-vn\/#primaryimage"},"datePublished":"2024-03-22T09:57:47+00:00","dateModified":"2024-03-22T09:58:29+00:00","description":"- Drinkizz","breadcrumb":{"@id":"https:\/\/drinkizz.com\/vi\/story-we-natural-vn\/#breadcrumb"},"inLanguage":"vi-VN","potentialAction":[{"@type":"ReadAction","target":["https:\/\/drinkizz.com\/vi\/story-we-natural-vn\/"]}]},{"@type":"BreadcrumbList","@id":"https:\/\/drinkizz.com\/vi\/story-we-natural-vn\/#breadcrumb","itemListElement":[{"@type":"ListItem","position":1,"name":"Home","item":"https:\/\/drinkizz.com\/vi\/"},{"@type":"ListItem","position":2,"name":"Story &#8211; We Natural VN"}]}]}},"_links":{"self":[{"href":"https:\/\/drinkizz.com\/vi\/wp-json\/wp\/v2\/pages\/20460"}],"collection":[{"href":"https:\/\/drinkizz.com\/vi\/wp-json\/wp\/v2\/pages"}],"about":[{"href":"https:\/\/drinkizz.com\/vi\/wp-json\/wp\/v2\/types\/page"}],"author":[{"embeddable":true,"href":"https:\/\/drinkizz.com\/vi\/wp-json\/wp\/v2\/users\/31"}],"replies":[{"embeddable":true,"href":"https:\/\/drinkizz.com\/vi\/wp-json\/wp\/v2\/comments?post=20460"}],"version-history":[{"count":4,"href":"https:\/\/drinkizz.com\/vi\/wp-json\/wp\/v2\/pages\/20460\/revisions"}],"predecessor-version":[{"id":20464,"href":"https:\/\/drinkizz.com\/vi\/wp-json\/wp\/v2\/pages\/20460\/revisions\/20464"}],"wp:attachment":[{"href":"https:\/\/drinkizz.com\/vi\/wp-json\/wp\/v2\/media?parent=20460"}],"curies":[{"name":"wp","href":"https:\/\/api.w.org\/{rel}","templated":true}]}}