{"id":20465,"date":"2024-03-22T10:00:56","date_gmt":"2024-03-22T10:00:56","guid":{"rendered":"https:\/\/drinkizz.com\/story-we-energy-vn\/"},"modified":"2024-03-22T10:01:39","modified_gmt":"2024-03-22T10:01:39","slug":"story-we-energy-vn","status":"publish","type":"page","link":"https:\/\/drinkizz.com\/vi\/story-we-energy-vn\/","title":{"rendered":"Story &#8211; We Energy VN"},"content":{"rendered":"\t\t<div data-elementor-type=\"wp-page\" data-elementor-id=\"20465\" class=\"elementor elementor-20465 elementor-20385\" data-elementor-settings=\"[]\">\n\t\t\t\t\t\t<div class=\"elementor-inner\">\n\t\t\t\t\t\t\t<div class=\"elementor-section-wrap\">\n\t\t\t\t\t\t\t<section class=\"elementor-section elementor-top-section elementor-element elementor-element-4154bf5 elementor-section-boxed elementor-section-height-default elementor-section-height-default\" data-id=\"4154bf5\" data-element_type=\"section\">\n\t\t\t\t\t\t<div class=\"elementor-container elementor-column-gap-default\">\n\t\t\t\t\t\t\t<div class=\"elementor-row\">\n\t\t\t\t\t<div class=\"elementor-column elementor-col-100 elementor-top-column elementor-element elementor-element-aae1e96\" data-id=\"aae1e96\" data-element_type=\"column\">\n\t\t\t<div class=\"elementor-column-wrap elementor-element-populated\">\n\t\t\t\t\t\t\t<div class=\"elementor-widget-wrap\">\n\t\t\t\t\t\t<div class=\"elementor-element elementor-element-099f67f elementor-widget elementor-widget-html\" data-id=\"099f67f\" data-element_type=\"widget\" data-widget_type=\"html.default\">\n\t\t\t\t<div class=\"elementor-widget-container\">\n\t\t\t<p style=\"text-align: center;\"><span style=\"font-weight: 400;\">\u0110\u1ec3 c\u00f3 n\u0103ng l\u01b0\u1ee3ng m\u1ed7i ng\u00e0y th\u00ec ch\u00fang ta c\u1ea7n ph\u1ea3i nu\u00f4i d\u01b0\u1ee1ng ty th\u1ec3.\u00a0<\/span><\/p>\r\n<p style=\"text-align: center;\"><span style=\"font-weight: 400;\">Ty th\u1ec3 l\u00e0 nh\u00e0 m\u00e1y n\u0103ng l\u01b0\u1ee3ng c\u1ee7a t\u1ebf b\u00e0o, gi\u00fap chuy\u1ec3n ho\u00e1 c\u00e1c ch\u1ea5t dinh d\u01b0\u1ee1ng th\u00e0nh n\u0103ng l\u01b0\u1ee3ng t\u1ef1 nhi\u00ean\u00a0 ATP. <\/span><\/p>\r\n<p style=\"text-align: center;\"><span style=\"font-weight: 400;\">C\u01a1 th\u1ec3 b\u1ea1n lu\u00f4n c\u1ea7n m\u1ed9t ngu\u1ed3n n\u0103ng l\u01b0\u1ee3ng t\u1ef1 nhi\u00ean ATP\u00a0 \u0111\u1ec3 h\u00edt th\u1edf, di chuy\u1ec3n v\u00e0 c\u00e1c ho\u1ea1t \u0111\u1ed9ng s\u1ed1ng m\u1ed7i ng\u00e0y.\u00a0<\/span><\/p>\r\n<p style=\"text-align: center;\"><span style=\"font-weight: 400;\">N\u01b0\u1edbc O.N.E v\u1edbi th\u00e0nh ph\u1ea7n nguy\u00ean li\u1ec7u \u0111\u01b0\u1ee3c canh t\u00e1c h\u1eefu c\u01a1, kh\u00f4ng s\u1eed d\u1ee5ng h\u00f3a ch\u1ea5t t\u1ed5ng h\u1ee3p \u0111\u1ed9c h\u1ea1i, <\/span><\/p>\r\n<p style=\"text-align: center;\"><span style=\"font-weight: 400;\">\u0111\u01b0\u1ee3c n\u1ea5u theo quy tr\u00ecnh t\u1ef1 nhi\u00ean kh\u00f4ng th\u00eam b\u1ea5t k\u1ef3 ch\u1ea5t ph\u1ee5 gia h\u00f3a h\u1ecdc nh\u00e2n t\u1ea1o n\u00e0o nh\u1eb1m \u0111\u1ea3m b\u1ea3o c\u01a1 th\u1ec3, t\u1ebf b\u00e0o, v\u00e0 ty th\u1ec3.<\/span><\/p>\r\n<p style=\"text-align: center;\"><span style=\"font-weight: 400;\"> Ty Th\u1ec3 b\u1ea1n s\u1ebd lu\u00f4n lu\u00f4n \u0111\u01b0\u1ee3c b\u1ea3o v\u1ec7, h\u1ed7 tr\u1ee3, v\u00e0 t\u1ed1c \u0111\u1ed9 trao \u0111\u1ed5i ch\u1ea5t c\u00e0ng m\u1ea1nh \u0111\u1ec3\u00a0 ti\u1ebfp t\u1ee5c s\u1ea3n xu\u1ea5t n\u0103ng l\u01b0\u1ee3ng b\u1ec1n v\u1eefng cho d\u00f9 b\u1ea1n ng\u1eebng u\u1ed1ng.<\/span><\/p>\r\n<p style=\"text-align: center;\"><b>M\u1ed7i lon n\u01b0\u1edbc O.N.E cung c\u1ea5p n\u0103ng l\u01b0\u1ee3ng t\u1ee9c th\u00ec, v\u00e0 gi\u00fap x\u00e2y d\u1ef1ng ngu\u1ed3n n\u0103ng l\u01b0\u1ee3ng b\u1ec1n v\u1eefng \u0111\u1ec3 b\u1ea1n kho\u1ebb v\u00e0 \u0111\u1eb9p.<\/b><\/p>\r\n<p style=\"text-align: center;\"><b>V\u1edbi d\u1ea5u \u1ea5n ngh\u1ec7 thu\u1eadt c\u1ee7a s\u1ef1 s\u00e1ng t\u1ea1o, h\u01b0\u01a1ng v\u1ecb t\u01b0\u01a1i m\u00e1t v\u00e0 m\u00e0u s\u1eafc c\u1ee7a n\u01b0\u1edbc O.N.E <\/b><\/p>\r\n<p style=\"text-align: center;\"><b>mang l\u1ea1i cho b\u1ea1n tr\u1ea3i nghi\u1ec7m \u0111\u1eb3ng c\u1ea5p c\u1ee7a s\u1ef1 tinh t\u1ebf. <\/b><span style=\"font-weight: 400;\">\u00a0<\/span><\/p>\r\n<p style=\"text-align: center;\"><span style=\"font-weight: 400;\">M\u1ed7i lon n\u01b0\u1edbc O.N.E \u0111\u01b0\u1ee3c \u00e1p d\u1ee5ng<\/span><b> c\u00f4ng ngh\u1ec7 s\u1ed1 ho\u00e1 v\u00e0 Blockchain<\/b><\/p>\r\n<p style=\"text-align: center;\"><span style=\"font-weight: 400;\">\u0111\u1ec3 ng\u01b0\u1eddi ti\u00eau d\u00f9ng c\u00f3 th\u1ec3 ki\u1ec3m tra \u0111\u01b0\u1ee3c c\u00e1c th\u00f4ng tin t\u1eeb nguy\u00ean li\u1ec7u, quy tr\u00ecnh n\u1ea5u, \u0111\u1ebfn ch\u1ec9 s\u1ed1 dinh d\u01b0\u1ee1ng vv\u2026 m\u1ed9t c\u00e1ch minh b\u1ea1ch. <\/span><\/p>\r\n<p style=\"text-align: center;\"><span style=\"font-weight: 400;\">Th\u00f4ng qua m\u00e3 QR Code tr\u00ean lon, ng\u01b0\u1eddi ti\u00eau d\u00f9ng c\u00f3 th\u1ec3 t\u1ef1 quy\u1ebft \u0111\u1ecbnh m\u1ed9t c\u00e1ch th\u00f4ng minh v\u1ec1 th\u00f4ng tin,\u00a0 s\u1ed1 l\u01b0\u1ee3ng, th\u1eddi gian u\u1ed1ng ph\u00f9 h\u1ee3p v\u1edbi c\u01a1 th\u1ec3 m\u00ecnh.<\/span><\/p>\t\t<\/div>\n\t\t\t\t<\/div>\n\t\t\t\t\t\t<\/div>\n\t\t\t\t\t<\/div>\n\t\t<\/div>\n\t\t\t\t\t\t\t\t<\/div>\n\t\t\t\t\t<\/div>\n\t\t<\/section>\n\t\t\t\t<section class=\"elementor-section elementor-top-section elementor-element elementor-element-9b0ac87 elementor-section-full_width elementor-section-height-default elementor-section-height-default\" data-id=\"9b0ac87\" data-element_type=\"section\">\n\t\t\t\t\t\t<div class=\"elementor-container elementor-column-gap-default\">\n\t\t\t\t\t\t\t<div class=\"elementor-row\">\n\t\t\t\t\t<div class=\"elementor-column elementor-col-100 elementor-top-column elementor-element elementor-element-9d3c69a\" data-id=\"9d3c69a\" data-element_type=\"column\">\n\t\t\t<div class=\"elementor-column-wrap\">\n\t\t\t\t\t\t\t<div class=\"elementor-widget-wrap\">\n\t\t\t\t\t\t\t\t<\/div>\n\t\t\t\t\t<\/div>\n\t\t<\/div>\n\t\t\t\t\t\t\t\t<\/div>\n\t\t\t\t\t<\/div>\n\t\t<\/section>\n\t\t\t\t\t\t<\/div>\n\t\t\t\t\t\t<\/div>\n\t\t\t\t\t<\/div>\n\t\t","protected":false},"excerpt":{"rendered":"<p>\u0110\u1ec3 c\u00f3 n\u0103ng l\u01b0\u1ee3ng m\u1ed7i ng\u00e0y th\u00ec ch\u00fang ta c\u1ea7n ph\u1ea3i nu\u00f4i d\u01b0\u1ee1ng ty th\u1ec3.\u00a0 Ty th\u1ec3 l\u00e0 nh\u00e0 m\u00e1y n\u0103ng l\u01b0\u1ee3ng c\u1ee7a t\u1ebf b\u00e0o, gi\u00fap chuy\u1ec3n ho\u00e1 c\u00e1c ch\u1ea5t dinh d\u01b0\u1ee1ng th\u00e0nh n\u0103ng l\u01b0\u1ee3ng t\u1ef1 nhi\u00ean\u00a0 ATP. C\u01a1 th\u1ec3 &hellip; <a href=\"\">Read More<\/a><\/p>\n","protected":false},"author":31,"featured_media":0,"parent":0,"menu_order":0,"comment_status":"closed","ping_status":"closed","template":"","meta":{"footnotes":""},"yoast_head":"<!-- This site is optimized with the Yoast SEO plugin v17.0 - https:\/\/yoast.com\/wordpress\/plugins\/seo\/ -->\n<title>Story - We Energy VN - Drinkizz<\/title>\n<meta name=\"description\" content=\"- Drinkizz\" \/>\n<meta name=\"robots\" content=\"index, follow, max-snippet:-1, max-image-preview:large, max-video-preview:-1\" \/>\n<link rel=\"canonical\" href=\"https:\/\/drinkizz.com\/vi\/story-we-energy-vn\/\" \/>\n<meta property=\"og:locale\" content=\"vi_VN\" \/>\n<meta property=\"og:type\" content=\"article\" \/>\n<meta property=\"og:title\" content=\"Story - We Energy VN - Drinkizz\" \/>\n<meta property=\"og:description\" content=\"- Drinkizz\" \/>\n<meta property=\"og:url\" content=\"https:\/\/drinkizz.com\/vi\/story-we-energy-vn\/\" \/>\n<meta property=\"og:site_name\" content=\"Drinkizz\" \/>\n<meta property=\"article:publisher\" content=\"https:\/\/www.facebook.com\/drinkizz\/\" \/>\n<meta property=\"article:modified_time\" content=\"2024-03-22T10:01:39+00:00\" \/>\n<meta name=\"twitter:card\" content=\"summary_large_image\" \/>\n<meta name=\"twitter:site\" content=\"@drinkizzorganic\" \/>\n<meta name=\"twitter:label1\" content=\"Est. reading time\" \/>\n\t<meta name=\"twitter:data1\" content=\"2 minutes\" \/>\n<script type=\"application\/ld+json\" class=\"yoast-schema-graph\">{\"@context\":\"https:\/\/schema.org\",\"@graph\":[{\"@type\":\"Organization\",\"@id\":\"https:\/\/drinkizz.com\/vi\/#organization\",\"name\":\"Drinkizz\",\"url\":\"https:\/\/drinkizz.com\/vi\/\",\"sameAs\":[\"https:\/\/www.facebook.com\/drinkizz\/\",\"https:\/\/www.instagram.com\/drinkizz_one\/\",\"https:\/\/www.linkedin.com\/company\/drinkizz\/\",\"https:\/\/www.youtube.com\/channel\/UC3t0_ox_a4dlFBwu-Kiw4Ew\",\"https:\/\/twitter.com\/drinkizzorganic\"],\"logo\":{\"@type\":\"ImageObject\",\"@id\":\"https:\/\/drinkizz.com\/vi\/#logo\",\"inLanguage\":\"vi-VN\",\"url\":\"https:\/\/drinkizz.com\/wp-content\/uploads\/2020\/02\/LOGO_DRINKIZZ_DARK_20201218-scaled.jpg\",\"contentUrl\":\"https:\/\/drinkizz.com\/wp-content\/uploads\/2020\/02\/LOGO_DRINKIZZ_DARK_20201218-scaled.jpg\",\"width\":1920,\"height\":1358,\"caption\":\"Drinkizz\"},\"image\":{\"@id\":\"https:\/\/drinkizz.com\/vi\/#logo\"}},{\"@type\":\"WebSite\",\"@id\":\"https:\/\/drinkizz.com\/vi\/#website\",\"url\":\"https:\/\/drinkizz.com\/vi\/\",\"name\":\"Drinkizz\",\"description\":\"Kiss your Energy\",\"publisher\":{\"@id\":\"https:\/\/drinkizz.com\/vi\/#organization\"},\"potentialAction\":[{\"@type\":\"SearchAction\",\"target\":{\"@type\":\"EntryPoint\",\"urlTemplate\":\"https:\/\/drinkizz.com\/vi\/?s={search_term_string}\"},\"query-input\":\"required name=search_term_string\"}],\"inLanguage\":\"vi-VN\"},{\"@type\":[\"WebPage\",\"FAQPage\"],\"@id\":\"https:\/\/drinkizz.com\/vi\/story-we-energy-vn\/#webpage\",\"url\":\"https:\/\/drinkizz.com\/vi\/story-we-energy-vn\/\",\"name\":\"Story - We Energy VN - Drinkizz\",\"isPartOf\":{\"@id\":\"https:\/\/drinkizz.com\/vi\/#website\"},\"datePublished\":\"2024-03-22T10:00:56+00:00\",\"dateModified\":\"2024-03-22T10:01:39+00:00\",\"description\":\"- Drinkizz\",\"breadcrumb\":{\"@id\":\"https:\/\/drinkizz.com\/vi\/story-we-energy-vn\/#breadcrumb\"},\"inLanguage\":\"vi-VN\",\"potentialAction\":[{\"@type\":\"ReadAction\",\"target\":[\"https:\/\/drinkizz.com\/vi\/story-we-energy-vn\/\"]}]},{\"@type\":\"BreadcrumbList\",\"@id\":\"https:\/\/drinkizz.com\/vi\/story-we-energy-vn\/#breadcrumb\",\"itemListElement\":[{\"@type\":\"ListItem\",\"position\":1,\"name\":\"Home\",\"item\":\"https:\/\/drinkizz.com\/vi\/\"},{\"@type\":\"ListItem\",\"position\":2,\"name\":\"Story &#8211; We Energy VN\"}]}]}<\/script>\n<!-- \/ Yoast SEO plugin. -->","yoast_head_json":{"title":"Story - We Energy VN - Drinkizz","description":"- Drinkizz","robots":{"index":"index","follow":"follow","max-snippet":"max-snippet:-1","max-image-preview":"max-image-preview:large","max-video-preview":"max-video-preview:-1"},"canonical":"https:\/\/drinkizz.com\/vi\/story-we-energy-vn\/","og_locale":"vi_VN","og_type":"article","og_title":"Story - We Energy VN - Drinkizz","og_description":"- Drinkizz","og_url":"https:\/\/drinkizz.com\/vi\/story-we-energy-vn\/","og_site_name":"Drinkizz","article_publisher":"https:\/\/www.facebook.com\/drinkizz\/","article_modified_time":"2024-03-22T10:01:39+00:00","twitter_card":"summary_large_image","twitter_site":"@drinkizzorganic","twitter_misc":{"Est. reading time":"2 minutes"},"schema":{"@context":"https:\/\/schema.org","@graph":[{"@type":"Organization","@id":"https:\/\/drinkizz.com\/vi\/#organization","name":"Drinkizz","url":"https:\/\/drinkizz.com\/vi\/","sameAs":["https:\/\/www.facebook.com\/drinkizz\/","https:\/\/www.instagram.com\/drinkizz_one\/","https:\/\/www.linkedin.com\/company\/drinkizz\/","https:\/\/www.youtube.com\/channel\/UC3t0_ox_a4dlFBwu-Kiw4Ew","https:\/\/twitter.com\/drinkizzorganic"],"logo":{"@type":"ImageObject","@id":"https:\/\/drinkizz.com\/vi\/#logo","inLanguage":"vi-VN","url":"https:\/\/drinkizz.com\/wp-content\/uploads\/2020\/02\/LOGO_DRINKIZZ_DARK_20201218-scaled.jpg","contentUrl":"https:\/\/drinkizz.com\/wp-content\/uploads\/2020\/02\/LOGO_DRINKIZZ_DARK_20201218-scaled.jpg","width":1920,"height":1358,"caption":"Drinkizz"},"image":{"@id":"https:\/\/drinkizz.com\/vi\/#logo"}},{"@type":"WebSite","@id":"https:\/\/drinkizz.com\/vi\/#website","url":"https:\/\/drinkizz.com\/vi\/","name":"Drinkizz","description":"Kiss your Energy","publisher":{"@id":"https:\/\/drinkizz.com\/vi\/#organization"},"potentialAction":[{"@type":"SearchAction","target":{"@type":"EntryPoint","urlTemplate":"https:\/\/drinkizz.com\/vi\/?s={search_term_string}"},"query-input":"required name=search_term_string"}],"inLanguage":"vi-VN"},{"@type":["WebPage","FAQPage"],"@id":"https:\/\/drinkizz.com\/vi\/story-we-energy-vn\/#webpage","url":"https:\/\/drinkizz.com\/vi\/story-we-energy-vn\/","name":"Story - We Energy VN - Drinkizz","isPartOf":{"@id":"https:\/\/drinkizz.com\/vi\/#website"},"datePublished":"2024-03-22T10:00:56+00:00","dateModified":"2024-03-22T10:01:39+00:00","description":"- Drinkizz","breadcrumb":{"@id":"https:\/\/drinkizz.com\/vi\/story-we-energy-vn\/#breadcrumb"},"inLanguage":"vi-VN","potentialAction":[{"@type":"ReadAction","target":["https:\/\/drinkizz.com\/vi\/story-we-energy-vn\/"]}]},{"@type":"BreadcrumbList","@id":"https:\/\/drinkizz.com\/vi\/story-we-energy-vn\/#breadcrumb","itemListElement":[{"@type":"ListItem","position":1,"name":"Home","item":"https:\/\/drinkizz.com\/vi\/"},{"@type":"ListItem","position":2,"name":"Story &#8211; We Energy VN"}]}]}},"_links":{"self":[{"href":"https:\/\/drinkizz.com\/vi\/wp-json\/wp\/v2\/pages\/20465"}],"collection":[{"href":"https:\/\/drinkizz.com\/vi\/wp-json\/wp\/v2\/pages"}],"about":[{"href":"https:\/\/drinkizz.com\/vi\/wp-json\/wp\/v2\/types\/page"}],"author":[{"embeddable":true,"href":"https:\/\/drinkizz.com\/vi\/wp-json\/wp\/v2\/users\/31"}],"replies":[{"embeddable":true,"href":"https:\/\/drinkizz.com\/vi\/wp-json\/wp\/v2\/comments?post=20465"}],"version-history":[{"count":4,"href":"https:\/\/drinkizz.com\/vi\/wp-json\/wp\/v2\/pages\/20465\/revisions"}],"predecessor-version":[{"id":20469,"href":"https:\/\/drinkizz.com\/vi\/wp-json\/wp\/v2\/pages\/20465\/revisions\/20469"}],"wp:attachment":[{"href":"https:\/\/drinkizz.com\/vi\/wp-json\/wp\/v2\/media?parent=20465"}],"curies":[{"name":"wp","href":"https:\/\/api.w.org\/{rel}","templated":true}]}}