{"id":20478,"date":"2024-03-22T10:17:12","date_gmt":"2024-03-22T10:17:12","guid":{"rendered":"https:\/\/drinkizz.com\/100-organic-plant-based-ingredients-vn\/"},"modified":"2024-03-22T10:26:38","modified_gmt":"2024-03-22T10:26:38","slug":"100-organic-plant-based-ingredients-vn","status":"publish","type":"page","link":"https:\/\/drinkizz.com\/vi\/100-organic-plant-based-ingredients-vn\/","title":{"rendered":"100% organic plant-based ingredients VN"},"content":{"rendered":"\t\t<div data-elementor-type=\"wp-page\" data-elementor-id=\"20478\" class=\"elementor elementor-20478 elementor-20399\" data-elementor-settings=\"[]\">\n\t\t\t\t\t\t<div class=\"elementor-inner\">\n\t\t\t\t\t\t\t<div class=\"elementor-section-wrap\">\n\t\t\t\t\t\t\t<section class=\"elementor-section elementor-top-section elementor-element elementor-element-4154bf5 elementor-section-boxed elementor-section-height-default elementor-section-height-default\" data-id=\"4154bf5\" data-element_type=\"section\">\n\t\t\t\t\t\t<div class=\"elementor-container elementor-column-gap-default\">\n\t\t\t\t\t\t\t<div class=\"elementor-row\">\n\t\t\t\t\t<div class=\"elementor-column elementor-col-100 elementor-top-column elementor-element elementor-element-aae1e96\" data-id=\"aae1e96\" data-element_type=\"column\">\n\t\t\t<div class=\"elementor-column-wrap elementor-element-populated\">\n\t\t\t\t\t\t\t<div class=\"elementor-widget-wrap\">\n\t\t\t\t\t\t<div class=\"elementor-element elementor-element-099f67f elementor-widget elementor-widget-html\" data-id=\"099f67f\" data-element_type=\"widget\" data-widget_type=\"html.default\">\n\t\t\t\t<div class=\"elementor-widget-container\">\n\t\t\t<p style=\"text-align: center;\"><strong>\u00a0\u0110\u01af\u1edcNG M\u00cdA V\u00c0NG H\u1eeeU C\u01a0<\/strong><\/p>\r\n<img loading=\"lazy\" decoding=\"async\" class=\"size-medium wp-image-14800 aligncenter\" src=\"https:\/\/drinkizz.com\/wp-content\/uploads\/2024\/03\/SugarCaneVNHOME-300x190-1.png\" alt=\"\" width=\"300\" height=\"190\" \/>\r\n<p style=\"text-align: center;\"><span style=\"font-weight: 400;\">B\u1ea1n ho\u00e0n to\u00e0n y\u00ean t\u00e2m v\u00ec m\u1ed7i lon O.N.E ch\u1ec9 b\u1ed5 sung 15g \u0111\u01b0\u1eddng m\u00eda v\u00e0ng h\u1eefu c\u01a1,<\/span><\/p>\r\n<p style=\"text-align: center;\"><span style=\"font-weight: 400;\"> n\u1eb1m trong kho\u1ea3ng an to\u00e0n so v\u1edbi l\u01b0\u1ee3ng \u0111\u01b0\u1eddng b\u1ed5 sung khuy\u1ebfn ngh\u1ecb m\u1ed7i ng\u00e0y c\u1ee7a FDA l\u00e0 50g, kh\u00f4ng g\u00e2y b\u00e9o ph\u00ec<\/span><\/p>\r\n<p style=\"text-align: center;\"><span style=\"font-weight: 400;\">\u0110\u01b0\u1eddng m\u00eda ch\u00fang t\u00f4i s\u1eed d\u1ee5ng c\u00f3 m\u00e0u v\u00e0ng nh\u1ea1t v\u00e0 mang h\u01b0\u01a1ng v\u1ecb caramel<\/span><\/p>\r\n<p style=\"text-align: center;\"><span style=\"font-weight: 400;\"> tinh t\u1ebf \u0111\u1ebfn t\u1eeb m\u1eadt \u0111\u01b0\u1eddng c\u00f2n l\u1ea1i trong h\u1ea1t \u0111\u01b0\u1eddng sau qu\u00e1 tr\u00ecnh n\u1ea5u \u0111\u01b0\u1eddng.<\/span><\/p>\r\n&nbsp;\r\n<p style=\"text-align: center;\"><strong>Chanh h\u1eefu c\u01a1, B\u1ea1c H\u00e0 h\u1eefu c\u01a1 , S\u1ea3 h\u1eefu c\u01a1<\/strong><\/p>\r\n<img loading=\"lazy\" decoding=\"async\" class=\"aligncenter wp-image-14804 size-full\" src=\"https:\/\/drinkizz.com\/staging\/wp-content\/uploads\/2020\/03\/IngredientVN1.png\" alt=\"\" width=\"943\" height=\"277\" srcset=\"https:\/\/drinkizz.com\/wp-content\/uploads\/2020\/03\/IngredientVN1.png 943w, https:\/\/drinkizz.com\/wp-content\/uploads\/2020\/03\/IngredientVN1-300x88.png 300w, https:\/\/drinkizz.com\/wp-content\/uploads\/2020\/03\/IngredientVN1-768x226.png 768w, https:\/\/drinkizz.com\/wp-content\/uploads\/2020\/03\/IngredientVN1-340x100.png 340w, https:\/\/drinkizz.com\/wp-content\/uploads\/2020\/03\/IngredientVN1-272x80.png 272w, https:\/\/drinkizz.com\/wp-content\/uploads\/2020\/03\/IngredientVN1-394x116.png 394w, https:\/\/drinkizz.com\/wp-content\/uploads\/2020\/03\/IngredientVN1-915x269.png 915w, https:\/\/drinkizz.com\/wp-content\/uploads\/2020\/03\/IngredientVN1-600x176.png 600w\" sizes=\"(max-width: 943px) 100vw, 943px\" \/>\r\n<p style=\"text-align: center;\"><span style=\"font-weight: 400;\">Nh\u00f3m 3 lo\u1ea1i th\u1ea3o m\u1ed9c n\u00e0y \u0111\u01b0a b\u1ea1n v\u00e0o <\/span><span style=\"font-weight: 400;\">th\u1ebf gi\u1edbi m\u00f9i h\u01b0\u01a1ng v\u00e0 gi\u00fap <\/span><\/p>\r\n<p style=\"text-align: center;\"><span style=\"font-weight: 400;\">t\u0103ng c\u01b0\u1eddng h\u1ec7 mi\u1ec5n d\u1ecbch v\u00e0 kh\u00e1ng khu\u1ea9n c\u1ee7a c\u01a1 th\u1ec3.<\/span><\/p>\r\n<img loading=\"lazy\" decoding=\"async\" class=\"aligncenter wp-image-14808 size-full\" src=\"https:\/\/drinkizz.com\/staging\/wp-content\/uploads\/2020\/03\/IngredientVN2.png\" alt=\"\" width=\"949\" height=\"292\" srcset=\"https:\/\/drinkizz.com\/wp-content\/uploads\/2020\/03\/IngredientVN2.png 949w, https:\/\/drinkizz.com\/wp-content\/uploads\/2020\/03\/IngredientVN2-300x92.png 300w, https:\/\/drinkizz.com\/wp-content\/uploads\/2020\/03\/IngredientVN2-768x236.png 768w, https:\/\/drinkizz.com\/wp-content\/uploads\/2020\/03\/IngredientVN2-325x100.png 325w, https:\/\/drinkizz.com\/wp-content\/uploads\/2020\/03\/IngredientVN2-260x80.png 260w, https:\/\/drinkizz.com\/wp-content\/uploads\/2020\/03\/IngredientVN2-394x121.png 394w, https:\/\/drinkizz.com\/wp-content\/uploads\/2020\/03\/IngredientVN2-915x282.png 915w, https:\/\/drinkizz.com\/wp-content\/uploads\/2020\/03\/IngredientVN2-600x185.png 600w\" sizes=\"(max-width: 949px) 100vw, 949px\" \/>\r\n<p style=\"text-align: center;\"><strong>G\u1eebng h\u1eefu c\u01a1 , Ti\u00eau h\u1eefu c\u01a1\u00a0 v\u00e0 Hoa H\u1ed3i h\u1eefu c\u01a1<\/strong><\/p>\r\n<p style=\"text-align: center;\"><span style=\"font-weight: 400;\">Nh\u00f3m 3 <\/span><span style=\"font-weight: 400;\">\u00a0<\/span><span style=\"font-weight: 400;\">gia v\u1ecb n\u00e0y g\u00f3p ph\u1ea7n cho m\u1ed7i lon n\u01b0\u1edbc O.N.E tr\u1edf n\u00ean \u0111\u1eb7c bi\u1ec7t. <\/span><\/p>\r\n<p style=\"text-align: center;\"><span style=\"font-weight: 400;\">C\u1ea3m gi\u00e1c c\u1ee7a b\u1ea1n thay \u0111\u1ed5i theo t\u1eebng ng\u1ee5m n\u01b0\u1edbc \u0111i qua c\u1ed5 h\u1ecdng v\u00e0 \u1ea5m l\u00ean m\u1ed9t c\u00e1ch d\u1ec5 ch\u1ecbu.<\/span><\/p>\r\n<p style=\"text-align: center;\"><img loading=\"lazy\" decoding=\"async\" class=\"alignnone wp-image-15604 size-large\" src=\"https:\/\/drinkizz.com\/wp-content\/uploads\/2024\/03\/ONED1CATA222_P2.2_SO-DO-VN_1350x1080_220909-1024x909-1.png\" alt=\"\" width=\"1024\" height=\"909\" \/><\/p>\t\t<\/div>\n\t\t\t\t<\/div>\n\t\t\t\t\t\t<\/div>\n\t\t\t\t\t<\/div>\n\t\t<\/div>\n\t\t\t\t\t\t\t\t<\/div>\n\t\t\t\t\t<\/div>\n\t\t<\/section>\n\t\t\t\t<section class=\"elementor-section elementor-top-section elementor-element elementor-element-9b0ac87 elementor-section-full_width elementor-section-height-default elementor-section-height-default\" data-id=\"9b0ac87\" data-element_type=\"section\">\n\t\t\t\t\t\t<div class=\"elementor-container elementor-column-gap-default\">\n\t\t\t\t\t\t\t<div class=\"elementor-row\">\n\t\t\t\t\t<div class=\"elementor-column elementor-col-100 elementor-top-column elementor-element elementor-element-9d3c69a\" data-id=\"9d3c69a\" data-element_type=\"column\">\n\t\t\t<div class=\"elementor-column-wrap\">\n\t\t\t\t\t\t\t<div class=\"elementor-widget-wrap\">\n\t\t\t\t\t\t\t\t<\/div>\n\t\t\t\t\t<\/div>\n\t\t<\/div>\n\t\t\t\t\t\t\t\t<\/div>\n\t\t\t\t\t<\/div>\n\t\t<\/section>\n\t\t\t\t\t\t<\/div>\n\t\t\t\t\t\t<\/div>\n\t\t\t\t\t<\/div>\n\t\t","protected":false},"excerpt":{"rendered":"<p>\u00a0\u0110\u01af\u1edcNG M\u00cdA V\u00c0NG H\u1eeeU C\u01a0 B\u1ea1n ho\u00e0n to\u00e0n y\u00ean t\u00e2m v\u00ec m\u1ed7i lon O.N.E ch\u1ec9 b\u1ed5 sung 15g \u0111\u01b0\u1eddng m\u00eda v\u00e0ng h\u1eefu c\u01a1, n\u1eb1m trong kho\u1ea3ng an to\u00e0n so v\u1edbi l\u01b0\u1ee3ng \u0111\u01b0\u1eddng b\u1ed5 sung khuy\u1ebfn ngh\u1ecb m\u1ed7i ng\u00e0y c\u1ee7a FDA &hellip; <a href=\"\">Read More<\/a><\/p>\n","protected":false},"author":31,"featured_media":0,"parent":0,"menu_order":0,"comment_status":"closed","ping_status":"closed","template":"","meta":{"footnotes":""},"yoast_head":"<!-- This site is optimized with the Yoast SEO plugin v17.0 - https:\/\/yoast.com\/wordpress\/plugins\/seo\/ -->\n<title>100% organic plant-based ingredients VN - Drinkizz<\/title>\n<meta name=\"description\" content=\"- Drinkizz\" \/>\n<meta name=\"robots\" content=\"index, follow, max-snippet:-1, max-image-preview:large, max-video-preview:-1\" \/>\n<link rel=\"canonical\" href=\"https:\/\/drinkizz.com\/vi\/100-organic-plant-based-ingredients-vn\/\" \/>\n<meta property=\"og:locale\" content=\"vi_VN\" \/>\n<meta property=\"og:type\" content=\"article\" \/>\n<meta property=\"og:title\" content=\"100% organic plant-based ingredients VN - Drinkizz\" \/>\n<meta property=\"og:description\" content=\"- Drinkizz\" \/>\n<meta property=\"og:url\" content=\"https:\/\/drinkizz.com\/vi\/100-organic-plant-based-ingredients-vn\/\" \/>\n<meta property=\"og:site_name\" content=\"Drinkizz\" \/>\n<meta property=\"article:publisher\" content=\"https:\/\/www.facebook.com\/drinkizz\/\" \/>\n<meta property=\"article:modified_time\" content=\"2024-03-22T10:26:38+00:00\" \/>\n<meta property=\"og:image\" content=\"https:\/\/drinkizz.com\/wp-content\/uploads\/2024\/03\/SugarCaneVNHOME-300x190-1.png\" \/>\n<meta name=\"twitter:card\" content=\"summary_large_image\" \/>\n<meta name=\"twitter:site\" content=\"@drinkizzorganic\" \/>\n<meta name=\"twitter:label1\" content=\"Est. reading time\" \/>\n\t<meta name=\"twitter:data1\" content=\"1 minute\" \/>\n<script type=\"application\/ld+json\" class=\"yoast-schema-graph\">{\"@context\":\"https:\/\/schema.org\",\"@graph\":[{\"@type\":\"Organization\",\"@id\":\"https:\/\/drinkizz.com\/vi\/#organization\",\"name\":\"Drinkizz\",\"url\":\"https:\/\/drinkizz.com\/vi\/\",\"sameAs\":[\"https:\/\/www.facebook.com\/drinkizz\/\",\"https:\/\/www.instagram.com\/drinkizz_one\/\",\"https:\/\/www.linkedin.com\/company\/drinkizz\/\",\"https:\/\/www.youtube.com\/channel\/UC3t0_ox_a4dlFBwu-Kiw4Ew\",\"https:\/\/twitter.com\/drinkizzorganic\"],\"logo\":{\"@type\":\"ImageObject\",\"@id\":\"https:\/\/drinkizz.com\/vi\/#logo\",\"inLanguage\":\"vi-VN\",\"url\":\"https:\/\/drinkizz.com\/wp-content\/uploads\/2020\/02\/LOGO_DRINKIZZ_DARK_20201218-scaled.jpg\",\"contentUrl\":\"https:\/\/drinkizz.com\/wp-content\/uploads\/2020\/02\/LOGO_DRINKIZZ_DARK_20201218-scaled.jpg\",\"width\":1920,\"height\":1358,\"caption\":\"Drinkizz\"},\"image\":{\"@id\":\"https:\/\/drinkizz.com\/vi\/#logo\"}},{\"@type\":\"WebSite\",\"@id\":\"https:\/\/drinkizz.com\/vi\/#website\",\"url\":\"https:\/\/drinkizz.com\/vi\/\",\"name\":\"Drinkizz\",\"description\":\"Kiss your Energy\",\"publisher\":{\"@id\":\"https:\/\/drinkizz.com\/vi\/#organization\"},\"potentialAction\":[{\"@type\":\"SearchAction\",\"target\":{\"@type\":\"EntryPoint\",\"urlTemplate\":\"https:\/\/drinkizz.com\/vi\/?s={search_term_string}\"},\"query-input\":\"required name=search_term_string\"}],\"inLanguage\":\"vi-VN\"},{\"@type\":\"ImageObject\",\"@id\":\"https:\/\/drinkizz.com\/vi\/100-organic-plant-based-ingredients-vn\/#primaryimage\",\"inLanguage\":\"vi-VN\",\"url\":\"https:\/\/drinkizz.com\/wp-content\/uploads\/2024\/03\/SugarCaneVNHOME-300x190-1.png\",\"contentUrl\":\"https:\/\/drinkizz.com\/wp-content\/uploads\/2024\/03\/SugarCaneVNHOME-300x190-1.png\",\"width\":300,\"height\":190},{\"@type\":[\"WebPage\",\"FAQPage\"],\"@id\":\"https:\/\/drinkizz.com\/vi\/100-organic-plant-based-ingredients-vn\/#webpage\",\"url\":\"https:\/\/drinkizz.com\/vi\/100-organic-plant-based-ingredients-vn\/\",\"name\":\"100% organic plant-based ingredients VN - Drinkizz\",\"isPartOf\":{\"@id\":\"https:\/\/drinkizz.com\/vi\/#website\"},\"primaryImageOfPage\":{\"@id\":\"https:\/\/drinkizz.com\/vi\/100-organic-plant-based-ingredients-vn\/#primaryimage\"},\"datePublished\":\"2024-03-22T10:17:12+00:00\",\"dateModified\":\"2024-03-22T10:26:38+00:00\",\"description\":\"- Drinkizz\",\"breadcrumb\":{\"@id\":\"https:\/\/drinkizz.com\/vi\/100-organic-plant-based-ingredients-vn\/#breadcrumb\"},\"inLanguage\":\"vi-VN\",\"potentialAction\":[{\"@type\":\"ReadAction\",\"target\":[\"https:\/\/drinkizz.com\/vi\/100-organic-plant-based-ingredients-vn\/\"]}]},{\"@type\":\"BreadcrumbList\",\"@id\":\"https:\/\/drinkizz.com\/vi\/100-organic-plant-based-ingredients-vn\/#breadcrumb\",\"itemListElement\":[{\"@type\":\"ListItem\",\"position\":1,\"name\":\"Home\",\"item\":\"https:\/\/drinkizz.com\/vi\/\"},{\"@type\":\"ListItem\",\"position\":2,\"name\":\"100% organic plant-based ingredients VN\"}]}]}<\/script>\n<!-- \/ Yoast SEO plugin. -->","yoast_head_json":{"title":"100% organic plant-based ingredients VN - Drinkizz","description":"- Drinkizz","robots":{"index":"index","follow":"follow","max-snippet":"max-snippet:-1","max-image-preview":"max-image-preview:large","max-video-preview":"max-video-preview:-1"},"canonical":"https:\/\/drinkizz.com\/vi\/100-organic-plant-based-ingredients-vn\/","og_locale":"vi_VN","og_type":"article","og_title":"100% organic plant-based ingredients VN - Drinkizz","og_description":"- Drinkizz","og_url":"https:\/\/drinkizz.com\/vi\/100-organic-plant-based-ingredients-vn\/","og_site_name":"Drinkizz","article_publisher":"https:\/\/www.facebook.com\/drinkizz\/","article_modified_time":"2024-03-22T10:26:38+00:00","og_image":[{"url":"https:\/\/drinkizz.com\/wp-content\/uploads\/2024\/03\/SugarCaneVNHOME-300x190-1.png"}],"twitter_card":"summary_large_image","twitter_site":"@drinkizzorganic","twitter_misc":{"Est. reading time":"1 minute"},"schema":{"@context":"https:\/\/schema.org","@graph":[{"@type":"Organization","@id":"https:\/\/drinkizz.com\/vi\/#organization","name":"Drinkizz","url":"https:\/\/drinkizz.com\/vi\/","sameAs":["https:\/\/www.facebook.com\/drinkizz\/","https:\/\/www.instagram.com\/drinkizz_one\/","https:\/\/www.linkedin.com\/company\/drinkizz\/","https:\/\/www.youtube.com\/channel\/UC3t0_ox_a4dlFBwu-Kiw4Ew","https:\/\/twitter.com\/drinkizzorganic"],"logo":{"@type":"ImageObject","@id":"https:\/\/drinkizz.com\/vi\/#logo","inLanguage":"vi-VN","url":"https:\/\/drinkizz.com\/wp-content\/uploads\/2020\/02\/LOGO_DRINKIZZ_DARK_20201218-scaled.jpg","contentUrl":"https:\/\/drinkizz.com\/wp-content\/uploads\/2020\/02\/LOGO_DRINKIZZ_DARK_20201218-scaled.jpg","width":1920,"height":1358,"caption":"Drinkizz"},"image":{"@id":"https:\/\/drinkizz.com\/vi\/#logo"}},{"@type":"WebSite","@id":"https:\/\/drinkizz.com\/vi\/#website","url":"https:\/\/drinkizz.com\/vi\/","name":"Drinkizz","description":"Kiss your Energy","publisher":{"@id":"https:\/\/drinkizz.com\/vi\/#organization"},"potentialAction":[{"@type":"SearchAction","target":{"@type":"EntryPoint","urlTemplate":"https:\/\/drinkizz.com\/vi\/?s={search_term_string}"},"query-input":"required name=search_term_string"}],"inLanguage":"vi-VN"},{"@type":"ImageObject","@id":"https:\/\/drinkizz.com\/vi\/100-organic-plant-based-ingredients-vn\/#primaryimage","inLanguage":"vi-VN","url":"https:\/\/drinkizz.com\/wp-content\/uploads\/2024\/03\/SugarCaneVNHOME-300x190-1.png","contentUrl":"https:\/\/drinkizz.com\/wp-content\/uploads\/2024\/03\/SugarCaneVNHOME-300x190-1.png","width":300,"height":190},{"@type":["WebPage","FAQPage"],"@id":"https:\/\/drinkizz.com\/vi\/100-organic-plant-based-ingredients-vn\/#webpage","url":"https:\/\/drinkizz.com\/vi\/100-organic-plant-based-ingredients-vn\/","name":"100% organic plant-based ingredients VN - Drinkizz","isPartOf":{"@id":"https:\/\/drinkizz.com\/vi\/#website"},"primaryImageOfPage":{"@id":"https:\/\/drinkizz.com\/vi\/100-organic-plant-based-ingredients-vn\/#primaryimage"},"datePublished":"2024-03-22T10:17:12+00:00","dateModified":"2024-03-22T10:26:38+00:00","description":"- Drinkizz","breadcrumb":{"@id":"https:\/\/drinkizz.com\/vi\/100-organic-plant-based-ingredients-vn\/#breadcrumb"},"inLanguage":"vi-VN","potentialAction":[{"@type":"ReadAction","target":["https:\/\/drinkizz.com\/vi\/100-organic-plant-based-ingredients-vn\/"]}]},{"@type":"BreadcrumbList","@id":"https:\/\/drinkizz.com\/vi\/100-organic-plant-based-ingredients-vn\/#breadcrumb","itemListElement":[{"@type":"ListItem","position":1,"name":"Home","item":"https:\/\/drinkizz.com\/vi\/"},{"@type":"ListItem","position":2,"name":"100% organic plant-based ingredients VN"}]}]}},"_links":{"self":[{"href":"https:\/\/drinkizz.com\/vi\/wp-json\/wp\/v2\/pages\/20478"}],"collection":[{"href":"https:\/\/drinkizz.com\/vi\/wp-json\/wp\/v2\/pages"}],"about":[{"href":"https:\/\/drinkizz.com\/vi\/wp-json\/wp\/v2\/types\/page"}],"author":[{"embeddable":true,"href":"https:\/\/drinkizz.com\/vi\/wp-json\/wp\/v2\/users\/31"}],"replies":[{"embeddable":true,"href":"https:\/\/drinkizz.com\/vi\/wp-json\/wp\/v2\/comments?post=20478"}],"version-history":[{"count":7,"href":"https:\/\/drinkizz.com\/vi\/wp-json\/wp\/v2\/pages\/20478\/revisions"}],"predecessor-version":[{"id":20500,"href":"https:\/\/drinkizz.com\/vi\/wp-json\/wp\/v2\/pages\/20478\/revisions\/20500"}],"wp:attachment":[{"href":"https:\/\/drinkizz.com\/vi\/wp-json\/wp\/v2\/media?parent=20478"}],"curies":[{"name":"wp","href":"https:\/\/api.w.org\/{rel}","templated":true}]}}