{"id":20483,"date":"2024-03-22T10:19:47","date_gmt":"2024-03-22T10:19:47","guid":{"rendered":"https:\/\/drinkizz.com\/energy-to-enhance-strength-and-beauty-vn\/"},"modified":"2024-03-22T10:20:54","modified_gmt":"2024-03-22T10:20:54","slug":"energy-to-enhance-strength-and-beauty-vn","status":"publish","type":"page","link":"https:\/\/drinkizz.com\/vi\/energy-to-enhance-strength-and-beauty-vn\/","title":{"rendered":"Energy to enhance strength and beauty VN"},"content":{"rendered":"\t\t<div data-elementor-type=\"wp-page\" data-elementor-id=\"20483\" class=\"elementor elementor-20483 elementor-20414\" data-elementor-settings=\"[]\">\n\t\t\t\t\t\t<div class=\"elementor-inner\">\n\t\t\t\t\t\t\t<div class=\"elementor-section-wrap\">\n\t\t\t\t\t\t\t<section class=\"elementor-section elementor-top-section elementor-element elementor-element-4154bf5 elementor-section-boxed elementor-section-height-default elementor-section-height-default\" data-id=\"4154bf5\" data-element_type=\"section\">\n\t\t\t\t\t\t<div class=\"elementor-container elementor-column-gap-default\">\n\t\t\t\t\t\t\t<div class=\"elementor-row\">\n\t\t\t\t\t<div class=\"elementor-column elementor-col-100 elementor-top-column elementor-element elementor-element-aae1e96\" data-id=\"aae1e96\" data-element_type=\"column\">\n\t\t\t<div class=\"elementor-column-wrap elementor-element-populated\">\n\t\t\t\t\t\t\t<div class=\"elementor-widget-wrap\">\n\t\t\t\t\t\t<div class=\"elementor-element elementor-element-099f67f elementor-widget elementor-widget-html\" data-id=\"099f67f\" data-element_type=\"widget\" data-widget_type=\"html.default\">\n\t\t\t\t<div class=\"elementor-widget-container\">\n\t\t\t<p style=\"text-align: center;\"><b>Theine\u00a0<\/b><\/p>\r\n<p style=\"text-align: center;\"><span style=\"font-weight: 400;\">\u0110\u1ec3 n\u1ea1p n\u0103ng l\u01b0\u1ee3ng cho b\u1ed9 n\u00e3o c\u1ee7a b\u1ea1n m\u1ed9t c\u00e1ch b\u1ec1n v\u1eefng, ch\u00fang t\u00f4i ch\u1ecdn <\/span><\/p>\r\n<p style=\"text-align: center;\"><span style=\"font-weight: 400;\">tr\u00e0 \u0111en Shan Tuy\u1ebft h\u1eefu c\u01a1 c\u00f3 ch\u1ee9a theine, L-theanine v\u00e0 c\u00e1c h\u1ee3p ch\u1ea5t ch\u1ed1ng oxy ho\u00e1.\u00a0<\/span><\/p>\r\n<p style=\"text-align: center;\"><span style=\"font-weight: 400;\">Theine trong tr\u00e0 l\u00e0 k\u1ebft qu\u1ea3 c\u1ee7a polyphenol b\u1ecb oxy h\u00f3a, c\u00f3 t\u00e1c d\u1ee5ng k\u00edch th\u00edch h\u01b0ng ph\u1ea5n th\u1ea7n kinh.\u00a0<\/span><\/p>\r\n<p style=\"text-align: center;\"><span style=\"font-weight: 400;\">Theine c\u00f3 th\u1ec3 t\u1ed3n t\u1ea1i l\u00e2u h\u01a1n trong c\u01a1 th\u1ec3- kho\u1ea3ng 6 \u0111\u1ebfn 8 gi\u1edd gi\u00fap t\u0103ng c\u01b0\u1eddng ch\u1ee9c n\u0103ng n\u00e3o b\u1ed9 v\u00e0 c\u1ea3i thi\u1ec7n tr\u00ed nh\u1edb.\u00a0<\/span><\/p>\r\n<p style=\"text-align: center;\"><span style=\"font-weight: 400;\">Theine \u0111\u01b0\u1ee3c bi\u1ebft \u0111\u1ebfn v\u1edbi t\u00e1c d\u1ee5ng gi\u00fap n\u00e3o b\u1ed9 t\u1ec9nh t\u00e1o t\u1eadp trung nh\u1ea1y b\u00e9n nh\u01b0ng <\/span><\/p>\r\n<p style=\"text-align: center;\"><span style=\"font-weight: 400;\">kh\u00f4ng \u0111\u1ec3 l\u1ea1i hi\u1ec7u \u1ee9ng k\u00edch th\u00edch qu\u00e1 m\u1ee9c \u0111\u1ebfn c\u01a1 th\u1ec3. N\u00f3 ng\u0103n ch\u1eb7n c\u1ea3m gi\u00e1c b\u1ed3n ch\u1ed3n ho\u1eb7c lo l\u1eafng th\u01b0\u1eddng th\u1ea5y \u1edf caffeine.<\/span><\/p>\r\n<img loading=\"lazy\" decoding=\"async\" class=\"size-full wp-image-14819 aligncenter\" src=\"https:\/\/drinkizz.com\/staging\/wp-content\/uploads\/2020\/03\/EnergyVN1.png\" alt=\"\" width=\"229\" height=\"202\" srcset=\"https:\/\/drinkizz.com\/wp-content\/uploads\/2020\/03\/EnergyVN1.png 229w, https:\/\/drinkizz.com\/wp-content\/uploads\/2020\/03\/EnergyVN1-113x100.png 113w, https:\/\/drinkizz.com\/wp-content\/uploads\/2020\/03\/EnergyVN1-91x80.png 91w\" sizes=\"(max-width: 229px) 100vw, 229px\" \/>\r\n<p style=\"text-align: center;\"><b>ANTIOXIDANTS<\/b><\/p>\r\n<p style=\"text-align: center;\"><span style=\"font-weight: 400;\">\u0110\u1ec3 gi\u00fap c\u1ea3i thi\u1ec7n qu\u00e1 tr\u00ecnh chuy\u1ec3n ho\u00e1 n\u0103ng l\u01b0\u1ee3ng, ch\u00fang t\u00f4i ch\u1ecdn b\u1ee5p gi\u1ea5m h\u1eefu c\u01a1 c\u00f3 ch\u1ee9a m\u1ed9t l\u01b0\u1ee3ng l\u1edbn Anthocyanin:<\/span><\/p>\r\n<p style=\"text-align: center;\"><span style=\"font-weight: 400;\">Anthocyanin c\u00f3 <\/span><span style=\"font-weight: 400;\">ch\u1ea5t ch\u1ed1ng oxy h\u00f3a duy tr\u00ec t\u00ednh to\u00e0n v\u1eb9n c\u1ea5u tr\u00fac v\u00e0 ho\u1ea1t \u0111\u1ed9ng ch\u1ee9c n\u0103ng c\u1ee7a <\/span><\/p>\r\n<p style=\"text-align: center;\"><b>Ty th\u1ec3 - nh\u00e0 m\u00e1y n\u0103ng l\u01b0\u1ee3ng, <\/b><span style=\"font-weight: 400;\">\u0111i\u1ec1u c\u1ea7n thi\u1ebft \u0111\u1ec3 trao \u0111\u1ed5i n\u0103ng l\u01b0\u1ee3ng ng\u00e0y m\u1ed9t t\u1ed1t h\u01a1n.<\/span><\/p>\r\n<p style=\"text-align: center;\"><span style=\"font-weight: 400;\">\u00a0Ch\u1ea5t ch\u1ed1ng oxy h\u00f3a c\u00f2n b\u1ea3o v\u1ec7 c\u01a1 th\u1ec3 b\u1eb1ng c\u00e1ch ch\u1ed1ng l\u1ea1i c\u00e1c g\u1ed1c t\u1ef1 do, <\/span><\/p>\r\n<p style=\"text-align: center;\"><span style=\"font-weight: 400;\">c\u00f3 th\u1ec3 ng\u0103n ng\u1eeba ung th\u01b0 v\u00e0 nhi\u1ec1u b\u1ec7nh t\u1eadt<\/span><span style=\"font-weight: 400;\">.<\/span><\/p>\r\n<p style=\"text-align: center;\"><span style=\"font-weight: 400;\">Hoa B\u1ee5p gi\u1ea5m \u0111\u01b0\u1ee3c s\u1eed d\u1ee5ng nh\u01b0 m\u1ed9t ph\u01b0\u01a1ng thu\u1ed1c b\u1ed5 \u00edch t\u1ef1 nhi\u00ean bao g\u1ed3m c\u1ea3i thi\u1ec7n s\u1ee9c kh\u1ecfe gan, <\/span><\/p>\r\n<p style=\"text-align: center;\"><span style=\"font-weight: 400;\">kh\u00e1ng vi khu\u1ea9n, gi\u1ea3m c\u00e2n, gi\u1ea3m huy\u1ebft \u00e1p, h\u1ed7 tr\u1ee3 ti\u00eau h\u00f3a, th\u01b0 gi\u00e3n v\u00e0 ch\u1ed1ng tr\u1ea7m c\u1ea3m.<\/span><\/p>\r\n<img loading=\"lazy\" decoding=\"async\" class=\"size-full wp-image-14821 aligncenter\" src=\"https:\/\/drinkizz.com\/staging\/wp-content\/uploads\/2020\/03\/EnergyVN2.png\" alt=\"\" width=\"241\" height=\"223\" srcset=\"https:\/\/drinkizz.com\/wp-content\/uploads\/2020\/03\/EnergyVN2.png 241w, https:\/\/drinkizz.com\/wp-content\/uploads\/2020\/03\/EnergyVN2-108x100.png 108w, https:\/\/drinkizz.com\/wp-content\/uploads\/2020\/03\/EnergyVN2-86x80.png 86w\" sizes=\"(max-width: 241px) 100vw, 241px\" \/>\r\n\r\n&nbsp;\r\n<p style=\"text-align: center;\"><b>Silica ICON<\/b><\/p>\r\n<p style=\"text-align: center;\"><span style=\"font-weight: 400;\">Ch\u00fang t\u00f4i ch\u1ecdn m\u0103ng tre h\u1eefu c\u01a1 \u0111\u1ec3 gi\u00fap ch\u1eafc x\u01b0\u01a1ng v\u00e0 l\u00e0m s\u00e1ng l\u00e0n da c\u1ee7a b\u1ea1n, <\/span><\/p>\r\n<p style=\"text-align: center;\"><span style=\"font-weight: 400;\">v\u00ec n\u00f3\u00a0 gi\u00e0u ch\u1ea5t dinh d\u01b0\u1ee1ng nh\u01b0 silica v\u00e0 c\u00e1c h\u1ee3p ch\u1ea5t thi\u00ean nhi\u00ean c\u00f3 ho\u1ea1t t\u00ednh sinh h\u1ecdc:\u00a0<\/span><\/p>\r\n<p style=\"text-align: center;\"><span style=\"font-weight: 400;\">Silica l\u00e0 kho\u1ea3ng ch\u1ea5t vi l\u01b0\u1ee3ng \u0111\u1eb7c bi\u1ec7t n\u00ean c\u00f3 th\u1ec3 k\u00edch ho\u1ea1t enzyme prolyl hydroxylase;<\/span><\/p>\r\n<p style=\"text-align: center;\"><span style=\"font-weight: 400;\"> lo\u1ea1i enzyme c\u1ea7n thi\u1ebft \u0111\u1ec3 tham gia v\u00e0o qu\u00e1 tr\u00ecnh s\u1ea3n xu\u1ea5t collagen t\u1eeb c\u00e1c axit amin glycine, proline v\u00e0 hydroxyproline. <\/span><\/p>\r\n<p style=\"text-align: center;\"><span style=\"font-weight: 400;\">C\u00e1c axit amin n\u00e0y \u0111\u1ebfn t\u1eeb ch\u1ea5t \u0111\u1ea1m v\u00e0\u00a0 \u0111\u01b0\u1ee3c d\u1ea1 d\u00e0y ph\u00e2n hu\u1ef7 t\u1eeb\u00a0 5 ph\u00fat \u0111\u1ebfn 10 ph\u00fat <\/span><\/p>\r\n<p style=\"text-align: center;\"><span style=\"font-weight: 400;\">\u0111\u1ec3 ho\u00e0n th\u00e0nh cho ra collagen hi\u1ec7u qu\u1ea3 cho d\u00f9 b\u1ea1n \u0103n protein t\u1eeb \u0111\u1ed9ng v\u1eadt hay th\u1ef1c v\u1eadt.<\/span><\/p>\r\n<p style=\"text-align: center;\"><span style=\"font-weight: 400;\">Collagen \u0111\u00e3 \u0111\u01b0\u1ee3c ch\u1ee9ng minh l\u00e0 gi\u00fap t\u0103ng n\u0103ng l\u01b0\u1ee3ng, <\/span><\/p>\r\n<p style=\"text-align: center;\"><span style=\"font-weight: 400;\">v\u00ec n\u00f3 l\u00e0 m\u1ed9t lo\u1ea1i protein r\u1ea5t c\u1ea7n thi\u1ebft cho ch\u1ee9c n\u0103ng c\u1ee7a da, m\u1ea1ch m\u00e1u, s\u1ee5n, c\u01a1, <\/span><\/p>\r\n<p style=\"text-align: center;\"><span style=\"font-weight: 400;\">g\u00e2n, d\u00e2y ch\u1eb1ng, x\u01b0\u01a1ng v\u00e0 h\u1ec7 ti\u00eau ho\u00e1 n\u00ean gi\u00fap t\u0103ng c\u01b0\u1eddng trao \u0111\u1ed5i ch\u1ea5t.<\/span><\/p>\r\n<p style=\"text-align: center;\"><span style=\"font-weight: 400;\">Silica l\u00e0 ch\u1ea5t gi\u1eef \u1ea9m \u0111\u1ec3 gi\u00fap c\u01a1 th\u1ec3 c\u00f3 kh\u1ea3 n\u0103ng gi\u1eef n\u01b0\u1edbc t\u1ed1 t\u1eeb trong x\u01b0\u01a1ng v\u00e0 c\u00e1c m\u00f4 nh\u01b0 da v\u00e0 s\u1ee5n. <\/span><\/p>\r\n<p style=\"text-align: center;\"><span style=\"font-weight: 400;\">N\u01b0\u1edbc gi\u00fap v\u1eadn chuy\u1ec3n dinh d\u01b0\u1ee1ng \u0111\u1ebfn t\u1ebf b\u00e0o, lo\u1ea1i b\u1ecf \u0111\u1ed9c t\u1ed1 qua m\u00e1u, <\/span><\/p>\r\n<p style=\"text-align: center;\"><span style=\"font-weight: 400;\">t\u1eeb \u0111\u00f3 cung c\u1ea5p n\u0103ng l\u01b0\u1ee3ng cho c\u01a1 b\u1eafp v\u00e0 c\u01a1 th\u1ec3. <\/span><\/p>\r\n<p style=\"text-align: center;\"><span style=\"font-weight: 400;\">Khi c\u01a1 th\u1ec3 b\u1ea1n c\u00f3 nhi\u1ec1u ch\u1ea5t dinh d\u01b0\u1ee1ng h\u01a1n v\u00e0 \u00edt \u0111\u1ed9c t\u1ed1 h\u01a1n, <\/span><\/p>\r\n<p style=\"text-align: center;\"><span style=\"font-weight: 400;\">v\u00e0 \u0111\u1ed9 \u0111\u00e0n h\u1ed3i t\u1ed1t nh\u1edd gi\u1eef \u1ea9m, th\u00ec n\u0103ng l\u01b0\u1ee3ng c\u1ee7a b\u1ea1n s\u1ebd ho\u1ea1t \u0111\u1ed9ng hi\u1ec7u qu\u1ea3 h\u01a1n.<\/span><\/p>\r\n<img loading=\"lazy\" decoding=\"async\" class=\"size-full wp-image-14823 aligncenter\" src=\"https:\/\/drinkizz.com\/staging\/wp-content\/uploads\/2020\/03\/EnergyVN3.png\" alt=\"\" width=\"211\" height=\"181\" srcset=\"https:\/\/drinkizz.com\/wp-content\/uploads\/2020\/03\/EnergyVN3.png 211w, https:\/\/drinkizz.com\/wp-content\/uploads\/2020\/03\/EnergyVN3-117x100.png 117w, https:\/\/drinkizz.com\/wp-content\/uploads\/2020\/03\/EnergyVN3-93x80.png 93w\" sizes=\"(max-width: 211px) 100vw, 211px\" \/>\r\n\r\n&nbsp;\t\t<\/div>\n\t\t\t\t<\/div>\n\t\t\t\t\t\t<\/div>\n\t\t\t\t\t<\/div>\n\t\t<\/div>\n\t\t\t\t\t\t\t\t<\/div>\n\t\t\t\t\t<\/div>\n\t\t<\/section>\n\t\t\t\t<section class=\"elementor-section elementor-top-section elementor-element elementor-element-9b0ac87 elementor-section-full_width elementor-section-height-default elementor-section-height-default\" data-id=\"9b0ac87\" data-element_type=\"section\">\n\t\t\t\t\t\t<div class=\"elementor-container elementor-column-gap-default\">\n\t\t\t\t\t\t\t<div class=\"elementor-row\">\n\t\t\t\t\t<div class=\"elementor-column elementor-col-100 elementor-top-column elementor-element elementor-element-9d3c69a\" data-id=\"9d3c69a\" data-element_type=\"column\">\n\t\t\t<div class=\"elementor-column-wrap\">\n\t\t\t\t\t\t\t<div class=\"elementor-widget-wrap\">\n\t\t\t\t\t\t\t\t<\/div>\n\t\t\t\t\t<\/div>\n\t\t<\/div>\n\t\t\t\t\t\t\t\t<\/div>\n\t\t\t\t\t<\/div>\n\t\t<\/section>\n\t\t\t\t\t\t<\/div>\n\t\t\t\t\t\t<\/div>\n\t\t\t\t\t<\/div>\n\t\t","protected":false},"excerpt":{"rendered":"<p>Theine\u00a0 \u0110\u1ec3 n\u1ea1p n\u0103ng l\u01b0\u1ee3ng cho b\u1ed9 n\u00e3o c\u1ee7a b\u1ea1n m\u1ed9t c\u00e1ch b\u1ec1n v\u1eefng, ch\u00fang t\u00f4i ch\u1ecdn tr\u00e0 \u0111en Shan Tuy\u1ebft h\u1eefu c\u01a1 c\u00f3 ch\u1ee9a theine, L-theanine v\u00e0 c\u00e1c h\u1ee3p ch\u1ea5t ch\u1ed1ng oxy ho\u00e1.\u00a0 Theine trong tr\u00e0 l\u00e0 k\u1ebft qu\u1ea3 &hellip; <a href=\"\">Read More<\/a><\/p>\n","protected":false},"author":31,"featured_media":0,"parent":0,"menu_order":0,"comment_status":"closed","ping_status":"closed","template":"","meta":{"footnotes":""},"yoast_head":"<!-- This site is optimized with the Yoast SEO plugin v17.0 - https:\/\/yoast.com\/wordpress\/plugins\/seo\/ -->\n<title>Energy to enhance strength and beauty VN - Drinkizz<\/title>\n<meta name=\"description\" content=\"- Drinkizz\" \/>\n<meta name=\"robots\" content=\"index, follow, max-snippet:-1, max-image-preview:large, max-video-preview:-1\" \/>\n<link rel=\"canonical\" href=\"https:\/\/drinkizz.com\/vi\/energy-to-enhance-strength-and-beauty-vn\/\" \/>\n<meta property=\"og:locale\" content=\"vi_VN\" \/>\n<meta property=\"og:type\" content=\"article\" \/>\n<meta property=\"og:title\" content=\"Energy to enhance strength and beauty VN - Drinkizz\" \/>\n<meta property=\"og:description\" content=\"- Drinkizz\" \/>\n<meta property=\"og:url\" content=\"https:\/\/drinkizz.com\/vi\/energy-to-enhance-strength-and-beauty-vn\/\" \/>\n<meta property=\"og:site_name\" content=\"Drinkizz\" \/>\n<meta property=\"article:publisher\" content=\"https:\/\/www.facebook.com\/drinkizz\/\" \/>\n<meta property=\"article:modified_time\" content=\"2024-03-22T10:20:54+00:00\" \/>\n<meta property=\"og:image\" content=\"https:\/\/drinkizz.com\/staging\/wp-content\/uploads\/2020\/03\/EnergyVN1.png\" \/>\n<meta name=\"twitter:card\" content=\"summary_large_image\" \/>\n<meta name=\"twitter:site\" content=\"@drinkizzorganic\" \/>\n<meta name=\"twitter:label1\" content=\"Est. reading time\" \/>\n\t<meta name=\"twitter:data1\" content=\"4 minutes\" \/>\n<script type=\"application\/ld+json\" class=\"yoast-schema-graph\">{\"@context\":\"https:\/\/schema.org\",\"@graph\":[{\"@type\":\"Organization\",\"@id\":\"https:\/\/drinkizz.com\/vi\/#organization\",\"name\":\"Drinkizz\",\"url\":\"https:\/\/drinkizz.com\/vi\/\",\"sameAs\":[\"https:\/\/www.facebook.com\/drinkizz\/\",\"https:\/\/www.instagram.com\/drinkizz_one\/\",\"https:\/\/www.linkedin.com\/company\/drinkizz\/\",\"https:\/\/www.youtube.com\/channel\/UC3t0_ox_a4dlFBwu-Kiw4Ew\",\"https:\/\/twitter.com\/drinkizzorganic\"],\"logo\":{\"@type\":\"ImageObject\",\"@id\":\"https:\/\/drinkizz.com\/vi\/#logo\",\"inLanguage\":\"vi-VN\",\"url\":\"https:\/\/drinkizz.com\/wp-content\/uploads\/2020\/02\/LOGO_DRINKIZZ_DARK_20201218-scaled.jpg\",\"contentUrl\":\"https:\/\/drinkizz.com\/wp-content\/uploads\/2020\/02\/LOGO_DRINKIZZ_DARK_20201218-scaled.jpg\",\"width\":1920,\"height\":1358,\"caption\":\"Drinkizz\"},\"image\":{\"@id\":\"https:\/\/drinkizz.com\/vi\/#logo\"}},{\"@type\":\"WebSite\",\"@id\":\"https:\/\/drinkizz.com\/vi\/#website\",\"url\":\"https:\/\/drinkizz.com\/vi\/\",\"name\":\"Drinkizz\",\"description\":\"Kiss your Energy\",\"publisher\":{\"@id\":\"https:\/\/drinkizz.com\/vi\/#organization\"},\"potentialAction\":[{\"@type\":\"SearchAction\",\"target\":{\"@type\":\"EntryPoint\",\"urlTemplate\":\"https:\/\/drinkizz.com\/vi\/?s={search_term_string}\"},\"query-input\":\"required name=search_term_string\"}],\"inLanguage\":\"vi-VN\"},{\"@type\":\"ImageObject\",\"@id\":\"https:\/\/drinkizz.com\/vi\/energy-to-enhance-strength-and-beauty-vn\/#primaryimage\",\"inLanguage\":\"vi-VN\",\"url\":\"https:\/\/drinkizz.com\/staging\/wp-content\/uploads\/2020\/03\/EnergyVN1.png\",\"contentUrl\":\"https:\/\/drinkizz.com\/staging\/wp-content\/uploads\/2020\/03\/EnergyVN1.png\"},{\"@type\":[\"WebPage\",\"FAQPage\"],\"@id\":\"https:\/\/drinkizz.com\/vi\/energy-to-enhance-strength-and-beauty-vn\/#webpage\",\"url\":\"https:\/\/drinkizz.com\/vi\/energy-to-enhance-strength-and-beauty-vn\/\",\"name\":\"Energy to enhance strength and beauty VN - Drinkizz\",\"isPartOf\":{\"@id\":\"https:\/\/drinkizz.com\/vi\/#website\"},\"primaryImageOfPage\":{\"@id\":\"https:\/\/drinkizz.com\/vi\/energy-to-enhance-strength-and-beauty-vn\/#primaryimage\"},\"datePublished\":\"2024-03-22T10:19:47+00:00\",\"dateModified\":\"2024-03-22T10:20:54+00:00\",\"description\":\"- Drinkizz\",\"breadcrumb\":{\"@id\":\"https:\/\/drinkizz.com\/vi\/energy-to-enhance-strength-and-beauty-vn\/#breadcrumb\"},\"inLanguage\":\"vi-VN\",\"potentialAction\":[{\"@type\":\"ReadAction\",\"target\":[\"https:\/\/drinkizz.com\/vi\/energy-to-enhance-strength-and-beauty-vn\/\"]}]},{\"@type\":\"BreadcrumbList\",\"@id\":\"https:\/\/drinkizz.com\/vi\/energy-to-enhance-strength-and-beauty-vn\/#breadcrumb\",\"itemListElement\":[{\"@type\":\"ListItem\",\"position\":1,\"name\":\"Home\",\"item\":\"https:\/\/drinkizz.com\/vi\/\"},{\"@type\":\"ListItem\",\"position\":2,\"name\":\"Energy to enhance strength and beauty VN\"}]}]}<\/script>\n<!-- \/ Yoast SEO plugin. -->","yoast_head_json":{"title":"Energy to enhance strength and beauty VN - Drinkizz","description":"- Drinkizz","robots":{"index":"index","follow":"follow","max-snippet":"max-snippet:-1","max-image-preview":"max-image-preview:large","max-video-preview":"max-video-preview:-1"},"canonical":"https:\/\/drinkizz.com\/vi\/energy-to-enhance-strength-and-beauty-vn\/","og_locale":"vi_VN","og_type":"article","og_title":"Energy to enhance strength and beauty VN - Drinkizz","og_description":"- Drinkizz","og_url":"https:\/\/drinkizz.com\/vi\/energy-to-enhance-strength-and-beauty-vn\/","og_site_name":"Drinkizz","article_publisher":"https:\/\/www.facebook.com\/drinkizz\/","article_modified_time":"2024-03-22T10:20:54+00:00","og_image":[{"url":"https:\/\/drinkizz.com\/staging\/wp-content\/uploads\/2020\/03\/EnergyVN1.png"}],"twitter_card":"summary_large_image","twitter_site":"@drinkizzorganic","twitter_misc":{"Est. reading time":"4 minutes"},"schema":{"@context":"https:\/\/schema.org","@graph":[{"@type":"Organization","@id":"https:\/\/drinkizz.com\/vi\/#organization","name":"Drinkizz","url":"https:\/\/drinkizz.com\/vi\/","sameAs":["https:\/\/www.facebook.com\/drinkizz\/","https:\/\/www.instagram.com\/drinkizz_one\/","https:\/\/www.linkedin.com\/company\/drinkizz\/","https:\/\/www.youtube.com\/channel\/UC3t0_ox_a4dlFBwu-Kiw4Ew","https:\/\/twitter.com\/drinkizzorganic"],"logo":{"@type":"ImageObject","@id":"https:\/\/drinkizz.com\/vi\/#logo","inLanguage":"vi-VN","url":"https:\/\/drinkizz.com\/wp-content\/uploads\/2020\/02\/LOGO_DRINKIZZ_DARK_20201218-scaled.jpg","contentUrl":"https:\/\/drinkizz.com\/wp-content\/uploads\/2020\/02\/LOGO_DRINKIZZ_DARK_20201218-scaled.jpg","width":1920,"height":1358,"caption":"Drinkizz"},"image":{"@id":"https:\/\/drinkizz.com\/vi\/#logo"}},{"@type":"WebSite","@id":"https:\/\/drinkizz.com\/vi\/#website","url":"https:\/\/drinkizz.com\/vi\/","name":"Drinkizz","description":"Kiss your Energy","publisher":{"@id":"https:\/\/drinkizz.com\/vi\/#organization"},"potentialAction":[{"@type":"SearchAction","target":{"@type":"EntryPoint","urlTemplate":"https:\/\/drinkizz.com\/vi\/?s={search_term_string}"},"query-input":"required name=search_term_string"}],"inLanguage":"vi-VN"},{"@type":"ImageObject","@id":"https:\/\/drinkizz.com\/vi\/energy-to-enhance-strength-and-beauty-vn\/#primaryimage","inLanguage":"vi-VN","url":"https:\/\/drinkizz.com\/staging\/wp-content\/uploads\/2020\/03\/EnergyVN1.png","contentUrl":"https:\/\/drinkizz.com\/staging\/wp-content\/uploads\/2020\/03\/EnergyVN1.png"},{"@type":["WebPage","FAQPage"],"@id":"https:\/\/drinkizz.com\/vi\/energy-to-enhance-strength-and-beauty-vn\/#webpage","url":"https:\/\/drinkizz.com\/vi\/energy-to-enhance-strength-and-beauty-vn\/","name":"Energy to enhance strength and beauty VN - Drinkizz","isPartOf":{"@id":"https:\/\/drinkizz.com\/vi\/#website"},"primaryImageOfPage":{"@id":"https:\/\/drinkizz.com\/vi\/energy-to-enhance-strength-and-beauty-vn\/#primaryimage"},"datePublished":"2024-03-22T10:19:47+00:00","dateModified":"2024-03-22T10:20:54+00:00","description":"- Drinkizz","breadcrumb":{"@id":"https:\/\/drinkizz.com\/vi\/energy-to-enhance-strength-and-beauty-vn\/#breadcrumb"},"inLanguage":"vi-VN","potentialAction":[{"@type":"ReadAction","target":["https:\/\/drinkizz.com\/vi\/energy-to-enhance-strength-and-beauty-vn\/"]}]},{"@type":"BreadcrumbList","@id":"https:\/\/drinkizz.com\/vi\/energy-to-enhance-strength-and-beauty-vn\/#breadcrumb","itemListElement":[{"@type":"ListItem","position":1,"name":"Home","item":"https:\/\/drinkizz.com\/vi\/"},{"@type":"ListItem","position":2,"name":"Energy to enhance strength and beauty VN"}]}]}},"_links":{"self":[{"href":"https:\/\/drinkizz.com\/vi\/wp-json\/wp\/v2\/pages\/20483"}],"collection":[{"href":"https:\/\/drinkizz.com\/vi\/wp-json\/wp\/v2\/pages"}],"about":[{"href":"https:\/\/drinkizz.com\/vi\/wp-json\/wp\/v2\/types\/page"}],"author":[{"embeddable":true,"href":"https:\/\/drinkizz.com\/vi\/wp-json\/wp\/v2\/users\/31"}],"replies":[{"embeddable":true,"href":"https:\/\/drinkizz.com\/vi\/wp-json\/wp\/v2\/comments?post=20483"}],"version-history":[{"count":4,"href":"https:\/\/drinkizz.com\/vi\/wp-json\/wp\/v2\/pages\/20483\/revisions"}],"predecessor-version":[{"id":20488,"href":"https:\/\/drinkizz.com\/vi\/wp-json\/wp\/v2\/pages\/20483\/revisions\/20488"}],"wp:attachment":[{"href":"https:\/\/drinkizz.com\/vi\/wp-json\/wp\/v2\/media?parent=20483"}],"curies":[{"name":"wp","href":"https:\/\/api.w.org\/{rel}","templated":true}]}}