{"id":20489,"date":"2024-03-22T10:21:26","date_gmt":"2024-03-22T10:21:26","guid":{"rendered":"https:\/\/drinkizz.com\/o-n-e-drink-and-health\/"},"modified":"2024-03-22T10:22:02","modified_gmt":"2024-03-22T10:22:02","slug":"o-n-e-drink-and-health","status":"publish","type":"page","link":"https:\/\/drinkizz.com\/vi\/o-n-e-drink-and-health\/","title":{"rendered":"O.N.E drink and health"},"content":{"rendered":"\t\t<div data-elementor-type=\"wp-page\" data-elementor-id=\"20489\" class=\"elementor elementor-20489 elementor-20424\" data-elementor-settings=\"[]\">\n\t\t\t\t\t\t<div class=\"elementor-inner\">\n\t\t\t\t\t\t\t<div class=\"elementor-section-wrap\">\n\t\t\t\t\t\t\t<section class=\"elementor-section elementor-top-section elementor-element elementor-element-4154bf5 elementor-section-boxed elementor-section-height-default elementor-section-height-default\" data-id=\"4154bf5\" data-element_type=\"section\">\n\t\t\t\t\t\t<div class=\"elementor-container elementor-column-gap-default\">\n\t\t\t\t\t\t\t<div class=\"elementor-row\">\n\t\t\t\t\t<div class=\"elementor-column elementor-col-100 elementor-top-column elementor-element elementor-element-aae1e96\" data-id=\"aae1e96\" data-element_type=\"column\">\n\t\t\t<div class=\"elementor-column-wrap elementor-element-populated\">\n\t\t\t\t\t\t\t<div class=\"elementor-widget-wrap\">\n\t\t\t\t\t\t<div class=\"elementor-element elementor-element-099f67f elementor-widget elementor-widget-html\" data-id=\"099f67f\" data-element_type=\"widget\" data-widget_type=\"html.default\">\n\t\t\t\t<div class=\"elementor-widget-container\">\n\t\t\t<p style=\"text-align: center;\"><span style=\"font-weight: 400;\">N\u01b0\u1edbc O.N.E cung c\u1ea5p n\u0103ng l\u01b0\u1ee3ng t\u1ee9c th\u00ec v\u00e0 gi\u00fap x\u00e2y d\u1ef1ng ngu\u1ed3n n\u0103ng l\u01b0\u1ee3ng b\u1ec1n v\u1eefng \u0111\u1ec3 b\u1ea1n kh\u1ecfe v\u00e0 \u0111\u1eb9p\u00a0<\/span><\/p>\r\n<p style=\"text-align: center;\">---<\/p>\r\n<p style=\"text-align: center;\"><span style=\"font-weight: 400;\">Ty th\u1ec3 l\u00e0 nh\u00e0 m\u00e1y n\u0103ng l\u01b0\u1ee3ng c\u1ee7a t\u1ebf b\u00e0o, gi\u00fap chuy\u1ec3n ho\u00e1 c\u00e1c ch\u1ea5t dinh d\u01b0\u1ee1ng th\u00e0nh n\u0103ng l\u01b0\u1ee3ng. C\u01a1 th\u1ec3 b\u1ea1n c\u1ea7n n\u0103ng l\u01b0\u1ee3ng \u0111\u1ec3 duy tr\u00ec vi\u1ec7c th\u1edf, b\u01a1m m\u00e1u, di chuy\u1ec3n, ph\u00e1t tri\u1ec3n c\u01a1 b\u1eafp, ti\u00eau ho\u00e1,... v\u00e0 c\u00e1c ho\u1ea1t \u0111\u1ed9ng m\u1ed7i ng\u00e0y<\/span><\/p>\r\n<p style=\"text-align: center;\">--<\/p>\r\n<p style=\"text-align: center;\"><span style=\"font-weight: 400;\">Th\u1ef1c ph\u1ea9m c\u00f3 ngu\u1ed3n g\u1ed1c t\u1eeb h\u00f3a ch\u1ea5t t\u1ed5ng h\u1ee3p, bi\u1ebfn \u0111\u1ed5i gien, ch\u1ea5t b\u1ea3o qu\u1ea3n... s\u1ebd d\u1eabn \u0111\u1ebfn vi\u1ec7c s\u1ea3n sinh c\u00e1c g\u1ed1c t\u1ef1 do trong c\u01a1 th\u1ec3. \u0110\u00e2y l\u00e0 nguy\u00ean nh\u00e2n khi\u1ebfn ty th\u1ec3 ng\u01b0ng ho\u1ea1t \u0111\u1ed9ng, g\u00e2y ra t\u00ecnh tr\u1ea1ng thi\u1ebfu n\u0103ng l\u01b0\u1ee3ng, suy y\u1ebfu h\u1ec7 mi\u1ec5n d\u1ecbch, b\u1ec7nh t\u1eadt v\u00e0 l\u00e3o ho\u00e1.<\/span><\/p>\r\n&nbsp;\r\n<p style=\"text-align: center;\"><i><span style=\"font-weight: 400;\">N\u01af\u1edaC O.N.E NU\u00d4I D\u01af\u1ee0NG V\u00c0 T\u00c1I T\u1ea0O TY TH\u1ec2 GI\u00daP B\u1ea0N KHO\u1eba V\u00c0 \u0110\u1eb8P!<\/span><\/i><\/p>\t\t<\/div>\n\t\t\t\t<\/div>\n\t\t\t\t\t\t<\/div>\n\t\t\t\t\t<\/div>\n\t\t<\/div>\n\t\t\t\t\t\t\t\t<\/div>\n\t\t\t\t\t<\/div>\n\t\t<\/section>\n\t\t\t\t<section class=\"elementor-section elementor-top-section elementor-element elementor-element-9b0ac87 elementor-section-full_width elementor-section-height-default elementor-section-height-default\" data-id=\"9b0ac87\" data-element_type=\"section\">\n\t\t\t\t\t\t<div class=\"elementor-container elementor-column-gap-default\">\n\t\t\t\t\t\t\t<div class=\"elementor-row\">\n\t\t\t\t\t<div class=\"elementor-column elementor-col-100 elementor-top-column elementor-element elementor-element-9d3c69a\" data-id=\"9d3c69a\" data-element_type=\"column\">\n\t\t\t<div class=\"elementor-column-wrap\">\n\t\t\t\t\t\t\t<div class=\"elementor-widget-wrap\">\n\t\t\t\t\t\t\t\t<\/div>\n\t\t\t\t\t<\/div>\n\t\t<\/div>\n\t\t\t\t\t\t\t\t<\/div>\n\t\t\t\t\t<\/div>\n\t\t<\/section>\n\t\t\t\t\t\t<\/div>\n\t\t\t\t\t\t<\/div>\n\t\t\t\t\t<\/div>\n\t\t","protected":false},"excerpt":{"rendered":"<p>N\u01b0\u1edbc O.N.E cung c\u1ea5p n\u0103ng l\u01b0\u1ee3ng t\u1ee9c th\u00ec v\u00e0 gi\u00fap x\u00e2y d\u1ef1ng ngu\u1ed3n n\u0103ng l\u01b0\u1ee3ng b\u1ec1n v\u1eefng \u0111\u1ec3 b\u1ea1n kh\u1ecfe v\u00e0 \u0111\u1eb9p\u00a0 &#8212; Ty th\u1ec3 l\u00e0 nh\u00e0 m\u00e1y n\u0103ng l\u01b0\u1ee3ng c\u1ee7a t\u1ebf b\u00e0o, gi\u00fap chuy\u1ec3n ho\u00e1 c\u00e1c ch\u1ea5t dinh d\u01b0\u1ee1ng &hellip; <a href=\"\">Read More<\/a><\/p>\n","protected":false},"author":31,"featured_media":0,"parent":0,"menu_order":0,"comment_status":"closed","ping_status":"closed","template":"","meta":{"footnotes":""},"yoast_head":"<!-- This site is optimized with the Yoast SEO plugin v17.0 - https:\/\/yoast.com\/wordpress\/plugins\/seo\/ -->\n<title>O.N.E drink and health - Drinkizz<\/title>\n<meta name=\"description\" content=\"- Drinkizz\" \/>\n<meta name=\"robots\" content=\"index, follow, max-snippet:-1, max-image-preview:large, max-video-preview:-1\" \/>\n<link rel=\"canonical\" href=\"https:\/\/drinkizz.com\/vi\/o-n-e-drink-and-health\/\" \/>\n<meta property=\"og:locale\" content=\"vi_VN\" \/>\n<meta property=\"og:type\" content=\"article\" \/>\n<meta property=\"og:title\" content=\"O.N.E drink and health - Drinkizz\" \/>\n<meta property=\"og:description\" content=\"- Drinkizz\" \/>\n<meta property=\"og:url\" content=\"https:\/\/drinkizz.com\/vi\/o-n-e-drink-and-health\/\" \/>\n<meta property=\"og:site_name\" content=\"Drinkizz\" \/>\n<meta property=\"article:publisher\" content=\"https:\/\/www.facebook.com\/drinkizz\/\" \/>\n<meta property=\"article:modified_time\" content=\"2024-03-22T10:22:02+00:00\" \/>\n<meta name=\"twitter:card\" content=\"summary_large_image\" \/>\n<meta name=\"twitter:site\" content=\"@drinkizzorganic\" \/>\n<meta name=\"twitter:label1\" content=\"Est. reading time\" \/>\n\t<meta name=\"twitter:data1\" content=\"1 minute\" \/>\n<script type=\"application\/ld+json\" class=\"yoast-schema-graph\">{\"@context\":\"https:\/\/schema.org\",\"@graph\":[{\"@type\":\"Organization\",\"@id\":\"https:\/\/drinkizz.com\/vi\/#organization\",\"name\":\"Drinkizz\",\"url\":\"https:\/\/drinkizz.com\/vi\/\",\"sameAs\":[\"https:\/\/www.facebook.com\/drinkizz\/\",\"https:\/\/www.instagram.com\/drinkizz_one\/\",\"https:\/\/www.linkedin.com\/company\/drinkizz\/\",\"https:\/\/www.youtube.com\/channel\/UC3t0_ox_a4dlFBwu-Kiw4Ew\",\"https:\/\/twitter.com\/drinkizzorganic\"],\"logo\":{\"@type\":\"ImageObject\",\"@id\":\"https:\/\/drinkizz.com\/vi\/#logo\",\"inLanguage\":\"vi-VN\",\"url\":\"https:\/\/drinkizz.com\/wp-content\/uploads\/2020\/02\/LOGO_DRINKIZZ_DARK_20201218-scaled.jpg\",\"contentUrl\":\"https:\/\/drinkizz.com\/wp-content\/uploads\/2020\/02\/LOGO_DRINKIZZ_DARK_20201218-scaled.jpg\",\"width\":1920,\"height\":1358,\"caption\":\"Drinkizz\"},\"image\":{\"@id\":\"https:\/\/drinkizz.com\/vi\/#logo\"}},{\"@type\":\"WebSite\",\"@id\":\"https:\/\/drinkizz.com\/vi\/#website\",\"url\":\"https:\/\/drinkizz.com\/vi\/\",\"name\":\"Drinkizz\",\"description\":\"Kiss your Energy\",\"publisher\":{\"@id\":\"https:\/\/drinkizz.com\/vi\/#organization\"},\"potentialAction\":[{\"@type\":\"SearchAction\",\"target\":{\"@type\":\"EntryPoint\",\"urlTemplate\":\"https:\/\/drinkizz.com\/vi\/?s={search_term_string}\"},\"query-input\":\"required name=search_term_string\"}],\"inLanguage\":\"vi-VN\"},{\"@type\":[\"WebPage\",\"FAQPage\"],\"@id\":\"https:\/\/drinkizz.com\/vi\/o-n-e-drink-and-health\/#webpage\",\"url\":\"https:\/\/drinkizz.com\/vi\/o-n-e-drink-and-health\/\",\"name\":\"O.N.E drink and health - Drinkizz\",\"isPartOf\":{\"@id\":\"https:\/\/drinkizz.com\/vi\/#website\"},\"datePublished\":\"2024-03-22T10:21:26+00:00\",\"dateModified\":\"2024-03-22T10:22:02+00:00\",\"description\":\"- Drinkizz\",\"breadcrumb\":{\"@id\":\"https:\/\/drinkizz.com\/vi\/o-n-e-drink-and-health\/#breadcrumb\"},\"inLanguage\":\"vi-VN\",\"potentialAction\":[{\"@type\":\"ReadAction\",\"target\":[\"https:\/\/drinkizz.com\/vi\/o-n-e-drink-and-health\/\"]}]},{\"@type\":\"BreadcrumbList\",\"@id\":\"https:\/\/drinkizz.com\/vi\/o-n-e-drink-and-health\/#breadcrumb\",\"itemListElement\":[{\"@type\":\"ListItem\",\"position\":1,\"name\":\"Home\",\"item\":\"https:\/\/drinkizz.com\/vi\/\"},{\"@type\":\"ListItem\",\"position\":2,\"name\":\"O.N.E drink and health\"}]}]}<\/script>\n<!-- \/ Yoast SEO plugin. -->","yoast_head_json":{"title":"O.N.E drink and health - Drinkizz","description":"- Drinkizz","robots":{"index":"index","follow":"follow","max-snippet":"max-snippet:-1","max-image-preview":"max-image-preview:large","max-video-preview":"max-video-preview:-1"},"canonical":"https:\/\/drinkizz.com\/vi\/o-n-e-drink-and-health\/","og_locale":"vi_VN","og_type":"article","og_title":"O.N.E drink and health - Drinkizz","og_description":"- Drinkizz","og_url":"https:\/\/drinkizz.com\/vi\/o-n-e-drink-and-health\/","og_site_name":"Drinkizz","article_publisher":"https:\/\/www.facebook.com\/drinkizz\/","article_modified_time":"2024-03-22T10:22:02+00:00","twitter_card":"summary_large_image","twitter_site":"@drinkizzorganic","twitter_misc":{"Est. reading time":"1 minute"},"schema":{"@context":"https:\/\/schema.org","@graph":[{"@type":"Organization","@id":"https:\/\/drinkizz.com\/vi\/#organization","name":"Drinkizz","url":"https:\/\/drinkizz.com\/vi\/","sameAs":["https:\/\/www.facebook.com\/drinkizz\/","https:\/\/www.instagram.com\/drinkizz_one\/","https:\/\/www.linkedin.com\/company\/drinkizz\/","https:\/\/www.youtube.com\/channel\/UC3t0_ox_a4dlFBwu-Kiw4Ew","https:\/\/twitter.com\/drinkizzorganic"],"logo":{"@type":"ImageObject","@id":"https:\/\/drinkizz.com\/vi\/#logo","inLanguage":"vi-VN","url":"https:\/\/drinkizz.com\/wp-content\/uploads\/2020\/02\/LOGO_DRINKIZZ_DARK_20201218-scaled.jpg","contentUrl":"https:\/\/drinkizz.com\/wp-content\/uploads\/2020\/02\/LOGO_DRINKIZZ_DARK_20201218-scaled.jpg","width":1920,"height":1358,"caption":"Drinkizz"},"image":{"@id":"https:\/\/drinkizz.com\/vi\/#logo"}},{"@type":"WebSite","@id":"https:\/\/drinkizz.com\/vi\/#website","url":"https:\/\/drinkizz.com\/vi\/","name":"Drinkizz","description":"Kiss your Energy","publisher":{"@id":"https:\/\/drinkizz.com\/vi\/#organization"},"potentialAction":[{"@type":"SearchAction","target":{"@type":"EntryPoint","urlTemplate":"https:\/\/drinkizz.com\/vi\/?s={search_term_string}"},"query-input":"required name=search_term_string"}],"inLanguage":"vi-VN"},{"@type":["WebPage","FAQPage"],"@id":"https:\/\/drinkizz.com\/vi\/o-n-e-drink-and-health\/#webpage","url":"https:\/\/drinkizz.com\/vi\/o-n-e-drink-and-health\/","name":"O.N.E drink and health - Drinkizz","isPartOf":{"@id":"https:\/\/drinkizz.com\/vi\/#website"},"datePublished":"2024-03-22T10:21:26+00:00","dateModified":"2024-03-22T10:22:02+00:00","description":"- Drinkizz","breadcrumb":{"@id":"https:\/\/drinkizz.com\/vi\/o-n-e-drink-and-health\/#breadcrumb"},"inLanguage":"vi-VN","potentialAction":[{"@type":"ReadAction","target":["https:\/\/drinkizz.com\/vi\/o-n-e-drink-and-health\/"]}]},{"@type":"BreadcrumbList","@id":"https:\/\/drinkizz.com\/vi\/o-n-e-drink-and-health\/#breadcrumb","itemListElement":[{"@type":"ListItem","position":1,"name":"Home","item":"https:\/\/drinkizz.com\/vi\/"},{"@type":"ListItem","position":2,"name":"O.N.E drink and health"}]}]}},"_links":{"self":[{"href":"https:\/\/drinkizz.com\/vi\/wp-json\/wp\/v2\/pages\/20489"}],"collection":[{"href":"https:\/\/drinkizz.com\/vi\/wp-json\/wp\/v2\/pages"}],"about":[{"href":"https:\/\/drinkizz.com\/vi\/wp-json\/wp\/v2\/types\/page"}],"author":[{"embeddable":true,"href":"https:\/\/drinkizz.com\/vi\/wp-json\/wp\/v2\/users\/31"}],"replies":[{"embeddable":true,"href":"https:\/\/drinkizz.com\/vi\/wp-json\/wp\/v2\/comments?post=20489"}],"version-history":[{"count":4,"href":"https:\/\/drinkizz.com\/vi\/wp-json\/wp\/v2\/pages\/20489\/revisions"}],"predecessor-version":[{"id":20493,"href":"https:\/\/drinkizz.com\/vi\/wp-json\/wp\/v2\/pages\/20489\/revisions\/20493"}],"wp:attachment":[{"href":"https:\/\/drinkizz.com\/vi\/wp-json\/wp\/v2\/media?parent=20489"}],"curies":[{"name":"wp","href":"https:\/\/api.w.org\/{rel}","templated":true}]}}