{"id":7203,"date":"2021-05-25T03:59:48","date_gmt":"2021-05-25T03:59:48","guid":{"rendered":"https:\/\/drinkizz.com\/payment-policy\/"},"modified":"2021-05-25T10:17:04","modified_gmt":"2021-05-25T10:17:04","slug":"chinh-sach-thanh-toan","status":"publish","type":"page","link":"https:\/\/drinkizz.com\/vi\/chinh-sach-thanh-toan\/","title":{"rendered":"Ch\u00ednh s\u00e1ch thanh to\u00e1n"},"content":{"rendered":"\t\t<div data-elementor-type=\"wp-page\" data-elementor-id=\"7203\" class=\"elementor elementor-7203 elementor-7200\" data-elementor-settings=\"[]\">\n\t\t\t\t\t\t<div class=\"elementor-inner\">\n\t\t\t\t\t\t\t<div class=\"elementor-section-wrap\">\n\t\t\t\t\t\t\t<section class=\"elementor-section elementor-top-section elementor-element elementor-element-64eabbe elementor-section-boxed elementor-section-height-default elementor-section-height-default\" data-id=\"64eabbe\" data-element_type=\"section\">\n\t\t\t\t\t\t<div class=\"elementor-container elementor-column-gap-default\">\n\t\t\t\t\t\t\t<div class=\"elementor-row\">\n\t\t\t\t\t<div class=\"elementor-column elementor-col-100 elementor-top-column elementor-element elementor-element-70a916c\" data-id=\"70a916c\" data-element_type=\"column\">\n\t\t\t<div class=\"elementor-column-wrap elementor-element-populated\">\n\t\t\t\t\t\t\t<div class=\"elementor-widget-wrap\">\n\t\t\t\t\t\t<div class=\"elementor-element elementor-element-4158148 elementor-widget elementor-widget-spacer\" data-id=\"4158148\" data-element_type=\"widget\" data-widget_type=\"spacer.default\">\n\t\t\t\t<div class=\"elementor-widget-container\">\n\t\t\t\t\t<div class=\"elementor-spacer\">\n\t\t\t<div class=\"elementor-spacer-inner\"><\/div>\n\t\t<\/div>\n\t\t\t\t<\/div>\n\t\t\t\t<\/div>\n\t\t\t\t\t\t<\/div>\n\t\t\t\t\t<\/div>\n\t\t<\/div>\n\t\t\t\t\t\t\t\t<\/div>\n\t\t\t\t\t<\/div>\n\t\t<\/section>\n\t\t\t\t<section class=\"elementor-section elementor-top-section elementor-element elementor-element-6f639a8 elementor-section-boxed elementor-section-height-default elementor-section-height-default\" data-id=\"6f639a8\" data-element_type=\"section\">\n\t\t\t\t\t\t<div class=\"elementor-container elementor-column-gap-default\">\n\t\t\t\t\t\t\t<div class=\"elementor-row\">\n\t\t\t\t\t<div class=\"elementor-column elementor-col-100 elementor-top-column elementor-element elementor-element-16235fd\" data-id=\"16235fd\" data-element_type=\"column\">\n\t\t\t<div class=\"elementor-column-wrap elementor-element-populated\">\n\t\t\t\t\t\t\t<div class=\"elementor-widget-wrap\">\n\t\t\t\t\t\t<div class=\"elementor-element elementor-element-fe14959 elementor-widget elementor-widget-heading\" data-id=\"fe14959\" data-element_type=\"widget\" data-widget_type=\"heading.default\">\n\t\t\t\t<div class=\"elementor-widget-container\">\n\t\t\t<h2 class=\"elementor-heading-title elementor-size-default\">Ch\u00ednh s\u00e1ch thanh to\u00e1n<\/h2>\t\t<\/div>\n\t\t\t\t<\/div>\n\t\t\t\t\t\t<\/div>\n\t\t\t\t\t<\/div>\n\t\t<\/div>\n\t\t\t\t\t\t\t\t<\/div>\n\t\t\t\t\t<\/div>\n\t\t<\/section>\n\t\t\t\t<section class=\"elementor-section elementor-top-section elementor-element elementor-element-7a99fd6 elementor-section-boxed elementor-section-height-default elementor-section-height-default\" data-id=\"7a99fd6\" data-element_type=\"section\">\n\t\t\t\t\t\t<div class=\"elementor-container elementor-column-gap-default\">\n\t\t\t\t\t\t\t<div class=\"elementor-row\">\n\t\t\t\t\t<div class=\"elementor-column elementor-col-100 elementor-top-column elementor-element elementor-element-3d463d1\" data-id=\"3d463d1\" data-element_type=\"column\">\n\t\t\t<div class=\"elementor-column-wrap elementor-element-populated\">\n\t\t\t\t\t\t\t<div class=\"elementor-widget-wrap\">\n\t\t\t\t\t\t<div class=\"elementor-element elementor-element-7c3fd24 elementor-widget elementor-widget-spacer\" data-id=\"7c3fd24\" data-element_type=\"widget\" data-widget_type=\"spacer.default\">\n\t\t\t\t<div class=\"elementor-widget-container\">\n\t\t\t\t\t<div class=\"elementor-spacer\">\n\t\t\t<div class=\"elementor-spacer-inner\"><\/div>\n\t\t<\/div>\n\t\t\t\t<\/div>\n\t\t\t\t<\/div>\n\t\t\t\t\t\t<\/div>\n\t\t\t\t\t<\/div>\n\t\t<\/div>\n\t\t\t\t\t\t\t\t<\/div>\n\t\t\t\t\t<\/div>\n\t\t<\/section>\n\t\t\t\t<section class=\"elementor-section elementor-top-section elementor-element elementor-element-466d915 elementor-section-boxed elementor-section-height-default elementor-section-height-default\" data-id=\"466d915\" data-element_type=\"section\">\n\t\t\t\t\t\t<div class=\"elementor-container elementor-column-gap-default\">\n\t\t\t\t\t\t\t<div class=\"elementor-row\">\n\t\t\t\t\t<div class=\"elementor-column elementor-col-100 elementor-top-column elementor-element elementor-element-7d511a5\" data-id=\"7d511a5\" data-element_type=\"column\">\n\t\t\t<div class=\"elementor-column-wrap elementor-element-populated\">\n\t\t\t\t\t\t\t<div class=\"elementor-widget-wrap\">\n\t\t\t\t\t\t<div class=\"elementor-element elementor-element-577f1cb elementor-widget elementor-widget-text-editor\" data-id=\"577f1cb\" data-element_type=\"widget\" data-widget_type=\"text-editor.default\">\n\t\t\t\t<div class=\"elementor-widget-container\">\n\t\t\t\t\t\t\t\t<div class=\"elementor-text-editor elementor-clearfix\">\n\t\t\t\t<p><strong>1. GI\u00c1 V\u00c0 THANH TO\u00c1N<\/strong><br \/>Gi\u00e1 c\u1ee7a s\u1ea3n ph\u1ea9m s\u1ebd \u0111\u01b0\u1ee3c quy \u0111\u1ecbnh t\u1ea1i m\u1ecdi th\u1eddi \u0111i\u1ec3m tr\u00ean trang web c\u1ee7a Drinkizz, tr\u1eeb tr\u01b0\u1eddng h\u1ee3p c\u00f3 l\u1ed7i r\u00f5 r\u00e0ng. M\u1eb7c d\u00f9 Drinkizz c\u1ed1 g\u1eafng h\u1ebft s\u1ee9c \u0111\u1ec3 \u0111\u1ea3m b\u1ea3o r\u1eb1ng gi\u00e1 tr\u00ean trang web l\u00e0 ch\u00ednh x\u00e1c, nh\u01b0ng c\u00f3 th\u1ec3 x\u1ea3y ra sai s\u00f3t. N\u1ebfu Drinkizz ph\u00e1t hi\u1ec7n ra sai s\u00f3t v\u1ec1 gi\u00e1 c\u1ee7a b\u1ea5t k\u1ef3 s\u1ea3n ph\u1ea9m n\u00e0o m\u00e0 b\u1ea1n \u0111\u00e3 \u0111\u1eb7t, Drinkizz s\u1ebd th\u00f4ng b\u00e1o cho b\u1ea1n s\u1edbm nh\u1ea5t c\u00f3 th\u1ec3 v\u00e0 cung c\u1ea5p cho b\u1ea1n t\u00f9y ch\u1ecdn x\u00e1c nh\u1eadn \u0111\u01a1n \u0111\u1eb7t h\u00e0ng v\u1edbi gi\u00e1 ch\u00ednh x\u00e1c ho\u1eb7c h\u1ee7y b\u1ecf. N\u1ebfu Drinkizz kh\u00f4ng th\u1ec3 li\u00ean h\u1ec7 v\u1edbi b\u1ea1n, \u0111\u01a1n \u0111\u1eb7t h\u00e0ng s\u1ebd \u0111\u01b0\u1ee3c coi l\u00e0 b\u1ecb h\u1ee7y v\u00e0 t\u1ea5t c\u1ea3 s\u1ed1 ti\u1ec1n \u0111\u00e3 thanh to\u00e1n s\u1ebd \u0111\u01b0\u1ee3c ho\u00e0n tr\u1ea3 \u0111\u1ea7y \u0111\u1ee7 cho b\u1ea1n.<\/p><p>Drinkizz kh\u00f4ng c\u00f3 ngh\u0129a v\u1ee5 cung c\u1ea5p cho b\u1ea1n b\u1ea5t k\u1ef3 s\u1ea3n ph\u1ea9m n\u00e0o v\u1edbi m\u1ee9c gi\u00e1 th\u1ea5p h\u01a1n kh\u00f4ng ch\u00ednh x\u00e1c (ngay c\u1ea3 khi Drinkizz \u0111\u00e3 g\u1eedi X\u00e1c nh\u1eadn giao h\u00e0ng) n\u1ebfu sai s\u00f3t v\u1ec1 gi\u00e1 l\u00e0 r\u00f5 r\u00e0ng v\u00e0 kh\u00f4ng th\u1ec3 nh\u1ea7m l\u1eabn v\u00e0 c\u00f3 th\u1ec3 \u0111\u01b0\u1ee3c b\u1ea1n th\u1eeba nh\u1eadn m\u1ed9t c\u00e1ch h\u1ee3p l\u00fd l\u00e0 gi\u00e1 kh\u00f4ng ch\u00ednh x\u00e1c.<\/p><p>Gi\u00e1 tr\u00ean trang web \u0111\u00e3 bao g\u1ed3m VAT, nh\u01b0ng kh\u00f4ng bao g\u1ed3m ph\u00ed giao h\u00e0ng, \u0111\u01b0\u1ee3c c\u1ed9ng v\u00e0o t\u1ed5ng gi\u00e1 \u0111\u01b0\u1ee3c t\u00ednh t\u1ef1 \u0111\u1ed9ng t\u1ea1i c\u1eeda h\u00e0ng c\u1ee7a Drinkizz.<\/p><p>Gi\u00e1 c\u00f3 th\u1ec3 thay \u0111\u1ed5i b\u1ea5t c\u1ee9 l\u00fac n\u00e0o. Tuy nhi\u00ean, ngo\u1ea1i tr\u1eeb quy \u0111\u1ecbnh \u1edf tr\u00ean, c\u00e1c thay \u0111\u1ed5i s\u1ebd kh\u00f4ng \u1ea3nh h\u01b0\u1edfng \u0111\u1ebfn c\u00e1c \u0111\u01a1n h\u00e0ng m\u00e0 Drinkizz \u0111\u00e3 g\u1eedi X\u00e1c nh\u1eadn \u0111\u01a1n h\u00e0ng.<\/p><p>Khi b\u1ea1n \u0111\u00e3 ch\u1ecdn t\u1ea5t c\u1ea3 c\u00e1c m\u00f3n h\u00e0ng m\u00e0 b\u1ea1n mu\u1ed1n mua, ch\u00fang s\u1ebd \u0111\u01b0\u1ee3c th\u00eam v\u00e0o gi\u1ecf c\u1ee7a b\u1ea1n. B\u01b0\u1edbc ti\u1ebfp theo s\u1ebd l\u00e0 x\u1eed l\u00fd \u0111\u01a1n h\u00e0ng v\u00e0 thanh to\u00e1n. \u0110\u1ec3 \u0111\u1ea1t \u0111\u01b0\u1ee3c \u0111i\u1ec1u \u0111\u00f3, b\u1ea1n ph\u1ea3i l\u00e0m theo c\u00e1c b\u01b0\u1edbc c\u1ee7a quy tr\u00ecnh mua h\u00e0ng, ch\u1ec9 ra ho\u1eb7c x\u00e1c minh th\u00f4ng tin \u0111\u01b0\u1ee3c y\u00eau c\u1ea7u trong m\u1ed7i b\u01b0\u1edbc. H\u01a1n n\u1eefa, trong su\u1ed1t qu\u00e1 tr\u00ecnh mua h\u00e0ng, tr\u01b0\u1edbc khi thanh to\u00e1n, b\u1ea1n c\u00f3 th\u1ec3 s\u1eeda \u0111\u1ed5i c\u00e1c chi ti\u1ebft c\u1ee7a \u0111\u01a1n \u0111\u1eb7t h\u00e0ng c\u1ee7a m\u00ecnh. N\u1ebfu b\u1ea1n l\u00e0 ng\u01b0\u1eddi d\u00f9ng \u0111\u00e3 \u0111\u0103ng k\u00fd, b\u1ea3n ghi c\u1ee7a t\u1ea5t c\u1ea3 c\u00e1c \u0111\u01a1n h\u00e0ng b\u1ea1n \u0111\u00e3 \u0111\u1eb7t s\u1ebd c\u00f3 s\u1eb5n trong khu v\u1ef1c \u201cT\u00e0i kho\u1ea3n c\u1ee7a t\u00f4i\u201d.<\/p><p>Ng\u01b0\u1eddi mua v\u00e0 b\u00ean b\u00e1n c\u00f3 th\u1ec3 tham kh\u1ea3o c\u00e1c ph\u01b0\u01a1ng th\u1ee9c thanh to\u00e1n sau \u0111\u00e2y v\u00e0 l\u1ef1a ch\u1ecdn \u00e1p d\u1ee5ng ph\u01b0\u01a1ng th\u1ee9c ph\u00f9 h\u1ee3p:<br \/><strong>C\u00e1ch 1: Thanh to\u00e1n tr\u1ef1c ti\u1ebfp (ng\u01b0\u1eddi mua nh\u1eadn h\u00e0ng t\u1ea1i \u0111\u1ecba ch\u1ec9 b\u00ean b\u00e1n):<\/strong><br \/>B\u01b0\u1edbc 1: Ng\u01b0\u1eddi mua t\u00ecm hi\u1ec3u th\u00f4ng tin v\u1ec1 s\u1ea3n ph\u1ea9m, d\u1ecbch v\u1ee5 \u0111\u01b0\u1ee3c \u0111\u0103ng tin.<br \/>B\u01b0\u1edbc 2: Ng\u01b0\u1eddi mua \u0111\u1ebfn \u0111\u1ecba ch\u1ec9 b\u00e1n h\u00e0ng<br \/>B\u01b0\u1edbc 3: Ng\u01b0\u1eddi mua thanh to\u00e1n b\u1eb1ng ti\u1ec1n m\u1eb7t, th\u1ebb ATM n\u1ed9i \u0111\u1ecba ho\u1eb7c th\u1ebb t\u00edn d\u1ee5ng v\u00e0 nh\u1eadn h\u00e0ng.<\/p><p><strong>C\u00e1ch 2: Thanh to\u00e1n sau (COD \u2013 giao h\u00e0ng v\u00e0 thu ti\u1ec1n t\u1eadn n\u01a1i):<\/strong><br \/>B\u01b0\u1edbc 1: Ng\u01b0\u1eddi mua t\u00ecm hi\u1ec3u th\u00f4ng tin v\u1ec1 s\u1ea3n ph\u1ea9m, d\u1ecbch v\u1ee5 \u0111\u01b0\u1ee3c \u0111\u0103ng tin.<br \/>B\u01b0\u1edbc 2: Ng\u01b0\u1eddi mua x\u00e1c th\u1ef1c \u0111\u01a1n h\u00e0ng (\u0111i\u1ec7n tho\u1ea1i, tin nh\u1eafn, email).<br \/>B\u01b0\u1edbc 3: Ng\u01b0\u1eddi b\u00e1n x\u00e1c nh\u1eadn th\u00f4ng tin Ng\u01b0\u1eddi mua.<br \/>B\u01b0\u1edbc 4: Ng\u01b0\u1eddi b\u00e1n chuy\u1ec3n h\u00e0ng.<br \/>B\u01b0\u1edbc 5: Ng\u01b0\u1eddi mua nh\u1eadn h\u00e0ng v\u00e0 thanh to\u00e1n b\u1eb1ng ti\u1ec1n m\u1eb7t, th\u1ebb ATM n\u1ed9i \u0111\u1ecba ho\u1eb7c th\u1ebb t\u00edn d\u1ee5ng.<\/p><p><strong>C\u00e1ch 3: Thanh to\u00e1n chuy\u1ec3n kho\u1ea3n:<\/strong><br \/>B\u01b0\u1edbc 1: Ng\u01b0\u1eddi mua t\u00ecm hi\u1ec3u th\u00f4ng tin v\u1ec1 s\u1ea3n ph\u1ea9m, d\u1ecbch v\u1ee5 \u0111\u01b0\u1ee3c \u0111\u0103ng tin.<br \/>B\u01b0\u1edbc 2: Ng\u01b0\u1eddi mua x\u00e1c th\u1ef1c \u0111\u01a1n h\u00e0ng (\u0111i\u1ec7n tho\u1ea1i, tin nh\u1eafn, email).<br \/>B\u01b0\u1edbc 3: Ng\u01b0\u1eddi b\u00e1n x\u00e1c nh\u1eadn th\u00f4ng tin Ng\u01b0\u1eddi mua.<br \/>B\u01b0\u1edbc 4: Ng\u01b0\u1eddi mua thanh to\u00e1n.<br \/>B\u01b0\u1edbc 5: Ng\u01b0\u1eddi b\u00e1n chuy\u1ec3n h\u00e0ng.<br \/>B\u01b0\u1edbc 6: Ng\u01b0\u1eddi mua nh\u1eadn h\u00e0ng<\/p><p><strong>C\u00e1ch 4: Thanh to\u00e1n online:<\/strong><br \/>B\u1ea1n c\u00f3 th\u1ec3 s\u1eed d\u1ee5ng, l\u00e0m ph\u01b0\u01a1ng th\u1ee9c thanh to\u00e1n, c\u00e1c th\u1ebb sau: VISA, Mastercard, American Express, JCB v\u00e0 UnionPay<\/p><p>\u0110\u1ec3 gi\u1ea3m thi\u1ec3u r\u1ee7i ro khi truy c\u1eadp kh\u00f4ng \u0111\u01b0\u1ee3c ph\u00e9p, chi ti\u1ebft th\u1ebb t\u00edn d\u1ee5ng c\u1ee7a b\u1ea1n s\u1ebd \u0111\u01b0\u1ee3c m\u00e3 h\u00f3a. Khi Drinkizz nh\u1eadn \u0111\u01b0\u1ee3c \u0111\u01a1n \u0111\u1eb7t h\u00e0ng c\u1ee7a b\u1ea1n, Drinkizz s\u1ebd y\u00eau c\u1ea7u \u1ee7y quy\u1ec1n tr\u01b0\u1edbc tr\u00ean th\u1ebb c\u1ee7a b\u1ea1n \u0111\u1ec3 \u0111\u1ea3m b\u1ea3o r\u1eb1ng c\u00f3 \u0111\u1ee7 ti\u1ec1n \u0111\u1ec3 ho\u00e0n t\u1ea5t giao d\u1ecbch. Kho\u1ea3n ph\u00ed tr\u00ean th\u1ebb c\u1ee7a b\u1ea1n s\u1ebd \u0111\u01b0\u1ee3c th\u1ef1c hi\u1ec7n t\u1ea1i th\u1eddi \u0111i\u1ec3m \u0111\u01a1n h\u00e0ng c\u1ee7a b\u1ea1n r\u1eddi kh\u1ecfi kho c\u1ee7a Drinkizz.<\/p><p>Th\u1ebb t\u00edn d\u1ee5ng ph\u1ea3i \u0111\u01b0\u1ee3c t\u1ed5 ch\u1ee9c ph\u00e1t h\u00e0nh th\u1ebb x\u00e1c minh v\u00e0 \u1ee7y quy\u1ec1n. N\u1ebfu \u0111\u01a1n v\u1ecb kh\u00f4ng cho ph\u00e9p thanh to\u00e1n, Drinkizz s\u1ebd kh\u00f4ng ch\u1ecbu tr\u00e1ch nhi\u1ec7m v\u1ec1 b\u1ea5t k\u1ef3 s\u1ef1 ch\u1eadm tr\u1ec5 ho\u1eb7c kh\u00f4ng giao h\u00e0ng n\u00e0o v\u00e0 Drinkizz s\u1ebd kh\u00f4ng th\u1ec3 k\u00fd k\u1ebft b\u1ea5t k\u1ef3 H\u1ee3p \u0111\u1ed3ng n\u00e0o v\u1edbi b\u1ea1n.<\/p><p><strong>2. MUA H\u00c0NG V\u1edaI T\u01af C\u00c1CH KH\u00c1CH<\/strong><br \/>Ch\u1ee9c n\u0103ng mua h\u00e0ng v\u1edbi t\u01b0 c\u00e1ch kh\u00e1ch c\u0169ng s\u1eb5n c\u00f3 tr\u00ean website. Theo h\u00ecnh th\u1ee9c mua h\u00e0ng n\u00e0y, ch\u1ec9 nh\u1eefng d\u1eef li\u1ec7u c\u1ea7n thi\u1ebft \u0111\u1ec3 x\u1eed l\u00fd \u0111\u01a1n \u0111\u1eb7t h\u00e0ng c\u1ee7a b\u1ea1n m\u1edbi \u0111\u01b0\u1ee3c y\u00eau c\u1ea7u t\u1eeb b\u1ea1n. Sau khi ho\u00e0n t\u1ea5t qu\u00e1 tr\u00ecnh mua, b\u1ea1n s\u1ebd \u0111\u01b0\u1ee3c cung c\u1ea5p kh\u1ea3 n\u0103ng \u0111\u0103ng k\u00fd v\u1edbi t\u01b0 c\u00e1ch l\u00e0 ng\u01b0\u1eddi d\u00f9ng ho\u1eb7c ti\u1ebfp t\u1ee5c v\u1edbi t\u01b0 c\u00e1ch l\u00e0 ng\u01b0\u1eddi d\u00f9ng ch\u01b0a \u0111\u0103ng k\u00fd.<\/p><p><strong>3. THU\u1ebe GI\u00c1 TR\u1eca GIA T\u0102NG<\/strong><br \/>C\u0103n c\u1ee9 v\u00e0o c\u00e1c quy t\u1eafc v\u00e0 quy \u0111\u1ecbnh hi\u1ec7n h\u00e0nh t\u1ea1i Vi\u1ec7t Nam, t\u1ea5t c\u1ea3 c\u00e1c giao d\u1ecbch mua h\u00e0ng \u0111\u01b0\u1ee3c th\u1ef1c hi\u1ec7n th\u00f4ng qua trang web \u0111\u1ec1u ph\u1ea3i ch\u1ecbu thu\u1ebf Gi\u00e1 tr\u1ecb gia t\u0103ng (VAT).<\/p>\t\t\t\t\t<\/div>\n\t\t\t\t\t\t<\/div>\n\t\t\t\t<\/div>\n\t\t\t\t\t\t<\/div>\n\t\t\t\t\t<\/div>\n\t\t<\/div>\n\t\t\t\t\t\t\t\t<\/div>\n\t\t\t\t\t<\/div>\n\t\t<\/section>\n\t\t\t\t<section class=\"elementor-section elementor-top-section elementor-element elementor-element-27ffabe elementor-section-boxed elementor-section-height-default elementor-section-height-default\" data-id=\"27ffabe\" data-element_type=\"section\">\n\t\t\t\t\t\t<div class=\"elementor-container elementor-column-gap-default\">\n\t\t\t\t\t\t\t<div class=\"elementor-row\">\n\t\t\t\t\t<div class=\"elementor-column elementor-col-100 elementor-top-column elementor-element elementor-element-bd062e6\" data-id=\"bd062e6\" data-element_type=\"column\">\n\t\t\t<div class=\"elementor-column-wrap elementor-element-populated\">\n\t\t\t\t\t\t\t<div class=\"elementor-widget-wrap\">\n\t\t\t\t\t\t<div class=\"elementor-element elementor-element-d9e2e88 elementor-widget elementor-widget-spacer\" data-id=\"d9e2e88\" data-element_type=\"widget\" data-widget_type=\"spacer.default\">\n\t\t\t\t<div class=\"elementor-widget-container\">\n\t\t\t\t\t<div class=\"elementor-spacer\">\n\t\t\t<div class=\"elementor-spacer-inner\"><\/div>\n\t\t<\/div>\n\t\t\t\t<\/div>\n\t\t\t\t<\/div>\n\t\t\t\t\t\t<\/div>\n\t\t\t\t\t<\/div>\n\t\t<\/div>\n\t\t\t\t\t\t\t\t<\/div>\n\t\t\t\t\t<\/div>\n\t\t<\/section>\n\t\t\t\t\t\t<\/div>\n\t\t\t\t\t\t<\/div>\n\t\t\t\t\t<\/div>\n\t\t","protected":false},"excerpt":{"rendered":"<p>Ch\u00ednh s\u00e1ch thanh to\u00e1n 1. GI\u00c1 V\u00c0 THANH TO\u00c1NGi\u00e1 c\u1ee7a s\u1ea3n ph\u1ea9m s\u1ebd \u0111\u01b0\u1ee3c quy \u0111\u1ecbnh t\u1ea1i m\u1ecdi th\u1eddi \u0111i\u1ec3m tr\u00ean trang web c\u1ee7a Drinkizz, tr\u1eeb tr\u01b0\u1eddng h\u1ee3p c\u00f3 l\u1ed7i r\u00f5 r\u00e0ng. M\u1eb7c d\u00f9 Drinkizz c\u1ed1 g\u1eafng h\u1ebft s\u1ee9c \u0111\u1ec3 &hellip; <a href=\"\">Read More<\/a><\/p>\n","protected":false},"author":31,"featured_media":0,"parent":0,"menu_order":0,"comment_status":"closed","ping_status":"closed","template":"","meta":{"footnotes":""},"yoast_head":"<!-- This site is optimized with the Yoast SEO plugin v17.0 - https:\/\/yoast.com\/wordpress\/plugins\/seo\/ -->\n<title>Ch\u00ednh s\u00e1ch thanh to\u00e1n - Drinkizz<\/title>\n<meta name=\"description\" content=\"- Drinkizz\" \/>\n<meta name=\"robots\" content=\"index, follow, max-snippet:-1, max-image-preview:large, max-video-preview:-1\" \/>\n<link rel=\"canonical\" href=\"https:\/\/drinkizz.com\/vi\/chinh-sach-thanh-toan\/\" \/>\n<meta property=\"og:locale\" content=\"vi_VN\" \/>\n<meta property=\"og:type\" content=\"article\" \/>\n<meta property=\"og:title\" content=\"Ch\u00ednh s\u00e1ch thanh to\u00e1n - Drinkizz\" \/>\n<meta property=\"og:description\" content=\"- Drinkizz\" \/>\n<meta property=\"og:url\" content=\"https:\/\/drinkizz.com\/vi\/chinh-sach-thanh-toan\/\" \/>\n<meta property=\"og:site_name\" content=\"Drinkizz\" \/>\n<meta property=\"article:publisher\" content=\"https:\/\/www.facebook.com\/drinkizz\/\" \/>\n<meta property=\"article:modified_time\" content=\"2021-05-25T10:17:04+00:00\" \/>\n<meta name=\"twitter:card\" content=\"summary_large_image\" \/>\n<meta name=\"twitter:site\" content=\"@drinkizzorganic\" \/>\n<meta name=\"twitter:label1\" content=\"Est. reading time\" \/>\n\t<meta name=\"twitter:data1\" content=\"7 minutes\" \/>\n<script type=\"application\/ld+json\" class=\"yoast-schema-graph\">{\"@context\":\"https:\/\/schema.org\",\"@graph\":[{\"@type\":\"Organization\",\"@id\":\"https:\/\/drinkizz.com\/vi\/#organization\",\"name\":\"Drinkizz\",\"url\":\"https:\/\/drinkizz.com\/vi\/\",\"sameAs\":[\"https:\/\/www.facebook.com\/drinkizz\/\",\"https:\/\/www.instagram.com\/drinkizz_one\/\",\"https:\/\/www.linkedin.com\/company\/drinkizz\/\",\"https:\/\/www.youtube.com\/channel\/UC3t0_ox_a4dlFBwu-Kiw4Ew\",\"https:\/\/twitter.com\/drinkizzorganic\"],\"logo\":{\"@type\":\"ImageObject\",\"@id\":\"https:\/\/drinkizz.com\/vi\/#logo\",\"inLanguage\":\"vi-VN\",\"url\":\"https:\/\/drinkizz.com\/wp-content\/uploads\/2020\/02\/LOGO_DRINKIZZ_DARK_20201218-scaled.jpg\",\"contentUrl\":\"https:\/\/drinkizz.com\/wp-content\/uploads\/2020\/02\/LOGO_DRINKIZZ_DARK_20201218-scaled.jpg\",\"width\":1920,\"height\":1358,\"caption\":\"Drinkizz\"},\"image\":{\"@id\":\"https:\/\/drinkizz.com\/vi\/#logo\"}},{\"@type\":\"WebSite\",\"@id\":\"https:\/\/drinkizz.com\/vi\/#website\",\"url\":\"https:\/\/drinkizz.com\/vi\/\",\"name\":\"Drinkizz\",\"description\":\"Kiss your Energy\",\"publisher\":{\"@id\":\"https:\/\/drinkizz.com\/vi\/#organization\"},\"potentialAction\":[{\"@type\":\"SearchAction\",\"target\":{\"@type\":\"EntryPoint\",\"urlTemplate\":\"https:\/\/drinkizz.com\/vi\/?s={search_term_string}\"},\"query-input\":\"required name=search_term_string\"}],\"inLanguage\":\"vi-VN\"},{\"@type\":[\"WebPage\",\"FAQPage\"],\"@id\":\"https:\/\/drinkizz.com\/vi\/chinh-sach-thanh-toan\/#webpage\",\"url\":\"https:\/\/drinkizz.com\/vi\/chinh-sach-thanh-toan\/\",\"name\":\"Ch\\u00ednh s\\u00e1ch thanh to\\u00e1n - Drinkizz\",\"isPartOf\":{\"@id\":\"https:\/\/drinkizz.com\/vi\/#website\"},\"datePublished\":\"2021-05-25T03:59:48+00:00\",\"dateModified\":\"2021-05-25T10:17:04+00:00\",\"description\":\"- Drinkizz\",\"breadcrumb\":{\"@id\":\"https:\/\/drinkizz.com\/vi\/chinh-sach-thanh-toan\/#breadcrumb\"},\"inLanguage\":\"vi-VN\",\"potentialAction\":[{\"@type\":\"ReadAction\",\"target\":[\"https:\/\/drinkizz.com\/vi\/chinh-sach-thanh-toan\/\"]}]},{\"@type\":\"BreadcrumbList\",\"@id\":\"https:\/\/drinkizz.com\/vi\/chinh-sach-thanh-toan\/#breadcrumb\",\"itemListElement\":[{\"@type\":\"ListItem\",\"position\":1,\"name\":\"Home\",\"item\":\"https:\/\/drinkizz.com\/vi\/\"},{\"@type\":\"ListItem\",\"position\":2,\"name\":\"Ch\\u00ednh s\\u00e1ch thanh to\\u00e1n\"}]}]}<\/script>\n<!-- \/ Yoast SEO plugin. -->","yoast_head_json":{"title":"Ch\u00ednh s\u00e1ch thanh to\u00e1n - Drinkizz","description":"- Drinkizz","robots":{"index":"index","follow":"follow","max-snippet":"max-snippet:-1","max-image-preview":"max-image-preview:large","max-video-preview":"max-video-preview:-1"},"canonical":"https:\/\/drinkizz.com\/vi\/chinh-sach-thanh-toan\/","og_locale":"vi_VN","og_type":"article","og_title":"Ch\u00ednh s\u00e1ch thanh to\u00e1n - Drinkizz","og_description":"- Drinkizz","og_url":"https:\/\/drinkizz.com\/vi\/chinh-sach-thanh-toan\/","og_site_name":"Drinkizz","article_publisher":"https:\/\/www.facebook.com\/drinkizz\/","article_modified_time":"2021-05-25T10:17:04+00:00","twitter_card":"summary_large_image","twitter_site":"@drinkizzorganic","twitter_misc":{"Est. reading time":"7 minutes"},"schema":{"@context":"https:\/\/schema.org","@graph":[{"@type":"Organization","@id":"https:\/\/drinkizz.com\/vi\/#organization","name":"Drinkizz","url":"https:\/\/drinkizz.com\/vi\/","sameAs":["https:\/\/www.facebook.com\/drinkizz\/","https:\/\/www.instagram.com\/drinkizz_one\/","https:\/\/www.linkedin.com\/company\/drinkizz\/","https:\/\/www.youtube.com\/channel\/UC3t0_ox_a4dlFBwu-Kiw4Ew","https:\/\/twitter.com\/drinkizzorganic"],"logo":{"@type":"ImageObject","@id":"https:\/\/drinkizz.com\/vi\/#logo","inLanguage":"vi-VN","url":"https:\/\/drinkizz.com\/wp-content\/uploads\/2020\/02\/LOGO_DRINKIZZ_DARK_20201218-scaled.jpg","contentUrl":"https:\/\/drinkizz.com\/wp-content\/uploads\/2020\/02\/LOGO_DRINKIZZ_DARK_20201218-scaled.jpg","width":1920,"height":1358,"caption":"Drinkizz"},"image":{"@id":"https:\/\/drinkizz.com\/vi\/#logo"}},{"@type":"WebSite","@id":"https:\/\/drinkizz.com\/vi\/#website","url":"https:\/\/drinkizz.com\/vi\/","name":"Drinkizz","description":"Kiss your Energy","publisher":{"@id":"https:\/\/drinkizz.com\/vi\/#organization"},"potentialAction":[{"@type":"SearchAction","target":{"@type":"EntryPoint","urlTemplate":"https:\/\/drinkizz.com\/vi\/?s={search_term_string}"},"query-input":"required name=search_term_string"}],"inLanguage":"vi-VN"},{"@type":["WebPage","FAQPage"],"@id":"https:\/\/drinkizz.com\/vi\/chinh-sach-thanh-toan\/#webpage","url":"https:\/\/drinkizz.com\/vi\/chinh-sach-thanh-toan\/","name":"Ch\u00ednh s\u00e1ch thanh to\u00e1n - Drinkizz","isPartOf":{"@id":"https:\/\/drinkizz.com\/vi\/#website"},"datePublished":"2021-05-25T03:59:48+00:00","dateModified":"2021-05-25T10:17:04+00:00","description":"- Drinkizz","breadcrumb":{"@id":"https:\/\/drinkizz.com\/vi\/chinh-sach-thanh-toan\/#breadcrumb"},"inLanguage":"vi-VN","potentialAction":[{"@type":"ReadAction","target":["https:\/\/drinkizz.com\/vi\/chinh-sach-thanh-toan\/"]}]},{"@type":"BreadcrumbList","@id":"https:\/\/drinkizz.com\/vi\/chinh-sach-thanh-toan\/#breadcrumb","itemListElement":[{"@type":"ListItem","position":1,"name":"Home","item":"https:\/\/drinkizz.com\/vi\/"},{"@type":"ListItem","position":2,"name":"Ch\u00ednh s\u00e1ch thanh to\u00e1n"}]}]}},"_links":{"self":[{"href":"https:\/\/drinkizz.com\/vi\/wp-json\/wp\/v2\/pages\/7203"}],"collection":[{"href":"https:\/\/drinkizz.com\/vi\/wp-json\/wp\/v2\/pages"}],"about":[{"href":"https:\/\/drinkizz.com\/vi\/wp-json\/wp\/v2\/types\/page"}],"author":[{"embeddable":true,"href":"https:\/\/drinkizz.com\/vi\/wp-json\/wp\/v2\/users\/31"}],"replies":[{"embeddable":true,"href":"https:\/\/drinkizz.com\/vi\/wp-json\/wp\/v2\/comments?post=7203"}],"version-history":[{"count":9,"href":"https:\/\/drinkizz.com\/vi\/wp-json\/wp\/v2\/pages\/7203\/revisions"}],"predecessor-version":[{"id":7248,"href":"https:\/\/drinkizz.com\/vi\/wp-json\/wp\/v2\/pages\/7203\/revisions\/7248"}],"wp:attachment":[{"href":"https:\/\/drinkizz.com\/vi\/wp-json\/wp\/v2\/media?parent=7203"}],"curies":[{"name":"wp","href":"https:\/\/api.w.org\/{rel}","templated":true}]}}