{"id":9323,"date":"2021-12-21T12:34:34","date_gmt":"2021-12-21T12:34:34","guid":{"rendered":"https:\/\/drinkizz.com\/thong-tin-bao-chi\/drinkizz-launches-organic-natural-energy-drink-and-experience-the-o-n-e-station\/"},"modified":"2021-12-28T03:50:02","modified_gmt":"2021-12-28T03:50:02","slug":"drinkizz-khai-truong-thuc-uong-nang-luong-tu-nhien-huu-co-o-n-e-va-trai-nghiem-mo-hinh-tram-nang-luong","status":"publish","type":"page","link":"https:\/\/drinkizz.com\/vi\/thong-tin-bao-chi\/drinkizz-khai-truong-thuc-uong-nang-luong-tu-nhien-huu-co-o-n-e-va-trai-nghiem-mo-hinh-tram-nang-luong\/","title":{"rendered":"Drinkizz khai tr\u01b0\u01a1ng Tr\u1ea1m N\u0103ng l\u01b0\u1ee3ng T\u1ef1 nhi\u00ean H\u1eefu c\u01a1"},"content":{"rendered":"\t\t<div data-elementor-type=\"wp-page\" data-elementor-id=\"9323\" class=\"elementor elementor-9323 elementor-9286\" data-elementor-settings=\"[]\">\n\t\t\t\t\t\t<div class=\"elementor-inner\">\n\t\t\t\t\t\t\t<div class=\"elementor-section-wrap\">\n\t\t\t\t\t\t\t<section class=\"elementor-section elementor-top-section elementor-element elementor-element-77203a4 elementor-section-boxed elementor-section-height-default elementor-section-height-default\" data-id=\"77203a4\" data-element_type=\"section\">\n\t\t\t\t\t\t<div class=\"elementor-container elementor-column-gap-default\">\n\t\t\t\t\t\t\t<div class=\"elementor-row\">\n\t\t\t\t\t<div class=\"elementor-column elementor-col-100 elementor-top-column elementor-element elementor-element-19cc0d4\" data-id=\"19cc0d4\" data-element_type=\"column\">\n\t\t\t<div class=\"elementor-column-wrap elementor-element-populated\">\n\t\t\t\t\t\t\t<div class=\"elementor-widget-wrap\">\n\t\t\t\t\t\t<div class=\"elementor-element elementor-element-4e1d686 elementor-widget elementor-widget-spacer\" data-id=\"4e1d686\" data-element_type=\"widget\" data-widget_type=\"spacer.default\">\n\t\t\t\t<div class=\"elementor-widget-container\">\n\t\t\t\t\t<div class=\"elementor-spacer\">\n\t\t\t<div class=\"elementor-spacer-inner\"><\/div>\n\t\t<\/div>\n\t\t\t\t<\/div>\n\t\t\t\t<\/div>\n\t\t\t\t\t\t<\/div>\n\t\t\t\t\t<\/div>\n\t\t<\/div>\n\t\t\t\t\t\t\t\t<\/div>\n\t\t\t\t\t<\/div>\n\t\t<\/section>\n\t\t\t\t<section class=\"elementor-section elementor-top-section elementor-element elementor-element-91dcc37 elementor-section-boxed elementor-section-height-default elementor-section-height-default\" data-id=\"91dcc37\" data-element_type=\"section\">\n\t\t\t\t\t\t<div class=\"elementor-container elementor-column-gap-default\">\n\t\t\t\t\t\t\t<div class=\"elementor-row\">\n\t\t\t\t\t<div class=\"elementor-column elementor-col-100 elementor-top-column elementor-element elementor-element-82eba5d\" data-id=\"82eba5d\" data-element_type=\"column\">\n\t\t\t<div class=\"elementor-column-wrap elementor-element-populated\">\n\t\t\t\t\t\t\t<div class=\"elementor-widget-wrap\">\n\t\t\t\t\t\t<div class=\"elementor-element elementor-element-b738319 elementor-widget elementor-widget-heading\" data-id=\"b738319\" data-element_type=\"widget\" data-widget_type=\"heading.default\">\n\t\t\t\t<div class=\"elementor-widget-container\">\n\t\t\t<h2 class=\"elementor-heading-title elementor-size-default\">Drinkizz khai tr\u01b0\u01a1ng th\u1ee9c u\u1ed1ng N\u0103ng L\u01b0\u1ee3ng T\u1ef1 Nhi\u00ean H\u1eefu C\u01a1 (O.N.E)\nv\u00e0 tr\u1ea3i nghi\u1ec7m m\u00f4 h\u00ecnh tr\u1ea1m N\u0103ng L\u01b0\u1ee3ng\n<\/h2>\t\t<\/div>\n\t\t\t\t<\/div>\n\t\t\t\t\t\t<\/div>\n\t\t\t\t\t<\/div>\n\t\t<\/div>\n\t\t\t\t\t\t\t\t<\/div>\n\t\t\t\t\t<\/div>\n\t\t<\/section>\n\t\t\t\t<section class=\"elementor-section elementor-top-section elementor-element elementor-element-86b0b6e elementor-section-boxed elementor-section-height-default elementor-section-height-default\" data-id=\"86b0b6e\" data-element_type=\"section\">\n\t\t\t\t\t\t<div class=\"elementor-container elementor-column-gap-default\">\n\t\t\t\t\t\t\t<div class=\"elementor-row\">\n\t\t\t\t\t<div class=\"elementor-column elementor-col-100 elementor-top-column elementor-element elementor-element-080d957\" data-id=\"080d957\" data-element_type=\"column\">\n\t\t\t<div class=\"elementor-column-wrap elementor-element-populated\">\n\t\t\t\t\t\t\t<div class=\"elementor-widget-wrap\">\n\t\t\t\t\t\t<div class=\"elementor-element elementor-element-a656933 elementor-widget-divider--view-line elementor-widget elementor-widget-divider\" data-id=\"a656933\" data-element_type=\"widget\" data-widget_type=\"divider.default\">\n\t\t\t\t<div class=\"elementor-widget-container\">\n\t\t\t\t\t<div class=\"elementor-divider\">\n\t\t\t<span class=\"elementor-divider-separator\">\n\t\t\t\t\t\t<\/span>\n\t\t<\/div>\n\t\t\t\t<\/div>\n\t\t\t\t<\/div>\n\t\t\t\t\t\t<\/div>\n\t\t\t\t\t<\/div>\n\t\t<\/div>\n\t\t\t\t\t\t\t\t<\/div>\n\t\t\t\t\t<\/div>\n\t\t<\/section>\n\t\t\t\t<section class=\"elementor-section elementor-top-section elementor-element elementor-element-3ec5dd4 elementor-section-boxed elementor-section-height-default elementor-section-height-default\" data-id=\"3ec5dd4\" data-element_type=\"section\">\n\t\t\t\t\t\t<div class=\"elementor-container elementor-column-gap-default\">\n\t\t\t\t\t\t\t<div class=\"elementor-row\">\n\t\t\t\t\t<div class=\"elementor-column elementor-col-50 elementor-top-column elementor-element elementor-element-7938679\" data-id=\"7938679\" data-element_type=\"column\">\n\t\t\t<div class=\"elementor-column-wrap elementor-element-populated\">\n\t\t\t\t\t\t\t<div class=\"elementor-widget-wrap\">\n\t\t\t\t\t\t<section class=\"elementor-section elementor-inner-section elementor-element elementor-element-129c306 elementor-section-boxed elementor-section-height-default elementor-section-height-default\" data-id=\"129c306\" data-element_type=\"section\">\n\t\t\t\t\t\t<div class=\"elementor-container elementor-column-gap-default\">\n\t\t\t\t\t\t\t<div class=\"elementor-row\">\n\t\t\t\t\t<div class=\"elementor-column elementor-col-100 elementor-inner-column elementor-element elementor-element-5a4cf8e\" data-id=\"5a4cf8e\" data-element_type=\"column\">\n\t\t\t<div class=\"elementor-column-wrap elementor-element-populated\">\n\t\t\t\t\t\t\t<div class=\"elementor-widget-wrap\">\n\t\t\t\t\t\t<div class=\"elementor-element elementor-element-1ea2bd5 elementor-widget elementor-widget-text-editor\" data-id=\"1ea2bd5\" data-element_type=\"widget\" data-widget_type=\"text-editor.default\">\n\t\t\t\t<div class=\"elementor-widget-container\">\n\t\t\t\t\t\t\t\t<div class=\"elementor-text-editor elementor-clearfix\">\n\t\t\t\t<p><i><span style=\"font-weight: 400;\">L\u1eddi \u0111\u1ea7u ti\u00ean, Drinkizz th\u00e2n g\u1eedi l\u1eddi ch\u00fac s\u1ee9c kh\u1ecfe \u0111\u1ebfn Qu\u00fd Anh\/ Ch\u1ecb ph\u00f3ng vi\u00ean!<\/span><\/i><\/p><p><span style=\"font-weight: 400;\">\u0110\u01b0\u1ee3c th\u00e0nh l\u1eadp t\u1ea1i Singapore v\u00e0o th\u00e1ng 8 n\u0103m 2019, v\u00e0 t\u1ea1i Vi\u1ec7t nam th\u00e1ng 1 n\u0103m 2020, Drinkizz l\u00e0 c\u00f4ng ty \u0111\u1ed5i m\u1edbi s\u00e1ng t\u1ea1o cung c\u1ea5p th\u1ee9c u\u1ed1ng <strong>N\u0103ng L\u01b0\u1ee3ng T\u1ef1 Nhi\u00ean H\u1eefu C\u01a1 (O.N.E)<\/strong> \u0111\u1ea7u ti\u00ean tr\u00ean th\u1ebf gi\u1edbi.<\/span><span style=\"font-weight: 400;\">\u00a0<\/span><\/p><p><span style=\"font-weight: 400;\">T\u1ea7m nh\u00ecn c\u1ee7a ch\u00fang t\u00f4i r\u1ea5t \u0111\u01a1n gi\u1ea3n v\u00e0 m\u1ea1nh m\u1ebd, tr\u1edf th\u00e0nh c\u00f4ng ty ch\u0103m s\u00f3c <\/span><b><i>N\u0103ng l\u01b0\u1ee3ng t\u00edch c\u1ef1c <\/i><\/b><span style=\"font-weight: 400;\">cho kh\u00e1ch h\u00e0ng, nh\u00e2n vi\u00ean v\u00e0 c\u00e1c \u0111\u1ed1i t\u00e1c kh\u00e1c trong chu\u1ed7i gi\u00e1 tr\u1ecb, \u0111\u1eb7c bi\u1ec7t l\u00e0 nh\u1eefng ng\u01b0\u1eddi n\u00f4ng d\u00e2n \u0111ang l\u00e0m vi\u1ec7c b\u1ec1n b\u1ec9 cho n\u00f4ng nghi\u1ec7p h\u1eefu c\u01a1.<\/span><\/p><p><span style=\"font-weight: 400;\">L\u00e0 m\u1ed9t c\u00f4ng ty \u0111\u1ed5i m\u1edbi s\u00e1ng t\u1ea1o cung c\u1ea5p ngu\u1ed3n n\u0103ng l\u01b0\u1ee3ng qua hai n\u0103m t\u00e2m\u00a0 d\u1ecbch Covid, ch\u00fang t\u00f4i hi\u1ec3u r\u1eb1ng h\u1ec7 mi\u1ec5n d\u1ecbch c\u1ee7a ch\u00fang ta \u0111ang r\u1ea5t nh\u1ea1y c\u1ea3m. V\u00e0 vi\u1ec7c c\u00e2n b\u1eb1ng n\u0103ng l\u01b0\u1ee3ng\u00a0 gi\u1eefa c\u00e1c c\u0103ng th\u1eb3ng trong ng\u00e0y l\u00e0 m\u1ed9t \u0111i\u1ec1u c\u1ea7n thi\u1ebft \u0111\u1ec3 v\u1eefng b\u01b0\u1edbc qua m\u00f9a d\u1ecbch. <\/span><span style=\"font-weight: 400;\">Ch\u00ednh v\u00ec v\u1eady, ch\u00fang t\u00f4i \u0111\u00e3 n\u1ed7 l\u1ef1c cho ra \u0111\u1eddi c\u1eeda h\u00e0ng tr\u1ea3i nghi\u1ec7m \u2013 Tr\u1ea1m N\u0103ng L\u01b0\u1ee3ng T\u1ef1 Nhi\u00ean H\u1eefu C\u01a1 t\u1ea1i s\u1ed1 14 Nguy\u1ec5n V\u0103n Th\u1ee7, ph\u01b0\u1eddng \u0110a Kao, Qu\u1eadn 1, Th\u00e0nh ph\u1ed1 H\u1ed3 Ch\u00ed Minh.<\/span><\/p><p><span style=\"font-weight: 400;\">Ngo\u00e0i cung c\u1ea5p c\u00e1c th\u1ee9c u\u1ed1ng ch\u1ea5t l\u01b0\u1ee3ng, tr\u1ea1m n\u0103ng l\u01b0\u1ee3ng c\u00f2n gi\u00fap c\u1ed9ng \u0111\u1ed3ng O.N.E kh\u00e1m ph\u00e1 v\u00e0 k\u1ebft n\u1ed1i v\u1edbi c\u00e1c th\u00f3i quen c\u1ee7a phong c\u00e1ch s\u1ed1ng l\u00e0nh m\u1ea1nh,\u00a0 nh\u01b0 th\u1ef1c ph\u1ea9m v\u00e0 \u0111\u1ed3 u\u1ed1ng h\u1eefu c\u01a1, t\u1eadp th\u1ec3 d\u1ee5c v\u00e0 duy tr\u00ec c\u00e1c th\u00f3i quen t\u00edch c\u1ef1c. Ch\u01b0\u01a1ng tr\u00ecnh ONE day O.N.E Drinkizz \u0111\u01b0\u1ee3c t\u1ed5 ch\u1ee9c online v\u00e0 offline t\u1eeb 01\/01\/2022 \u0111\u1ebfn 30\/06\/2022 gi\u00fap k\u1ebft n\u1ed1i v\u00e0 \u0111\u1ea3m b\u1ea3o n\u0103ng l\u01b0\u1ee3ng t\u00edch c\u1ef1c c\u1ee7a b\u1ea1n trong v\u00f2ng 24h \u0111\u1ec3 duy tr\u00ec s\u1ef1 b\u00ecnh an v\u00e0 theo \u0111u\u1ed5i \u0111am m\u00ea m\u1ed9t c\u00e1ch b\u1ec1n v\u1eefng<\/span><\/p><p><span style=\"font-weight: 400;\">V\u1edbi mong mu\u1ed1n lan to\u1ea3 hai gi\u00e1 tr\u1ecb c\u1ed1t l\u00f5i c\u1ee7a Drinkizz l\u00e0 n\u0103ng l\u01b0\u1ee3ng t\u00edch c\u1ef1c v\u00e0 minh b\u1ea1ch, ch\u00fang t\u00f4i hy v\u1ecdng mong nh\u1eadn \u0111\u01b0\u1ee3c s\u1ef1 quan t\u00e2m, h\u1ed7 tr\u1ee3 t\u1eeb qu\u00fd Anh\/Ch\u1ecb\/Em ph\u00f3ng vi\u00ean d\u00e0nh cho th\u00f4ng tin m\u1edbi nh\u1ea5t v\u1ec1 s\u1ef1 ki\u1ec7n khai tr\u01b0\u01a1ng Tr\u1ea1m n\u0103ng l\u01b0\u1ee3ng t\u1ef1 nhi\u00ean h\u1eefu c\u01a1 c\u1ee7a Drinkizz!<\/span><\/p><p><span style=\"font-weight: 400;\">C\u1ea3m \u01a1n r\u1ea5t nhi\u1ec1u v\u00ec N\u0103ng l\u01b0\u1ee3ng c\u1ee7a qu\u00fd Anh\/Ch\u1ecb\/Em!<\/span><\/p><p><span style=\"font-weight: 400;\">Tr\u00e2n tr\u1ecdng, Tyna v\u00e0 Team Drinkizz!<\/span><\/p>\t\t\t\t\t<\/div>\n\t\t\t\t\t\t<\/div>\n\t\t\t\t<\/div>\n\t\t\t\t\t\t<\/div>\n\t\t\t\t\t<\/div>\n\t\t<\/div>\n\t\t\t\t\t\t\t\t<\/div>\n\t\t\t\t\t<\/div>\n\t\t<\/section>\n\t\t\t\t\t\t<\/div>\n\t\t\t\t\t<\/div>\n\t\t<\/div>\n\t\t\t\t<div class=\"elementor-column elementor-col-50 elementor-top-column elementor-element elementor-element-6b29ab3\" data-id=\"6b29ab3\" data-element_type=\"column\">\n\t\t\t<div class=\"elementor-column-wrap elementor-element-populated\">\n\t\t\t\t\t\t\t<div class=\"elementor-widget-wrap\">\n\t\t\t\t\t\t<div class=\"elementor-element elementor-element-b14bacd elementor-widget elementor-widget-image\" data-id=\"b14bacd\" data-element_type=\"widget\" data-widget_type=\"image.default\">\n\t\t\t\t<div class=\"elementor-widget-container\">\n\t\t\t\t\t\t\t\t<div class=\"elementor-image\">\n\t\t\t\t\t\t\t\t\t\t\t\t<img loading=\"lazy\" decoding=\"async\" width=\"1024\" height=\"1024\" src=\"https:\/\/drinkizz.com\/wp-content\/uploads\/2021\/12\/1-2-1-1024x1024.png\" class=\"attachment-large size-large\" alt=\"\" srcset=\"https:\/\/drinkizz.com\/wp-content\/uploads\/2021\/12\/1-2-1-1024x1024.png 1024w, https:\/\/drinkizz.com\/wp-content\/uploads\/2021\/12\/1-2-1-300x300.png 300w, https:\/\/drinkizz.com\/wp-content\/uploads\/2021\/12\/1-2-1-150x150.png 150w, https:\/\/drinkizz.com\/wp-content\/uploads\/2021\/12\/1-2-1-768x768.png 768w, https:\/\/drinkizz.com\/wp-content\/uploads\/2021\/12\/1-2-1-100x100.png 100w, https:\/\/drinkizz.com\/wp-content\/uploads\/2021\/12\/1-2-1-80x80.png 80w, https:\/\/drinkizz.com\/wp-content\/uploads\/2021\/12\/1-2-1-394x394.png 394w, https:\/\/drinkizz.com\/wp-content\/uploads\/2021\/12\/1-2-1-303x303.png 303w, https:\/\/drinkizz.com\/wp-content\/uploads\/2021\/12\/1-2-1-605x605.png 605w, https:\/\/drinkizz.com\/wp-content\/uploads\/2021\/12\/1-2-1-700x700.png 700w, https:\/\/drinkizz.com\/wp-content\/uploads\/2021\/12\/1-2-1-950x950.png 950w, https:\/\/drinkizz.com\/wp-content\/uploads\/2021\/12\/1-2-1-1080x1080.png 1080w, https:\/\/drinkizz.com\/wp-content\/uploads\/2021\/12\/1-2-1-600x600.png 600w, https:\/\/drinkizz.com\/wp-content\/uploads\/2021\/12\/1-2-1.png 1500w\" sizes=\"(max-width: 1024px) 100vw, 1024px\" \/>\t\t\t\t\t\t\t\t\t\t\t\t\t\t<\/div>\n\t\t\t\t\t\t<\/div>\n\t\t\t\t<\/div>\n\t\t\t\t\t\t<\/div>\n\t\t\t\t\t<\/div>\n\t\t<\/div>\n\t\t\t\t\t\t\t\t<\/div>\n\t\t\t\t\t<\/div>\n\t\t<\/section>\n\t\t\t\t\t\t<\/div>\n\t\t\t\t\t\t<\/div>\n\t\t\t\t\t<\/div>\n\t\t","protected":false},"excerpt":{"rendered":"<p>Drinkizz khai tr\u01b0\u01a1ng th\u1ee9c u\u1ed1ng N\u0103ng L\u01b0\u1ee3ng T\u1ef1 Nhi\u00ean H\u1eefu C\u01a1 (O.N.E) v\u00e0 tr\u1ea3i nghi\u1ec7m m\u00f4 h\u00ecnh tr\u1ea1m N\u0103ng L\u01b0\u1ee3ng L\u1eddi \u0111\u1ea7u ti\u00ean, Drinkizz th\u00e2n g\u1eedi l\u1eddi ch\u00fac s\u1ee9c kh\u1ecfe \u0111\u1ebfn Qu\u00fd Anh\/ Ch\u1ecb ph\u00f3ng vi\u00ean! \u0110\u01b0\u1ee3c th\u00e0nh l\u1eadp t\u1ea1i &hellip; <a href=\"\">Read More<\/a><\/p>\n","protected":false},"author":31,"featured_media":9324,"parent":5488,"menu_order":0,"comment_status":"closed","ping_status":"closed","template":"","meta":{"footnotes":""},"yoast_head":"<!-- This site is optimized with the Yoast SEO plugin v17.0 - https:\/\/yoast.com\/wordpress\/plugins\/seo\/ -->\n<title>Drinkizz khai tr\u01b0\u01a1ng Tr\u1ea1m N\u0103ng l\u01b0\u1ee3ng T\u1ef1 nhi\u00ean H\u1eefu c\u01a1 - Drinkizz<\/title>\n<meta name=\"description\" content=\"- Drinkizz\" \/>\n<meta name=\"robots\" content=\"noindex, nofollow\" \/>\n<meta property=\"og:locale\" content=\"vi_VN\" \/>\n<meta property=\"og:type\" content=\"article\" \/>\n<meta property=\"og:title\" content=\"Drinkizz khai tr\u01b0\u01a1ng Tr\u1ea1m N\u0103ng l\u01b0\u1ee3ng T\u1ef1 nhi\u00ean H\u1eefu c\u01a1 - Drinkizz\" \/>\n<meta property=\"og:description\" content=\"- Drinkizz\" \/>\n<meta property=\"og:url\" content=\"https:\/\/drinkizz.com\/vi\/thong-tin-bao-chi\/drinkizz-khai-truong-thuc-uong-nang-luong-tu-nhien-huu-co-o-n-e-va-trai-nghiem-mo-hinh-tram-nang-luong\/\" \/>\n<meta property=\"og:site_name\" content=\"Drinkizz\" \/>\n<meta property=\"article:publisher\" content=\"https:\/\/www.facebook.com\/drinkizz\/\" \/>\n<meta property=\"article:modified_time\" content=\"2021-12-28T03:50:02+00:00\" \/>\n<meta property=\"og:image\" content=\"https:\/\/drinkizz.com\/wp-content\/uploads\/2021\/12\/1-2-1.png\" \/>\n\t<meta property=\"og:image:width\" content=\"1500\" \/>\n\t<meta property=\"og:image:height\" content=\"1500\" \/>\n<meta name=\"twitter:card\" content=\"summary_large_image\" \/>\n<meta name=\"twitter:site\" content=\"@drinkizzorganic\" \/>\n<meta name=\"twitter:label1\" content=\"Est. reading time\" \/>\n\t<meta name=\"twitter:data1\" content=\"2 minutes\" \/>\n<script type=\"application\/ld+json\" class=\"yoast-schema-graph\">{\"@context\":\"https:\/\/schema.org\",\"@graph\":[{\"@type\":\"Organization\",\"@id\":\"https:\/\/drinkizz.com\/vi\/#organization\",\"name\":\"Drinkizz\",\"url\":\"https:\/\/drinkizz.com\/vi\/\",\"sameAs\":[\"https:\/\/www.facebook.com\/drinkizz\/\",\"https:\/\/www.instagram.com\/drinkizz_one\/\",\"https:\/\/www.linkedin.com\/company\/drinkizz\/\",\"https:\/\/www.youtube.com\/channel\/UC3t0_ox_a4dlFBwu-Kiw4Ew\",\"https:\/\/twitter.com\/drinkizzorganic\"],\"logo\":{\"@type\":\"ImageObject\",\"@id\":\"https:\/\/drinkizz.com\/vi\/#logo\",\"inLanguage\":\"vi-VN\",\"url\":\"https:\/\/drinkizz.com\/wp-content\/uploads\/2020\/02\/LOGO_DRINKIZZ_DARK_20201218-scaled.jpg\",\"contentUrl\":\"https:\/\/drinkizz.com\/wp-content\/uploads\/2020\/02\/LOGO_DRINKIZZ_DARK_20201218-scaled.jpg\",\"width\":1920,\"height\":1358,\"caption\":\"Drinkizz\"},\"image\":{\"@id\":\"https:\/\/drinkizz.com\/vi\/#logo\"}},{\"@type\":\"WebSite\",\"@id\":\"https:\/\/drinkizz.com\/vi\/#website\",\"url\":\"https:\/\/drinkizz.com\/vi\/\",\"name\":\"Drinkizz\",\"description\":\"Kiss your Energy\",\"publisher\":{\"@id\":\"https:\/\/drinkizz.com\/vi\/#organization\"},\"potentialAction\":[{\"@type\":\"SearchAction\",\"target\":{\"@type\":\"EntryPoint\",\"urlTemplate\":\"https:\/\/drinkizz.com\/vi\/?s={search_term_string}\"},\"query-input\":\"required name=search_term_string\"}],\"inLanguage\":\"vi-VN\"},{\"@type\":\"ImageObject\",\"@id\":\"https:\/\/drinkizz.com\/vi\/thong-tin-bao-chi\/drinkizz-khai-truong-thuc-uong-nang-luong-tu-nhien-huu-co-o-n-e-va-trai-nghiem-mo-hinh-tram-nang-luong\/#primaryimage\",\"inLanguage\":\"vi-VN\",\"url\":\"https:\/\/drinkizz.com\/wp-content\/uploads\/2021\/12\/1-2-1.png\",\"contentUrl\":\"https:\/\/drinkizz.com\/wp-content\/uploads\/2021\/12\/1-2-1.png\",\"width\":1500,\"height\":1500},{\"@type\":[\"WebPage\",\"SearchResultsPage\"],\"@id\":\"https:\/\/drinkizz.com\/vi\/thong-tin-bao-chi\/drinkizz-khai-truong-thuc-uong-nang-luong-tu-nhien-huu-co-o-n-e-va-trai-nghiem-mo-hinh-tram-nang-luong\/#webpage\",\"url\":\"https:\/\/drinkizz.com\/vi\/thong-tin-bao-chi\/drinkizz-khai-truong-thuc-uong-nang-luong-tu-nhien-huu-co-o-n-e-va-trai-nghiem-mo-hinh-tram-nang-luong\/\",\"name\":\"Drinkizz khai tr\\u01b0\\u01a1ng Tr\\u1ea1m N\\u0103ng l\\u01b0\\u1ee3ng T\\u1ef1 nhi\\u00ean H\\u1eefu c\\u01a1 - Drinkizz\",\"isPartOf\":{\"@id\":\"https:\/\/drinkizz.com\/vi\/#website\"},\"primaryImageOfPage\":{\"@id\":\"https:\/\/drinkizz.com\/vi\/thong-tin-bao-chi\/drinkizz-khai-truong-thuc-uong-nang-luong-tu-nhien-huu-co-o-n-e-va-trai-nghiem-mo-hinh-tram-nang-luong\/#primaryimage\"},\"datePublished\":\"2021-12-21T12:34:34+00:00\",\"dateModified\":\"2021-12-28T03:50:02+00:00\",\"description\":\"- Drinkizz\",\"breadcrumb\":{\"@id\":\"https:\/\/drinkizz.com\/vi\/thong-tin-bao-chi\/drinkizz-khai-truong-thuc-uong-nang-luong-tu-nhien-huu-co-o-n-e-va-trai-nghiem-mo-hinh-tram-nang-luong\/#breadcrumb\"},\"inLanguage\":\"vi-VN\",\"potentialAction\":[{\"@type\":\"ReadAction\",\"target\":[\"https:\/\/drinkizz.com\/vi\/thong-tin-bao-chi\/drinkizz-khai-truong-thuc-uong-nang-luong-tu-nhien-huu-co-o-n-e-va-trai-nghiem-mo-hinh-tram-nang-luong\/\"]}]},{\"@type\":\"BreadcrumbList\",\"@id\":\"https:\/\/drinkizz.com\/vi\/thong-tin-bao-chi\/drinkizz-khai-truong-thuc-uong-nang-luong-tu-nhien-huu-co-o-n-e-va-trai-nghiem-mo-hinh-tram-nang-luong\/#breadcrumb\",\"itemListElement\":[{\"@type\":\"ListItem\",\"position\":1,\"name\":\"Home\",\"item\":\"https:\/\/drinkizz.com\/vi\/\"},{\"@type\":\"ListItem\",\"position\":2,\"name\":\"TH\\u00d4NG TIN B\\u00c1O CH\\u00cd\",\"item\":\"https:\/\/drinkizz.com\/vi\/thong-tin-bao-chi\/\"},{\"@type\":\"ListItem\",\"position\":3,\"name\":\"Drinkizz khai tr\\u01b0\\u01a1ng Tr\\u1ea1m N\\u0103ng l\\u01b0\\u1ee3ng T\\u1ef1 nhi\\u00ean H\\u1eefu c\\u01a1\"}]}]}<\/script>\n<!-- \/ Yoast SEO plugin. -->","yoast_head_json":{"title":"Drinkizz khai tr\u01b0\u01a1ng Tr\u1ea1m N\u0103ng l\u01b0\u1ee3ng T\u1ef1 nhi\u00ean H\u1eefu c\u01a1 - Drinkizz","description":"- Drinkizz","robots":{"index":"noindex","follow":"nofollow"},"og_locale":"vi_VN","og_type":"article","og_title":"Drinkizz khai tr\u01b0\u01a1ng Tr\u1ea1m N\u0103ng l\u01b0\u1ee3ng T\u1ef1 nhi\u00ean H\u1eefu c\u01a1 - Drinkizz","og_description":"- Drinkizz","og_url":"https:\/\/drinkizz.com\/vi\/thong-tin-bao-chi\/drinkizz-khai-truong-thuc-uong-nang-luong-tu-nhien-huu-co-o-n-e-va-trai-nghiem-mo-hinh-tram-nang-luong\/","og_site_name":"Drinkizz","article_publisher":"https:\/\/www.facebook.com\/drinkizz\/","article_modified_time":"2021-12-28T03:50:02+00:00","og_image":[{"width":1500,"height":1500,"url":"https:\/\/drinkizz.com\/wp-content\/uploads\/2021\/12\/1-2-1.png","path":"\/\/drinkizz.com\/var\/www\/html\/drinkizz_com\/wp-content\/uploads\/2021\/12\/1-2-1.png","size":"full","id":9324,"alt":"","pixels":2250000,"type":"image\/png"}],"twitter_card":"summary_large_image","twitter_site":"@drinkizzorganic","twitter_misc":{"Est. reading time":"2 minutes"},"schema":{"@context":"https:\/\/schema.org","@graph":[{"@type":"Organization","@id":"https:\/\/drinkizz.com\/vi\/#organization","name":"Drinkizz","url":"https:\/\/drinkizz.com\/vi\/","sameAs":["https:\/\/www.facebook.com\/drinkizz\/","https:\/\/www.instagram.com\/drinkizz_one\/","https:\/\/www.linkedin.com\/company\/drinkizz\/","https:\/\/www.youtube.com\/channel\/UC3t0_ox_a4dlFBwu-Kiw4Ew","https:\/\/twitter.com\/drinkizzorganic"],"logo":{"@type":"ImageObject","@id":"https:\/\/drinkizz.com\/vi\/#logo","inLanguage":"vi-VN","url":"https:\/\/drinkizz.com\/wp-content\/uploads\/2020\/02\/LOGO_DRINKIZZ_DARK_20201218-scaled.jpg","contentUrl":"https:\/\/drinkizz.com\/wp-content\/uploads\/2020\/02\/LOGO_DRINKIZZ_DARK_20201218-scaled.jpg","width":1920,"height":1358,"caption":"Drinkizz"},"image":{"@id":"https:\/\/drinkizz.com\/vi\/#logo"}},{"@type":"WebSite","@id":"https:\/\/drinkizz.com\/vi\/#website","url":"https:\/\/drinkizz.com\/vi\/","name":"Drinkizz","description":"Kiss your Energy","publisher":{"@id":"https:\/\/drinkizz.com\/vi\/#organization"},"potentialAction":[{"@type":"SearchAction","target":{"@type":"EntryPoint","urlTemplate":"https:\/\/drinkizz.com\/vi\/?s={search_term_string}"},"query-input":"required name=search_term_string"}],"inLanguage":"vi-VN"},{"@type":"ImageObject","@id":"https:\/\/drinkizz.com\/vi\/thong-tin-bao-chi\/drinkizz-khai-truong-thuc-uong-nang-luong-tu-nhien-huu-co-o-n-e-va-trai-nghiem-mo-hinh-tram-nang-luong\/#primaryimage","inLanguage":"vi-VN","url":"https:\/\/drinkizz.com\/wp-content\/uploads\/2021\/12\/1-2-1.png","contentUrl":"https:\/\/drinkizz.com\/wp-content\/uploads\/2021\/12\/1-2-1.png","width":1500,"height":1500},{"@type":["WebPage","SearchResultsPage"],"@id":"https:\/\/drinkizz.com\/vi\/thong-tin-bao-chi\/drinkizz-khai-truong-thuc-uong-nang-luong-tu-nhien-huu-co-o-n-e-va-trai-nghiem-mo-hinh-tram-nang-luong\/#webpage","url":"https:\/\/drinkizz.com\/vi\/thong-tin-bao-chi\/drinkizz-khai-truong-thuc-uong-nang-luong-tu-nhien-huu-co-o-n-e-va-trai-nghiem-mo-hinh-tram-nang-luong\/","name":"Drinkizz khai tr\u01b0\u01a1ng Tr\u1ea1m N\u0103ng l\u01b0\u1ee3ng T\u1ef1 nhi\u00ean H\u1eefu c\u01a1 - Drinkizz","isPartOf":{"@id":"https:\/\/drinkizz.com\/vi\/#website"},"primaryImageOfPage":{"@id":"https:\/\/drinkizz.com\/vi\/thong-tin-bao-chi\/drinkizz-khai-truong-thuc-uong-nang-luong-tu-nhien-huu-co-o-n-e-va-trai-nghiem-mo-hinh-tram-nang-luong\/#primaryimage"},"datePublished":"2021-12-21T12:34:34+00:00","dateModified":"2021-12-28T03:50:02+00:00","description":"- Drinkizz","breadcrumb":{"@id":"https:\/\/drinkizz.com\/vi\/thong-tin-bao-chi\/drinkizz-khai-truong-thuc-uong-nang-luong-tu-nhien-huu-co-o-n-e-va-trai-nghiem-mo-hinh-tram-nang-luong\/#breadcrumb"},"inLanguage":"vi-VN","potentialAction":[{"@type":"ReadAction","target":["https:\/\/drinkizz.com\/vi\/thong-tin-bao-chi\/drinkizz-khai-truong-thuc-uong-nang-luong-tu-nhien-huu-co-o-n-e-va-trai-nghiem-mo-hinh-tram-nang-luong\/"]}]},{"@type":"BreadcrumbList","@id":"https:\/\/drinkizz.com\/vi\/thong-tin-bao-chi\/drinkizz-khai-truong-thuc-uong-nang-luong-tu-nhien-huu-co-o-n-e-va-trai-nghiem-mo-hinh-tram-nang-luong\/#breadcrumb","itemListElement":[{"@type":"ListItem","position":1,"name":"Home","item":"https:\/\/drinkizz.com\/vi\/"},{"@type":"ListItem","position":2,"name":"TH\u00d4NG TIN B\u00c1O CH\u00cd","item":"https:\/\/drinkizz.com\/vi\/thong-tin-bao-chi\/"},{"@type":"ListItem","position":3,"name":"Drinkizz khai tr\u01b0\u01a1ng Tr\u1ea1m N\u0103ng l\u01b0\u1ee3ng T\u1ef1 nhi\u00ean H\u1eefu c\u01a1"}]}]}},"_links":{"self":[{"href":"https:\/\/drinkizz.com\/vi\/wp-json\/wp\/v2\/pages\/9323"}],"collection":[{"href":"https:\/\/drinkizz.com\/vi\/wp-json\/wp\/v2\/pages"}],"about":[{"href":"https:\/\/drinkizz.com\/vi\/wp-json\/wp\/v2\/types\/page"}],"author":[{"embeddable":true,"href":"https:\/\/drinkizz.com\/vi\/wp-json\/wp\/v2\/users\/31"}],"replies":[{"embeddable":true,"href":"https:\/\/drinkizz.com\/vi\/wp-json\/wp\/v2\/comments?post=9323"}],"version-history":[{"count":21,"href":"https:\/\/drinkizz.com\/vi\/wp-json\/wp\/v2\/pages\/9323\/revisions"}],"predecessor-version":[{"id":9687,"href":"https:\/\/drinkizz.com\/vi\/wp-json\/wp\/v2\/pages\/9323\/revisions\/9687"}],"up":[{"embeddable":true,"href":"https:\/\/drinkizz.com\/vi\/wp-json\/wp\/v2\/pages\/5488"}],"wp:featuredmedia":[{"embeddable":true,"href":"https:\/\/drinkizz.com\/vi\/wp-json\/wp\/v2\/media\/9324"}],"wp:attachment":[{"href":"https:\/\/drinkizz.com\/vi\/wp-json\/wp\/v2\/media?parent=9323"}],"curies":[{"name":"wp","href":"https:\/\/api.w.org\/{rel}","templated":true}]}}