{"id":4528,"date":"2020-08-31T16:45:30","date_gmt":"2020-08-31T16:45:30","guid":{"rendered":"https:\/\/drinkizz.com\/product\/organic-energy-sparkling-drinkizz-24-cans-x-250-ml\/"},"modified":"2020-12-01T05:36:07","modified_gmt":"2020-12-01T05:36:07","slug":"nuoc-nang-luong-huu-co-co-ga-drinkizz-24-lon-x-250-ml","status":"publish","type":"product","link":"https:\/\/drinkizz.com\/vi\/product\/nuoc-nang-luong-huu-co-co-ga-drinkizz-24-lon-x-250-ml\/","title":{"rendered":"N\u01af\u1edaC N\u0102NG L\u01af\u1ee2NG H\u1eeeU C\u01a0 C\u00d3 GA &#8211; 24 LON X 250 ML"},"content":{"rendered":"<p>[vc_row][vc_column][vc_column_text]<\/p>\n<ul>\n<li style=\"list-style-type: none;\">\n<ul>\n<li><strong>T\u00ean :<\/strong> N\u01b0\u1edbc N\u0103ng L\u01b0\u1ee3ng H\u1eefu C\u01a1 c\u00f3 Ga<\/li>\n<li><strong>Lo\u1ea1i :<\/strong> B\u1ee5p gi\u1ea5m | M\u0103ng tre| Tr\u00e0<\/li>\n<li><strong>Th\u1ec3 t\u00edch th\u1ef1c :<\/strong> 250ml \/ Lon<\/li>\n<li><strong>H\u1ea1n s\u1eed d\u1ee5ng :<\/strong> 6\u00a0th\u00e1ng v\u1edbi ng\u00e0y s\u1ea3n xu\u1ea5t v\u00e0 h\u1ea1n s\u1eed d\u1ee5ng xem d\u01b0\u1edbi \u0111\u00e1y lon. Kh\u00f4ng d\u00f9ng s\u1ea3n ph\u1ea9m qu\u00e1 h\u1ea1n s\u1eed d\u1ee5ng<\/li>\n<li><strong>H\u01b0\u1edbng d\u1eabn s\u1eed d\u1ee5ng :<\/strong> U\u1ed1ng l\u1ea1nh tr\u01b0c ti\u1ebfp sau khi m\u1edf lon\u00a0 ho\u1eb7c u\u1ed1ng v\u1edbi \u0111\u00e1.<\/li>\n<li><strong>H\u01b0\u1edbng d\u1eabn b\u1ea3o qu\u1ea3n :<\/strong> B\u1ea3o qu\u1ea3n l\u1ea1nh \u1edf nhi\u1ec7t \u0111\u1ed9 2-8 \u00b0C<\/li>\n<li><strong>Quy c\u00e1ch \u0111\u00f3ng g\u00f3i:<\/strong> 1 lon x 250ml, Th\u00f9ng 24 Lon x 250ml<\/li>\n<\/ul>\n<\/li>\n<\/ul>\n<p><strong>Ch\u1ee9ng nh\u1eadn h\u1eefu c\u01a1 b\u1edfi Ecocert SA :<\/strong><br \/>\n&#8211; EU<br \/>\n&#8211; USDA<\/p>\n<ul>\n<li>Ch\u1ee9ng nh\u1eadn Fair Trade theo ti\u00eau chu\u1ea9n Fair for Life : 27.6% t\u1ed5ng kh\u1ed1i l\u01b0\u1ee3ng nguy\u00ean li\u1ec7u. Ngu\u1ed3n g\u1ed1c: Vi\u1ec7t Nam. Truy c\u1eadp chi ti\u1ebft t\u1ea1i: www.Fairforlife.org<\/li>\n<li>H\u1ed1 s\u01a1 \u0111\u0103ng ky \u200e\u200et\u1ef1 c\u00f4ng b\u1ed1 s\u1ea3n ph\u1ea9m : S\u1ed1 TCB: 01\/DRINKIZZ\/2020<\/li>\n<li>Ch\u1ee9ng nh\u1eadn\u00a0 ti\u00eau chu\u1ea9n c\u1ee7a nh\u00e0 m\u00e1y : GMP, FDA, FSSC 22000, VSATTP<\/li>\n<\/ul>\n<p>[\/vc_column_text][\/vc_column][\/vc_row]<\/p>\n","protected":false},"excerpt":{"rendered":"<p><strong>(BAO G\u1ed2M THU\u1ebe GTGT)<\/strong><br \/>\nGu th\u1ea3o m\u1ed9c \u0111\u1ed5i m\u1edbi th\u01a1m m\u00e1t v\u00e0 dinh d\u01b0\u1ee1ng h\u1eefu c\u01a1 gi\u00fap b\u1ea1n tr\u00e0n \u0111\u1ea7y n\u0103ng l\u01b0\u1ee3ng t\u00edch c\u1ef1c v\u00e0 t\u01b0\u01a1i kh\u1ecfe m\u1ed7i ng\u00e0y &hellip; <a href=\"\">Read More<\/a><\/p>\n","protected":false},"featured_media":0,"comment_status":"closed","ping_status":"closed","template":"","meta":[],"product_cat":[123],"product_tag":[],"yoast_head":"<!-- This site is optimized with the Yoast SEO plugin v17.0 - https:\/\/yoast.com\/wordpress\/plugins\/seo\/ -->\n<title>N\u01af\u1edaC N\u0102NG L\u01af\u1ee2NG H\u1eeeU C\u01a0 C\u00d3 GA - 24 LON X 250 ML - Drinkizz<\/title>\n<meta name=\"robots\" content=\"index, follow, max-snippet:-1, max-image-preview:large, max-video-preview:-1\" \/>\n<link rel=\"canonical\" href=\"https:\/\/drinkizz.com\/vi\/product\/nuoc-nang-luong-huu-co-co-ga-drinkizz-24-lon-x-250-ml\/\" \/>\n<meta property=\"og:locale\" content=\"vi_VN\" \/>\n<meta property=\"og:type\" content=\"article\" \/>\n<meta property=\"og:title\" content=\"N\u01af\u1edaC N\u0102NG L\u01af\u1ee2NG H\u1eeeU C\u01a0 C\u00d3 GA - 24 LON X 250 ML - Drinkizz\" \/>\n<meta property=\"og:description\" content=\"(BAO G\u1ed2M THU\u1ebe GTGT) Gu th\u1ea3o m\u1ed9c \u0111\u1ed5i m\u1edbi th\u01a1m m\u00e1t v\u00e0 dinh d\u01b0\u1ee1ng h\u1eefu c\u01a1 gi\u00fap b\u1ea1n tr\u00e0n \u0111\u1ea7y n\u0103ng l\u01b0\u1ee3ng t\u00edch c\u1ef1c v\u00e0 t\u01b0\u01a1i kh\u1ecfe m\u1ed7i ng\u00e0y &hellip; Read More\" \/>\n<meta property=\"og:url\" content=\"https:\/\/drinkizz.com\/vi\/product\/nuoc-nang-luong-huu-co-co-ga-drinkizz-24-lon-x-250-ml\/\" \/>\n<meta property=\"og:site_name\" content=\"Drinkizz\" \/>\n<meta property=\"article:publisher\" content=\"https:\/\/www.facebook.com\/drinkizz\/\" \/>\n<meta property=\"article:modified_time\" content=\"2020-12-01T05:36:07+00:00\" \/>\n<meta property=\"og:image\" content=\"https:\/\/drinkizz.com\/wp-content\/uploads\/2020\/08\/3D_BOX_DRINKIZZ_EN_20200704_750x750.jpg\" \/>\n\t<meta property=\"og:image:width\" content=\"750\" \/>\n\t<meta property=\"og:image:height\" content=\"750\" \/>\n<meta name=\"twitter:card\" content=\"summary_large_image\" \/>\n<meta name=\"twitter:site\" content=\"@drinkizzorganic\" \/>\n<meta name=\"twitter:label1\" content=\"Est. reading time\" \/>\n\t<meta name=\"twitter:data1\" content=\"1 minute\" \/>\n<script type=\"application\/ld+json\" class=\"yoast-schema-graph\">{\"@context\":\"https:\/\/schema.org\",\"@graph\":[{\"@type\":\"Organization\",\"@id\":\"https:\/\/drinkizz.com\/vi\/#organization\",\"name\":\"Drinkizz\",\"url\":\"https:\/\/drinkizz.com\/vi\/\",\"sameAs\":[\"https:\/\/www.facebook.com\/drinkizz\/\",\"https:\/\/www.instagram.com\/drinkizz_one\/\",\"https:\/\/www.linkedin.com\/company\/drinkizz\/\",\"https:\/\/www.youtube.com\/channel\/UC3t0_ox_a4dlFBwu-Kiw4Ew\",\"https:\/\/twitter.com\/drinkizzorganic\"],\"logo\":{\"@type\":\"ImageObject\",\"@id\":\"https:\/\/drinkizz.com\/vi\/#logo\",\"inLanguage\":\"vi-VN\",\"url\":\"https:\/\/drinkizz.com\/wp-content\/uploads\/2020\/02\/LOGO_DRINKIZZ_DARK_20201218-scaled.jpg\",\"contentUrl\":\"https:\/\/drinkizz.com\/wp-content\/uploads\/2020\/02\/LOGO_DRINKIZZ_DARK_20201218-scaled.jpg\",\"width\":1920,\"height\":1358,\"caption\":\"Drinkizz\"},\"image\":{\"@id\":\"https:\/\/drinkizz.com\/vi\/#logo\"}},{\"@type\":\"WebSite\",\"@id\":\"https:\/\/drinkizz.com\/vi\/#website\",\"url\":\"https:\/\/drinkizz.com\/vi\/\",\"name\":\"Drinkizz\",\"description\":\"Kiss your Energy\",\"publisher\":{\"@id\":\"https:\/\/drinkizz.com\/vi\/#organization\"},\"potentialAction\":[{\"@type\":\"SearchAction\",\"target\":{\"@type\":\"EntryPoint\",\"urlTemplate\":\"https:\/\/drinkizz.com\/vi\/?s={search_term_string}\"},\"query-input\":\"required name=search_term_string\"}],\"inLanguage\":\"vi-VN\"},{\"@type\":\"WebPage\",\"@id\":\"https:\/\/drinkizz.com\/vi\/product\/nuoc-nang-luong-huu-co-co-ga-drinkizz-24-lon-x-250-ml\/#webpage\",\"url\":\"https:\/\/drinkizz.com\/vi\/product\/nuoc-nang-luong-huu-co-co-ga-drinkizz-24-lon-x-250-ml\/\",\"name\":\"N\\u01af\\u1edaC N\\u0102NG L\\u01af\\u1ee2NG H\\u1eeeU C\\u01a0 C\\u00d3 GA - 24 LON X 250 ML - Drinkizz\",\"isPartOf\":{\"@id\":\"https:\/\/drinkizz.com\/vi\/#website\"},\"datePublished\":\"2020-08-31T16:45:30+00:00\",\"dateModified\":\"2020-12-01T05:36:07+00:00\",\"breadcrumb\":{\"@id\":\"https:\/\/drinkizz.com\/vi\/product\/nuoc-nang-luong-huu-co-co-ga-drinkizz-24-lon-x-250-ml\/#breadcrumb\"},\"inLanguage\":\"vi-VN\",\"potentialAction\":[{\"@type\":\"ReadAction\",\"target\":[\"https:\/\/drinkizz.com\/vi\/product\/nuoc-nang-luong-huu-co-co-ga-drinkizz-24-lon-x-250-ml\/\"]}]},{\"@type\":\"BreadcrumbList\",\"@id\":\"https:\/\/drinkizz.com\/vi\/product\/nuoc-nang-luong-huu-co-co-ga-drinkizz-24-lon-x-250-ml\/#breadcrumb\",\"itemListElement\":[{\"@type\":\"ListItem\",\"position\":1,\"name\":\"Home\",\"item\":\"https:\/\/drinkizz.com\/vi\/\"},{\"@type\":\"ListItem\",\"position\":2,\"name\":\"\"},{\"@type\":\"ListItem\",\"position\":3,\"name\":\"N\\u01af\\u1edaC N\\u0102NG L\\u01af\\u1ee2NG H\\u1eeeU C\\u01a0 C\\u00d3 GA &#8211; 24 LON X 250 ML\"}]}]}<\/script>\n<!-- \/ Yoast SEO plugin. -->","yoast_head_json":{"title":"N\u01af\u1edaC N\u0102NG L\u01af\u1ee2NG H\u1eeeU C\u01a0 C\u00d3 GA - 24 LON X 250 ML - Drinkizz","robots":{"index":"index","follow":"follow","max-snippet":"max-snippet:-1","max-image-preview":"max-image-preview:large","max-video-preview":"max-video-preview:-1"},"canonical":"https:\/\/drinkizz.com\/vi\/product\/nuoc-nang-luong-huu-co-co-ga-drinkizz-24-lon-x-250-ml\/","og_locale":"vi_VN","og_type":"article","og_title":"N\u01af\u1edaC N\u0102NG L\u01af\u1ee2NG H\u1eeeU C\u01a0 C\u00d3 GA - 24 LON X 250 ML - Drinkizz","og_description":"(BAO G\u1ed2M THU\u1ebe GTGT) Gu th\u1ea3o m\u1ed9c \u0111\u1ed5i m\u1edbi th\u01a1m m\u00e1t v\u00e0 dinh d\u01b0\u1ee1ng h\u1eefu c\u01a1 gi\u00fap b\u1ea1n tr\u00e0n \u0111\u1ea7y n\u0103ng l\u01b0\u1ee3ng t\u00edch c\u1ef1c v\u00e0 t\u01b0\u01a1i kh\u1ecfe m\u1ed7i ng\u00e0y &hellip; Read More","og_url":"https:\/\/drinkizz.com\/vi\/product\/nuoc-nang-luong-huu-co-co-ga-drinkizz-24-lon-x-250-ml\/","og_site_name":"Drinkizz","article_publisher":"https:\/\/www.facebook.com\/drinkizz\/","article_modified_time":"2020-12-01T05:36:07+00:00","og_image":[{"width":750,"height":750,"url":"https:\/\/drinkizz.com\/wp-content\/uploads\/2020\/08\/3D_BOX_DRINKIZZ_EN_20200704_750x750.jpg","path":"\/\/drinkizz.com\/var\/www\/wp-content\/uploads\/2020\/08\/3D_BOX_DRINKIZZ_EN_20200704_750x750.jpg","size":"full","id":3763,"alt":"","pixels":562500,"type":"image\/jpeg"}],"twitter_card":"summary_large_image","twitter_site":"@drinkizzorganic","twitter_misc":{"Est. reading time":"1 minute"},"schema":{"@context":"https:\/\/schema.org","@graph":[{"@type":"Organization","@id":"https:\/\/drinkizz.com\/vi\/#organization","name":"Drinkizz","url":"https:\/\/drinkizz.com\/vi\/","sameAs":["https:\/\/www.facebook.com\/drinkizz\/","https:\/\/www.instagram.com\/drinkizz_one\/","https:\/\/www.linkedin.com\/company\/drinkizz\/","https:\/\/www.youtube.com\/channel\/UC3t0_ox_a4dlFBwu-Kiw4Ew","https:\/\/twitter.com\/drinkizzorganic"],"logo":{"@type":"ImageObject","@id":"https:\/\/drinkizz.com\/vi\/#logo","inLanguage":"vi-VN","url":"https:\/\/drinkizz.com\/wp-content\/uploads\/2020\/02\/LOGO_DRINKIZZ_DARK_20201218-scaled.jpg","contentUrl":"https:\/\/drinkizz.com\/wp-content\/uploads\/2020\/02\/LOGO_DRINKIZZ_DARK_20201218-scaled.jpg","width":1920,"height":1358,"caption":"Drinkizz"},"image":{"@id":"https:\/\/drinkizz.com\/vi\/#logo"}},{"@type":"WebSite","@id":"https:\/\/drinkizz.com\/vi\/#website","url":"https:\/\/drinkizz.com\/vi\/","name":"Drinkizz","description":"Kiss your Energy","publisher":{"@id":"https:\/\/drinkizz.com\/vi\/#organization"},"potentialAction":[{"@type":"SearchAction","target":{"@type":"EntryPoint","urlTemplate":"https:\/\/drinkizz.com\/vi\/?s={search_term_string}"},"query-input":"required name=search_term_string"}],"inLanguage":"vi-VN"},{"@type":"WebPage","@id":"https:\/\/drinkizz.com\/vi\/product\/nuoc-nang-luong-huu-co-co-ga-drinkizz-24-lon-x-250-ml\/#webpage","url":"https:\/\/drinkizz.com\/vi\/product\/nuoc-nang-luong-huu-co-co-ga-drinkizz-24-lon-x-250-ml\/","name":"N\u01af\u1edaC N\u0102NG L\u01af\u1ee2NG H\u1eeeU C\u01a0 C\u00d3 GA - 24 LON X 250 ML - Drinkizz","isPartOf":{"@id":"https:\/\/drinkizz.com\/vi\/#website"},"datePublished":"2020-08-31T16:45:30+00:00","dateModified":"2020-12-01T05:36:07+00:00","breadcrumb":{"@id":"https:\/\/drinkizz.com\/vi\/product\/nuoc-nang-luong-huu-co-co-ga-drinkizz-24-lon-x-250-ml\/#breadcrumb"},"inLanguage":"vi-VN","potentialAction":[{"@type":"ReadAction","target":["https:\/\/drinkizz.com\/vi\/product\/nuoc-nang-luong-huu-co-co-ga-drinkizz-24-lon-x-250-ml\/"]}]},{"@type":"BreadcrumbList","@id":"https:\/\/drinkizz.com\/vi\/product\/nuoc-nang-luong-huu-co-co-ga-drinkizz-24-lon-x-250-ml\/#breadcrumb","itemListElement":[{"@type":"ListItem","position":1,"name":"Home","item":"https:\/\/drinkizz.com\/vi\/"},{"@type":"ListItem","position":2,"name":""},{"@type":"ListItem","position":3,"name":"N\u01af\u1edaC N\u0102NG L\u01af\u1ee2NG H\u1eeeU C\u01a0 C\u00d3 GA &#8211; 24 LON X 250 ML"}]}]}},"_links":{"self":[{"href":"https:\/\/drinkizz.com\/vi\/wp-json\/wp\/v2\/product\/4528"}],"collection":[{"href":"https:\/\/drinkizz.com\/vi\/wp-json\/wp\/v2\/product"}],"about":[{"href":"https:\/\/drinkizz.com\/vi\/wp-json\/wp\/v2\/types\/product"}],"replies":[{"embeddable":true,"href":"https:\/\/drinkizz.com\/vi\/wp-json\/wp\/v2\/comments?post=4528"}],"wp:attachment":[{"href":"https:\/\/drinkizz.com\/vi\/wp-json\/wp\/v2\/media?parent=4528"}],"wp:term":[{"taxonomy":"product_cat","embeddable":true,"href":"https:\/\/drinkizz.com\/vi\/wp-json\/wp\/v2\/product_cat?post=4528"},{"taxonomy":"product_tag","embeddable":true,"href":"https:\/\/drinkizz.com\/vi\/wp-json\/wp\/v2\/product_tag?post=4528"}],"curies":[{"name":"wp","href":"https:\/\/api.w.org\/{rel}","templated":true}]}}